{"id":15011,"date":"2025-08-20T13:38:57","date_gmt":"2025-08-20T11:38:57","guid":{"rendered":"https:\/\/la-ptite-cerise.be\/?post_type=product&#038;p=15011"},"modified":"2025-08-20T14:00:28","modified_gmt":"2025-08-20T12:00:28","slug":"le-sarrasin-facon-sobacha-bibo-copie","status":"publish","type":"product","link":"https:\/\/la-ptite-cerise.be\/en\/produit\/le-sarrasin-facon-sobacha-bibo-copie\/","title":{"rendered":"Ube \u2013 Poudre naturelle des Philippines (igname violette)"},"content":{"rendered":"<h2 data-start=\"3420\" data-end=\"3480\">\ud83c\udf38 Ube \u2013 Natural Purple Yam Powder from the Philippines<\/h2>\n<h3 data-start=\"3482\" data-end=\"3524\">Discover Ube and its unique benefits<\/h3>\n<p data-start=\"3525\" data-end=\"3799\">Straight from the <strong data-start=\"3543\" data-end=\"3558\">Philippines<\/strong>, <strong data-start=\"3560\" data-end=\"3567\">Ube<\/strong> (<em data-start=\"3569\" data-end=\"3586\">Dioscorea alata<\/em>) is a <strong data-start=\"3593\" data-end=\"3619\">100% natural superfood<\/strong> with a subtle <strong data-start=\"3634\" data-end=\"3666\">vanilla and hazelnut flavour<\/strong>. Its deep purple colour and naturally sweet taste make it a star ingredient for your <strong data-start=\"3752\" data-end=\"3796\">lattes, smoothies, pastries and desserts<\/strong>.<\/p>\n<p data-start=\"3801\" data-end=\"3874\">Non-GMO \u2013 No added sugar \u2013 No preservatives \u2013 No artificial colourings.<\/p>\n<hr data-start=\"3876\" data-end=\"3879\" \/>\n<h2 data-start=\"3881\" data-end=\"3907\">\u2728 Ube Powder Benefits<\/h2>\n<ul data-start=\"3908\" data-end=\"4157\">\n<li data-start=\"3908\" data-end=\"3948\">\n<p data-start=\"3910\" data-end=\"3948\">Packed with <strong data-start=\"3922\" data-end=\"3946\">natural antioxidants<\/strong><\/p>\n<\/li>\n<li data-start=\"3949\" data-end=\"3989\">\n<p data-start=\"3951\" data-end=\"3989\">Promotes a <strong data-start=\"3962\" data-end=\"3987\">healthy, glowing skin<\/strong><\/p>\n<\/li>\n<li data-start=\"3990\" data-end=\"4030\">\n<p data-start=\"3992\" data-end=\"4030\">A source of <strong data-start=\"4004\" data-end=\"4028\">caffeine-free energy<\/strong><\/p>\n<\/li>\n<li data-start=\"4031\" data-end=\"4072\">\n<p data-start=\"4033\" data-end=\"4072\">High in fibre, <strong data-start=\"4048\" data-end=\"4070\">supports digestion<\/strong><\/p>\n<\/li>\n<li data-start=\"4073\" data-end=\"4122\">\n<p data-start=\"4075\" data-end=\"4122\">Helps <strong data-start=\"4081\" data-end=\"4102\">regulate appetite<\/strong> and curb cravings<\/p>\n<\/li>\n<li data-start=\"4123\" data-end=\"4157\">\n<p data-start=\"4125\" data-end=\"4157\">May boost <strong data-start=\"4135\" data-end=\"4155\">focus and memory<\/strong><\/p>\n<\/li>\n<\/ul>\n<hr data-start=\"4159\" data-end=\"4162\" \/>\n<h2 data-start=\"4164\" data-end=\"4182\">\ud83c\udf75 How to use<\/h2>\n<p data-start=\"4183\" data-end=\"4210\">Enjoy it <strong data-start=\"4192\" data-end=\"4207\">hot or cold<\/strong>:<\/p>\n<ul data-start=\"4212\" data-end=\"4387\">\n<li data-start=\"4212\" data-end=\"4273\">\n<p data-start=\"4214\" data-end=\"4273\">Creamy <strong data-start=\"4221\" data-end=\"4234\">Ube Latte<\/strong> (best with almond, oat, or soy milk)<\/p>\n<\/li>\n<li data-start=\"4274\" data-end=\"4319\">\n<p data-start=\"4276\" data-end=\"4319\">In your <strong data-start=\"4284\" data-end=\"4317\">smoothies and wellness drinks<\/strong><\/p>\n<\/li>\n<li data-start=\"4320\" data-end=\"4387\">\n<p data-start=\"4322\" data-end=\"4387\">To add colour and flavour to <strong data-start=\"4351\" data-end=\"4385\">cakes, creams and sweet treats<\/strong><\/p>\n<\/li>\n<\/ul>\n<p data-start=\"4389\" data-end=\"4473\">\n<hr data-start=\"4475\" data-end=\"4478\" \/>\n<h2 data-start=\"4480\" data-end=\"4517\">\ud83d\udcca Ingredients &amp; Nutrition Facts<\/h2>\n<p data-start=\"4519\" data-end=\"4585\"><strong data-start=\"4519\" data-end=\"4541\">Single ingredient:<\/strong> 100% pure Ube powder (<em data-start=\"4564\" data-end=\"4581\">Dioscorea alata<\/em>).<\/p>\n<div class=\"_tableContainer_1rjym_1\">\n<div class=\"_tableWrapper_1rjym_13 group flex w-fit flex-col-reverse\" tabindex=\"-1\">\n<table class=\"w-fit min-w-(--thread-content-width)\" data-start=\"4587\" data-end=\"4878\">\n<thead data-start=\"4587\" data-end=\"4638\">\n<tr data-start=\"4587\" data-end=\"4638\">\n<th data-start=\"4587\" data-end=\"4605\" data-col-size=\"sm\">Nutrition facts<\/th>\n<th data-start=\"4605\" data-end=\"4617\" data-col-size=\"sm\">Per 100 g<\/th>\n<th data-start=\"4617\" data-end=\"4638\" data-col-size=\"sm\">Per serving (5 g)<\/th>\n<\/tr>\n<\/thead>\n<tbody data-start=\"4692\" data-end=\"4878\">\n<tr data-start=\"4692\" data-end=\"4723\">\n<td data-start=\"4692\" data-end=\"4701\" data-col-size=\"sm\">Energy<\/td>\n<td data-col-size=\"sm\" data-start=\"4701\" data-end=\"4712\">375 Kcal<\/td>\n<td data-col-size=\"sm\" data-start=\"4712\" data-end=\"4723\">18 Kcal<\/td>\n<\/tr>\n<tr data-start=\"4724\" data-end=\"4760\">\n<td data-start=\"4724\" data-end=\"4746\" data-col-size=\"sm\">Total carbohydrates<\/td>\n<td data-col-size=\"sm\" data-start=\"4746\" data-end=\"4753\">80 g<\/td>\n<td data-col-size=\"sm\" data-start=\"4753\" data-end=\"4760\">4 g<\/td>\n<\/tr>\n<tr data-start=\"4761\" data-end=\"4793\">\n<td data-start=\"4761\" data-end=\"4777\" data-col-size=\"sm\">Dietary fibre<\/td>\n<td data-col-size=\"sm\" data-start=\"4777\" data-end=\"4784\">10 g<\/td>\n<td data-col-size=\"sm\" data-start=\"4784\" data-end=\"4793\">0.5 g<\/td>\n<\/tr>\n<tr data-start=\"4794\" data-end=\"4820\">\n<td data-start=\"4794\" data-end=\"4804\" data-col-size=\"sm\">Protein<\/td>\n<td data-col-size=\"sm\" data-start=\"4804\" data-end=\"4810\">7 g<\/td>\n<td data-col-size=\"sm\" data-start=\"4810\" data-end=\"4820\">0.35 g<\/td>\n<\/tr>\n<tr data-start=\"4821\" data-end=\"4846\">\n<td data-start=\"4821\" data-end=\"4827\" data-col-size=\"sm\">Fat<\/td>\n<td data-start=\"4827\" data-end=\"4835\" data-col-size=\"sm\">0.5 g<\/td>\n<td data-start=\"4835\" data-end=\"4846\" data-col-size=\"sm\">0.025 g<\/td>\n<\/tr>\n<tr data-start=\"4847\" data-end=\"4878\">\n<td data-start=\"4847\" data-end=\"4856\" data-col-size=\"sm\">Sodium<\/td>\n<td data-start=\"4856\" data-end=\"4865\" data-col-size=\"sm\">0.03 g<\/td>\n<td data-start=\"4865\" data-end=\"4878\" data-col-size=\"sm\">0.001 g<\/td>\n<\/tr>\n<\/tbody>\n<\/table>\n<\/div>\n<\/div>\n<hr data-start=\"4880\" data-end=\"4883\" \/>\n<h2 data-start=\"4885\" data-end=\"4913\">\ud83c\udf0d Origins &amp; Commitment<\/h2>\n<p data-start=\"4914\" data-end=\"5038\">At <strong data-start=\"4917\" data-end=\"4930\">Ube Nolia<\/strong>, we work directly with passionate farmers from <strong data-start=\"4978\" data-end=\"5002\">Dagupan and Urdaneta<\/strong>, in the north of the Philippines.<\/p>\n<ul data-start=\"5040\" data-end=\"5293\">\n<li data-start=\"5040\" data-end=\"5095\">\n<p data-start=\"5042\" data-end=\"5095\">\ud83c\udf0b <strong data-start=\"5045\" data-end=\"5071\">Volcanic fertile lands<\/strong> for nutrient-rich Ube<\/p>\n<\/li>\n<li data-start=\"5096\" data-end=\"5154\">\n<p data-start=\"5098\" data-end=\"5154\">\ud83e\udd1d <strong data-start=\"5101\" data-end=\"5115\">Fair trade<\/strong> and respect for traditional know-how<\/p>\n<\/li>\n<li data-start=\"5155\" data-end=\"5206\">\n<p data-start=\"5157\" data-end=\"5206\">\ud83c\udf31 <strong data-start=\"5160\" data-end=\"5204\">Non-GMO farming, no chemical fertilisers<\/strong><\/p>\n<\/li>\n<li data-start=\"5207\" data-end=\"5293\">\n<p data-start=\"5209\" data-end=\"5293\">\ud83d\udd25 <strong data-start=\"5212\" data-end=\"5233\">Gentle processing<\/strong>: slow low-temperature drying, no added sugar or additives<\/p>\n<\/li>\n<\/ul>\n<p data-start=\"5295\" data-end=\"5454\">Our mission: <strong data-start=\"5308\" data-end=\"5340\">supporting local agriculture<\/strong>, promoting purple yam as a superfood, and delivering a <strong data-start=\"5396\" data-end=\"5441\">premium, ethical and traceable Ube powder<\/strong> in Europe.<\/p>\n<hr data-start=\"5456\" data-end=\"5459\" \/>\n<p data-start=\"5461\" data-end=\"5517\">\ud83d\udc49 Packaging: resealable pouch <strong data-start=\"5492\" data-end=\"5514\">80 g (16 servings)<\/strong>.<\/p>\n","protected":false},"excerpt":{"rendered":"<p>100% natural Ube powder from the purple yam (<em data-start=\"457\" data-end=\"474\">Dioscorea alata<\/em>) of the Philippines. With a delicate vanilla and hazelnut flavour, rich in antioxidants and fibre. Perfect for lattes, smoothies, and colourful desserts.<\/p>\n","protected":false},"featured_media":15013,"template":"","meta":[],"product_brand":[],"product_cat":[144,249],"product_tag":[],"class_list":{"0":"post-15011","1":"product","2":"type-product","3":"status-publish","4":"has-post-thumbnail","6":"product_cat-cocoa","7":"product_cat-chicory","9":"first","10":"instock","11":"taxable","12":"shipping-taxable","13":"purchasable","14":"product-type-simple"},"yoast_head":"<!-- This site is optimized with the Yoast SEO plugin v25.7 - https:\/\/yoast.com\/wordpress\/plugins\/seo\/ -->\n<title>Ube \u2013 Poudre naturelle des Philippines (igname violette) - La P&#039;tite Cerise<\/title>\n<meta name=\"robots\" content=\"index, follow, max-snippet:-1, max-image-preview:large, max-video-preview:-1\" \/>\n<link rel=\"canonical\" href=\"https:\/\/la-ptite-cerise.be\/en\/produit\/le-sarrasin-facon-sobacha-bibo-copie\/\" \/>\n<meta property=\"og:locale\" content=\"en_US\" \/>\n<meta property=\"og:type\" content=\"article\" \/>\n<meta property=\"og:title\" content=\"Ube \u2013 Poudre naturelle des Philippines (igname violette) - La P&#039;tite Cerise\" \/>\n<meta property=\"og:description\" content=\"100% natural Ube powder from the purple yam (Dioscorea alata) of the Philippines. With a delicate vanilla and hazelnut flavour, rich in antioxidants and fibre. Perfect for lattes, smoothies, and colourful desserts.\" \/>\n<meta property=\"og:url\" content=\"https:\/\/la-ptite-cerise.be\/en\/produit\/le-sarrasin-facon-sobacha-bibo-copie\/\" \/>\n<meta property=\"og:site_name\" content=\"La P&#039;tite Cerise\" \/>\n<meta property=\"article:publisher\" content=\"https:\/\/www.facebook.com\/laptitecerise\/\" \/>\n<meta property=\"article:modified_time\" content=\"2025-08-20T12:00:28+00:00\" \/>\n<meta property=\"og:image\" content=\"https:\/\/la-ptite-cerise.be\/wp-content\/uploads\/2025\/08\/Design-sans-titre-17.png\" \/>\n\t<meta property=\"og:image:width\" content=\"500\" \/>\n\t<meta property=\"og:image:height\" content=\"500\" \/>\n\t<meta property=\"og:image:type\" content=\"image\/png\" \/>\n<meta name=\"twitter:card\" content=\"summary_large_image\" \/>\n<meta name=\"twitter:label1\" content=\"Est. reading time\" \/>\n\t<meta name=\"twitter:data1\" content=\"2 minutes\" \/>\n<script type=\"application\/ld+json\" class=\"yoast-schema-graph\">{\"@context\":\"https:\/\/schema.org\",\"@graph\":[{\"@type\":\"WebPage\",\"@id\":\"https:\/\/la-ptite-cerise.be\/en\/produit\/le-sarrasin-facon-sobacha-bibo-copie\/\",\"url\":\"https:\/\/la-ptite-cerise.be\/en\/produit\/le-sarrasin-facon-sobacha-bibo-copie\/\",\"name\":\"Ube \u2013 Poudre naturelle des Philippines (igname violette) - La P&#039;tite Cerise\",\"isPartOf\":{\"@id\":\"https:\/\/la-ptite-cerise.be\/#website\"},\"primaryImageOfPage\":{\"@id\":\"https:\/\/la-ptite-cerise.be\/en\/produit\/le-sarrasin-facon-sobacha-bibo-copie\/#primaryimage\"},\"image\":{\"@id\":\"https:\/\/la-ptite-cerise.be\/en\/produit\/le-sarrasin-facon-sobacha-bibo-copie\/#primaryimage\"},\"thumbnailUrl\":\"https:\/\/la-ptite-cerise.be\/wp-content\/uploads\/2025\/08\/Design-sans-titre-17.png\",\"datePublished\":\"2025-08-20T11:38:57+00:00\",\"dateModified\":\"2025-08-20T12:00:28+00:00\",\"breadcrumb\":{\"@id\":\"https:\/\/la-ptite-cerise.be\/en\/produit\/le-sarrasin-facon-sobacha-bibo-copie\/#breadcrumb\"},\"inLanguage\":\"en-US\",\"potentialAction\":[{\"@type\":\"ReadAction\",\"target\":[\"https:\/\/la-ptite-cerise.be\/en\/produit\/le-sarrasin-facon-sobacha-bibo-copie\/\"]}]},{\"@type\":\"ImageObject\",\"inLanguage\":\"en-US\",\"@id\":\"https:\/\/la-ptite-cerise.be\/en\/produit\/le-sarrasin-facon-sobacha-bibo-copie\/#primaryimage\",\"url\":\"https:\/\/la-ptite-cerise.be\/wp-content\/uploads\/2025\/08\/Design-sans-titre-17.png\",\"contentUrl\":\"https:\/\/la-ptite-cerise.be\/wp-content\/uploads\/2025\/08\/Design-sans-titre-17.png\",\"width\":500,\"height\":500},{\"@type\":\"BreadcrumbList\",\"@id\":\"https:\/\/la-ptite-cerise.be\/en\/produit\/le-sarrasin-facon-sobacha-bibo-copie\/#breadcrumb\",\"itemListElement\":[{\"@type\":\"ListItem\",\"position\":1,\"name\":\"Accueil\",\"item\":\"https:\/\/la-ptite-cerise.be\/en\/\"},{\"@type\":\"ListItem\",\"position\":2,\"name\":\"Store\",\"item\":\"https:\/\/la-ptite-cerise.be\/boutique\/\"},{\"@type\":\"ListItem\",\"position\":3,\"name\":\"Ube \u2013 Poudre naturelle des Philippines (igname violette)\"}]},{\"@type\":\"WebSite\",\"@id\":\"https:\/\/la-ptite-cerise.be\/#website\",\"url\":\"https:\/\/la-ptite-cerise.be\/\",\"name\":\"La P'tite Cerise\",\"description\":\"Artisan torr\u00e9facteur de caf\u00e9 de sp\u00e9cialit\u00e9. S\u00e9lection de th\u00e9s &amp; tisanes.\",\"publisher\":{\"@id\":\"https:\/\/la-ptite-cerise.be\/#organization\"},\"potentialAction\":[{\"@type\":\"SearchAction\",\"target\":{\"@type\":\"EntryPoint\",\"urlTemplate\":\"https:\/\/la-ptite-cerise.be\/?s={search_term_string}\"},\"query-input\":{\"@type\":\"PropertyValueSpecification\",\"valueRequired\":true,\"valueName\":\"search_term_string\"}}],\"inLanguage\":\"en-US\"},{\"@type\":\"Organization\",\"@id\":\"https:\/\/la-ptite-cerise.be\/#organization\",\"name\":\"La P'tite Cerise\",\"url\":\"https:\/\/la-ptite-cerise.be\/\",\"logo\":{\"@type\":\"ImageObject\",\"inLanguage\":\"en-US\",\"@id\":\"https:\/\/la-ptite-cerise.be\/#\/schema\/logo\/image\/\",\"url\":\"https:\/\/la-ptite-cerise.be\/wp-content\/uploads\/2020\/10\/logo-header-01.jpg\",\"contentUrl\":\"https:\/\/la-ptite-cerise.be\/wp-content\/uploads\/2020\/10\/logo-header-01.jpg\",\"width\":176,\"height\":100,\"caption\":\"La P'tite Cerise\"},\"image\":{\"@id\":\"https:\/\/la-ptite-cerise.be\/#\/schema\/logo\/image\/\"},\"sameAs\":[\"https:\/\/www.facebook.com\/laptitecerise\/\",\"https:\/\/www.instagram.com\/la.ptite_cerise\/\"]}]}<\/script>\n<!-- \/ Yoast SEO plugin. -->","yoast_head_json":{"title":"Ube \u2013 Poudre naturelle des Philippines (igname violette) - La P&#039;tite Cerise","robots":{"index":"index","follow":"follow","max-snippet":"max-snippet:-1","max-image-preview":"max-image-preview:large","max-video-preview":"max-video-preview:-1"},"canonical":"https:\/\/la-ptite-cerise.be\/en\/produit\/le-sarrasin-facon-sobacha-bibo-copie\/","og_locale":"en_US","og_type":"article","og_title":"Ube \u2013 Poudre naturelle des Philippines (igname violette) - La P&#039;tite Cerise","og_description":"100% natural Ube powder from the purple yam (Dioscorea alata) of the Philippines. With a delicate vanilla and hazelnut flavour, rich in antioxidants and fibre. Perfect for lattes, smoothies, and colourful desserts.","og_url":"https:\/\/la-ptite-cerise.be\/en\/produit\/le-sarrasin-facon-sobacha-bibo-copie\/","og_site_name":"La P&#039;tite Cerise","article_publisher":"https:\/\/www.facebook.com\/laptitecerise\/","article_modified_time":"2025-08-20T12:00:28+00:00","og_image":[{"width":500,"height":500,"url":"https:\/\/la-ptite-cerise.be\/wp-content\/uploads\/2025\/08\/Design-sans-titre-17.png","type":"image\/png"}],"twitter_card":"summary_large_image","twitter_misc":{"Est. reading time":"2 minutes"},"schema":{"@context":"https:\/\/schema.org","@graph":[{"@type":"WebPage","@id":"https:\/\/la-ptite-cerise.be\/en\/produit\/le-sarrasin-facon-sobacha-bibo-copie\/","url":"https:\/\/la-ptite-cerise.be\/en\/produit\/le-sarrasin-facon-sobacha-bibo-copie\/","name":"Ube \u2013 Poudre naturelle des Philippines (igname violette) - La P&#039;tite Cerise","isPartOf":{"@id":"https:\/\/la-ptite-cerise.be\/#website"},"primaryImageOfPage":{"@id":"https:\/\/la-ptite-cerise.be\/en\/produit\/le-sarrasin-facon-sobacha-bibo-copie\/#primaryimage"},"image":{"@id":"https:\/\/la-ptite-cerise.be\/en\/produit\/le-sarrasin-facon-sobacha-bibo-copie\/#primaryimage"},"thumbnailUrl":"https:\/\/la-ptite-cerise.be\/wp-content\/uploads\/2025\/08\/Design-sans-titre-17.png","datePublished":"2025-08-20T11:38:57+00:00","dateModified":"2025-08-20T12:00:28+00:00","breadcrumb":{"@id":"https:\/\/la-ptite-cerise.be\/en\/produit\/le-sarrasin-facon-sobacha-bibo-copie\/#breadcrumb"},"inLanguage":"en-US","potentialAction":[{"@type":"ReadAction","target":["https:\/\/la-ptite-cerise.be\/en\/produit\/le-sarrasin-facon-sobacha-bibo-copie\/"]}]},{"@type":"ImageObject","inLanguage":"en-US","@id":"https:\/\/la-ptite-cerise.be\/en\/produit\/le-sarrasin-facon-sobacha-bibo-copie\/#primaryimage","url":"https:\/\/la-ptite-cerise.be\/wp-content\/uploads\/2025\/08\/Design-sans-titre-17.png","contentUrl":"https:\/\/la-ptite-cerise.be\/wp-content\/uploads\/2025\/08\/Design-sans-titre-17.png","width":500,"height":500},{"@type":"BreadcrumbList","@id":"https:\/\/la-ptite-cerise.be\/en\/produit\/le-sarrasin-facon-sobacha-bibo-copie\/#breadcrumb","itemListElement":[{"@type":"ListItem","position":1,"name":"Accueil","item":"https:\/\/la-ptite-cerise.be\/en\/"},{"@type":"ListItem","position":2,"name":"Store","item":"https:\/\/la-ptite-cerise.be\/boutique\/"},{"@type":"ListItem","position":3,"name":"Ube \u2013 Poudre naturelle des Philippines (igname violette)"}]},{"@type":"WebSite","@id":"https:\/\/la-ptite-cerise.be\/#website","url":"https:\/\/la-ptite-cerise.be\/","name":"La P'tite Cerise","description":"Artisan torr\u00e9facteur de caf\u00e9 de sp\u00e9cialit\u00e9. S\u00e9lection de th\u00e9s &amp; tisanes.","publisher":{"@id":"https:\/\/la-ptite-cerise.be\/#organization"},"potentialAction":[{"@type":"SearchAction","target":{"@type":"EntryPoint","urlTemplate":"https:\/\/la-ptite-cerise.be\/?s={search_term_string}"},"query-input":{"@type":"PropertyValueSpecification","valueRequired":true,"valueName":"search_term_string"}}],"inLanguage":"en-US"},{"@type":"Organization","@id":"https:\/\/la-ptite-cerise.be\/#organization","name":"La P'tite Cerise","url":"https:\/\/la-ptite-cerise.be\/","logo":{"@type":"ImageObject","inLanguage":"en-US","@id":"https:\/\/la-ptite-cerise.be\/#\/schema\/logo\/image\/","url":"https:\/\/la-ptite-cerise.be\/wp-content\/uploads\/2020\/10\/logo-header-01.jpg","contentUrl":"https:\/\/la-ptite-cerise.be\/wp-content\/uploads\/2020\/10\/logo-header-01.jpg","width":176,"height":100,"caption":"La P'tite Cerise"},"image":{"@id":"https:\/\/la-ptite-cerise.be\/#\/schema\/logo\/image\/"},"sameAs":["https:\/\/www.facebook.com\/laptitecerise\/","https:\/\/www.instagram.com\/la.ptite_cerise\/"]}]}},"_links":{"self":[{"href":"https:\/\/la-ptite-cerise.be\/en\/wp-json\/wp\/v2\/product\/15011","targetHints":{"allow":["GET"]}}],"collection":[{"href":"https:\/\/la-ptite-cerise.be\/en\/wp-json\/wp\/v2\/product"}],"about":[{"href":"https:\/\/la-ptite-cerise.be\/en\/wp-json\/wp\/v2\/types\/product"}],"wp:featuredmedia":[{"embeddable":true,"href":"https:\/\/la-ptite-cerise.be\/en\/wp-json\/wp\/v2\/media\/15013"}],"wp:attachment":[{"href":"https:\/\/la-ptite-cerise.be\/en\/wp-json\/wp\/v2\/media?parent=15011"}],"wp:term":[{"taxonomy":"product_brand","embeddable":true,"href":"https:\/\/la-ptite-cerise.be\/en\/wp-json\/wp\/v2\/product_brand?post=15011"},{"taxonomy":"product_cat","embeddable":true,"href":"https:\/\/la-ptite-cerise.be\/en\/wp-json\/wp\/v2\/product_cat?post=15011"},{"taxonomy":"product_tag","embeddable":true,"href":"https:\/\/la-ptite-cerise.be\/en\/wp-json\/wp\/v2\/product_tag?post=15011"}],"curies":[{"name":"wp","href":"https:\/\/api.w.org\/{rel}","templated":true}]}}