{"id":15083,"date":"2025-09-19T15:32:14","date_gmt":"2025-09-19T13:32:14","guid":{"rendered":"https:\/\/la-ptite-cerise.be\/?post_type=product&#038;p=15083"},"modified":"2025-09-19T15:38:31","modified_gmt":"2025-09-19T13:38:31","slug":"costa-rica-finca-las-lajas-nature-copie","status":"publish","type":"product","link":"https:\/\/la-ptite-cerise.be\/en\/produit\/costa-rica-finca-las-lajas-nature-copie\/","title":{"rendered":"COSTA RICA Finca Las Lajas NATURE (Copie)"},"content":{"rendered":"<ul>\n<li data-start=\"737\" data-end=\"770\">\n<p data-start=\"739\" data-end=\"770\"><strong data-start=\"739\" data-end=\"747\">Farm<\/strong>: Hacienda San Isidro<\/p>\n<\/li>\n<li data-start=\"771\" data-end=\"811\">\n<p data-start=\"773\" data-end=\"811\"><strong data-start=\"773\" data-end=\"786\">Producers<\/strong>: Mathias &amp; Johel Monge<\/p>\n<\/li>\n<li data-start=\"812\" data-end=\"857\">\n<p data-start=\"814\" data-end=\"857\"><strong data-start=\"814\" data-end=\"824\">Region<\/strong>: Tarraz\u00fa, San Jos\u00e9, Costa Rica<\/p>\n<\/li>\n<li data-start=\"858\" data-end=\"883\">\n<p data-start=\"860\" data-end=\"883\"><strong data-start=\"860\" data-end=\"872\">Altitude<\/strong>: 2,000 m<\/p>\n<\/li>\n<li data-start=\"884\" data-end=\"908\">\n<p data-start=\"886\" data-end=\"908\"><strong data-start=\"886\" data-end=\"897\">Species<\/strong>: Arabica<\/p>\n<\/li>\n<li data-start=\"909\" data-end=\"937\">\n<p data-start=\"911\" data-end=\"937\"><strong data-start=\"911\" data-end=\"927\">Variety(ies)<\/strong>: Catuai<\/p>\n<\/li>\n<li data-start=\"938\" data-end=\"984\">\n<p data-start=\"940\" data-end=\"984\"><strong data-start=\"940\" data-end=\"951\">Harvest<\/strong>: December to March (2024\/2025)<\/p>\n<\/li>\n<li data-start=\"985\" data-end=\"1033\">\n<p data-start=\"987\" data-end=\"1033\"><strong data-start=\"987\" data-end=\"1008\">Harvesting method<\/strong>: Selective handpicking<\/p>\n<\/li>\n<li data-start=\"1034\" data-end=\"1056\">\n<p data-start=\"1036\" data-end=\"1056\"><strong data-start=\"1036\" data-end=\"1047\">Process<\/strong>: Honey<\/p>\n<\/li>\n<li data-start=\"1057\" data-end=\"1088\">\n<p data-start=\"1059\" data-end=\"1088\"><strong data-start=\"1059\" data-end=\"1069\">Drying<\/strong>: Patio \u2013 20 days<\/p>\n<\/li>\n<\/ul>\n<hr class=\"\" data-start=\"696\" data-end=\"699\" \/>\n<h3 class=\"\" data-start=\"701\" data-end=\"722\">About this coffee<\/h3>\n<p data-start=\"1810\" data-end=\"2127\">For nearly 45 years, <strong data-start=\"1831\" data-end=\"1854\">Hacienda San Isidro<\/strong> has upheld a family tradition in the highlands of Tarraz\u00fa. Founded by <strong data-start=\"1925\" data-end=\"1948\">Johel Monge Naranjo<\/strong> and now run by his son <strong data-start=\"1972\" data-end=\"1995\">Mathias Monge Leiva<\/strong>, the farm has become a benchmark in Costa Rica\u2019s specialty coffee scene, winning repeated accolades at the <strong data-start=\"2103\" data-end=\"2124\">Cup of Excellence<\/strong>.<\/p>\n<p data-start=\"2129\" data-end=\"2320\">This <strong data-start=\"2134\" data-end=\"2144\">Catuai<\/strong> lot, processed using the <strong data-start=\"2170\" data-end=\"2186\">Honey method<\/strong>, delivers an elegant and refined cup with <strong data-start=\"2229\" data-end=\"2264\">notes of grapes and red berries<\/strong>, natural sweetness, and outstanding aromatic clarity.<\/p>\n","protected":false},"excerpt":{"rendered":"<h4>(58\u20ac\/kg)<\/h4>\n<ul>\n<li data-start=\"1089\" data-end=\"1113\">\n<p data-start=\"1091\" data-end=\"1113\"><strong data-start=\"1091\" data-end=\"1104\">SCA score<\/strong>: 86.25<\/p>\n<\/li>\n<li data-start=\"1114\" data-end=\"1156\">\n<p data-start=\"1116\" data-end=\"1156\"><strong data-start=\"1116\" data-end=\"1133\">Tasting notes<\/strong>: Grapes, red berries<\/p>\n<\/li>\n<\/ul>\n","protected":false},"featured_media":15541,"template":"","meta":[],"product_brand":[],"product_cat":[139],"product_tag":[],"class_list":{"0":"post-15083","1":"product","2":"type-product","3":"status-publish","4":"has-post-thumbnail","6":"product_cat-coffee","8":"first","9":"instock","10":"taxable","11":"shipping-taxable","12":"purchasable","13":"product-type-variable"},"yoast_head":"<!-- This site is optimized with the Yoast SEO plugin v25.7 - https:\/\/yoast.com\/wordpress\/plugins\/seo\/ -->\n<title>COSTA RICA Finca Las Lajas NATURE (Copie) - La P&#039;tite Cerise<\/title>\n<meta name=\"robots\" content=\"index, follow, max-snippet:-1, max-image-preview:large, max-video-preview:-1\" \/>\n<link rel=\"canonical\" href=\"https:\/\/la-ptite-cerise.be\/en\/produit\/costa-rica-finca-las-lajas-nature-copie\/\" \/>\n<meta property=\"og:locale\" content=\"en_US\" \/>\n<meta property=\"og:type\" content=\"article\" \/>\n<meta property=\"og:title\" content=\"COSTA RICA Finca Las Lajas NATURE (Copie) - La P&#039;tite Cerise\" \/>\n<meta property=\"og:description\" content=\"(58\u20ac\/kg)    SCA score: 86.25    Tasting notes: Grapes, red berries\" \/>\n<meta property=\"og:url\" content=\"https:\/\/la-ptite-cerise.be\/en\/produit\/costa-rica-finca-las-lajas-nature-copie\/\" \/>\n<meta property=\"og:site_name\" content=\"La P&#039;tite Cerise\" \/>\n<meta property=\"article:publisher\" content=\"https:\/\/www.facebook.com\/laptitecerise\/\" \/>\n<meta property=\"article:modified_time\" content=\"2025-09-19T13:38:31+00:00\" \/>\n<meta property=\"og:image\" content=\"https:\/\/la-ptite-cerise.be\/wp-content\/uploads\/2024\/05\/E\u2560utiquettes-500x500px-Las-Lajas.png\" \/>\n\t<meta property=\"og:image:width\" content=\"500\" \/>\n\t<meta property=\"og:image:height\" content=\"500\" \/>\n\t<meta property=\"og:image:type\" content=\"image\/png\" \/>\n<meta name=\"twitter:card\" content=\"summary_large_image\" \/>\n<meta name=\"twitter:label1\" content=\"Est. reading time\" \/>\n\t<meta name=\"twitter:data1\" content=\"1 minute\" \/>\n<script type=\"application\/ld+json\" class=\"yoast-schema-graph\">{\"@context\":\"https:\/\/schema.org\",\"@graph\":[{\"@type\":\"WebPage\",\"@id\":\"https:\/\/la-ptite-cerise.be\/en\/produit\/costa-rica-finca-las-lajas-nature-copie\/\",\"url\":\"https:\/\/la-ptite-cerise.be\/en\/produit\/costa-rica-finca-las-lajas-nature-copie\/\",\"name\":\"COSTA RICA Finca Las Lajas NATURE (Copie) - La P&#039;tite Cerise\",\"isPartOf\":{\"@id\":\"https:\/\/la-ptite-cerise.be\/#website\"},\"primaryImageOfPage\":{\"@id\":\"https:\/\/la-ptite-cerise.be\/en\/produit\/costa-rica-finca-las-lajas-nature-copie\/#primaryimage\"},\"image\":{\"@id\":\"https:\/\/la-ptite-cerise.be\/en\/produit\/costa-rica-finca-las-lajas-nature-copie\/#primaryimage\"},\"thumbnailUrl\":\"https:\/\/la-ptite-cerise.be\/wp-content\/uploads\/2025\/09\/Etiquettes-500x500px-San-Isidro09-2025.png\",\"datePublished\":\"2025-09-19T13:32:14+00:00\",\"dateModified\":\"2025-09-19T13:38:31+00:00\",\"breadcrumb\":{\"@id\":\"https:\/\/la-ptite-cerise.be\/en\/produit\/costa-rica-finca-las-lajas-nature-copie\/#breadcrumb\"},\"inLanguage\":\"en-US\",\"potentialAction\":[{\"@type\":\"ReadAction\",\"target\":[\"https:\/\/la-ptite-cerise.be\/en\/produit\/costa-rica-finca-las-lajas-nature-copie\/\"]}]},{\"@type\":\"ImageObject\",\"inLanguage\":\"en-US\",\"@id\":\"https:\/\/la-ptite-cerise.be\/en\/produit\/costa-rica-finca-las-lajas-nature-copie\/#primaryimage\",\"url\":\"https:\/\/la-ptite-cerise.be\/wp-content\/uploads\/2025\/09\/Etiquettes-500x500px-San-Isidro09-2025.png\",\"contentUrl\":\"https:\/\/la-ptite-cerise.be\/wp-content\/uploads\/2025\/09\/Etiquettes-500x500px-San-Isidro09-2025.png\",\"width\":500,\"height\":500},{\"@type\":\"BreadcrumbList\",\"@id\":\"https:\/\/la-ptite-cerise.be\/en\/produit\/costa-rica-finca-las-lajas-nature-copie\/#breadcrumb\",\"itemListElement\":[{\"@type\":\"ListItem\",\"position\":1,\"name\":\"Accueil\",\"item\":\"https:\/\/la-ptite-cerise.be\/en\/\"},{\"@type\":\"ListItem\",\"position\":2,\"name\":\"Store\",\"item\":\"https:\/\/la-ptite-cerise.be\/boutique\/\"},{\"@type\":\"ListItem\",\"position\":3,\"name\":\"COSTA RICA Finca Las Lajas NATURE (Copie)\"}]},{\"@type\":\"WebSite\",\"@id\":\"https:\/\/la-ptite-cerise.be\/#website\",\"url\":\"https:\/\/la-ptite-cerise.be\/\",\"name\":\"La P'tite Cerise\",\"description\":\"Artisan torr\u00e9facteur de caf\u00e9 de sp\u00e9cialit\u00e9. S\u00e9lection de th\u00e9s &amp; tisanes.\",\"publisher\":{\"@id\":\"https:\/\/la-ptite-cerise.be\/#organization\"},\"potentialAction\":[{\"@type\":\"SearchAction\",\"target\":{\"@type\":\"EntryPoint\",\"urlTemplate\":\"https:\/\/la-ptite-cerise.be\/?s={search_term_string}\"},\"query-input\":{\"@type\":\"PropertyValueSpecification\",\"valueRequired\":true,\"valueName\":\"search_term_string\"}}],\"inLanguage\":\"en-US\"},{\"@type\":\"Organization\",\"@id\":\"https:\/\/la-ptite-cerise.be\/#organization\",\"name\":\"La P'tite Cerise\",\"url\":\"https:\/\/la-ptite-cerise.be\/\",\"logo\":{\"@type\":\"ImageObject\",\"inLanguage\":\"en-US\",\"@id\":\"https:\/\/la-ptite-cerise.be\/#\/schema\/logo\/image\/\",\"url\":\"https:\/\/la-ptite-cerise.be\/wp-content\/uploads\/2020\/10\/logo-header-01.jpg\",\"contentUrl\":\"https:\/\/la-ptite-cerise.be\/wp-content\/uploads\/2020\/10\/logo-header-01.jpg\",\"width\":176,\"height\":100,\"caption\":\"La P'tite Cerise\"},\"image\":{\"@id\":\"https:\/\/la-ptite-cerise.be\/#\/schema\/logo\/image\/\"},\"sameAs\":[\"https:\/\/www.facebook.com\/laptitecerise\/\",\"https:\/\/www.instagram.com\/la.ptite_cerise\/\"]}]}<\/script>\n<!-- \/ Yoast SEO plugin. -->","yoast_head_json":{"title":"COSTA RICA Finca Las Lajas NATURE (Copie) - La P&#039;tite Cerise","robots":{"index":"index","follow":"follow","max-snippet":"max-snippet:-1","max-image-preview":"max-image-preview:large","max-video-preview":"max-video-preview:-1"},"canonical":"https:\/\/la-ptite-cerise.be\/en\/produit\/costa-rica-finca-las-lajas-nature-copie\/","og_locale":"en_US","og_type":"article","og_title":"COSTA RICA Finca Las Lajas NATURE (Copie) - La P&#039;tite Cerise","og_description":"(58\u20ac\/kg)    SCA score: 86.25    Tasting notes: Grapes, red berries","og_url":"https:\/\/la-ptite-cerise.be\/en\/produit\/costa-rica-finca-las-lajas-nature-copie\/","og_site_name":"La P&#039;tite Cerise","article_publisher":"https:\/\/www.facebook.com\/laptitecerise\/","article_modified_time":"2025-09-19T13:38:31+00:00","og_image":[{"width":500,"height":500,"url":"https:\/\/la-ptite-cerise.be\/wp-content\/uploads\/2024\/05\/E\u2560utiquettes-500x500px-Las-Lajas.png","type":"image\/png"}],"twitter_card":"summary_large_image","twitter_misc":{"Est. reading time":"1 minute"},"schema":{"@context":"https:\/\/schema.org","@graph":[{"@type":"WebPage","@id":"https:\/\/la-ptite-cerise.be\/en\/produit\/costa-rica-finca-las-lajas-nature-copie\/","url":"https:\/\/la-ptite-cerise.be\/en\/produit\/costa-rica-finca-las-lajas-nature-copie\/","name":"COSTA RICA Finca Las Lajas NATURE (Copie) - La P&#039;tite Cerise","isPartOf":{"@id":"https:\/\/la-ptite-cerise.be\/#website"},"primaryImageOfPage":{"@id":"https:\/\/la-ptite-cerise.be\/en\/produit\/costa-rica-finca-las-lajas-nature-copie\/#primaryimage"},"image":{"@id":"https:\/\/la-ptite-cerise.be\/en\/produit\/costa-rica-finca-las-lajas-nature-copie\/#primaryimage"},"thumbnailUrl":"https:\/\/la-ptite-cerise.be\/wp-content\/uploads\/2025\/09\/Etiquettes-500x500px-San-Isidro09-2025.png","datePublished":"2025-09-19T13:32:14+00:00","dateModified":"2025-09-19T13:38:31+00:00","breadcrumb":{"@id":"https:\/\/la-ptite-cerise.be\/en\/produit\/costa-rica-finca-las-lajas-nature-copie\/#breadcrumb"},"inLanguage":"en-US","potentialAction":[{"@type":"ReadAction","target":["https:\/\/la-ptite-cerise.be\/en\/produit\/costa-rica-finca-las-lajas-nature-copie\/"]}]},{"@type":"ImageObject","inLanguage":"en-US","@id":"https:\/\/la-ptite-cerise.be\/en\/produit\/costa-rica-finca-las-lajas-nature-copie\/#primaryimage","url":"https:\/\/la-ptite-cerise.be\/wp-content\/uploads\/2025\/09\/Etiquettes-500x500px-San-Isidro09-2025.png","contentUrl":"https:\/\/la-ptite-cerise.be\/wp-content\/uploads\/2025\/09\/Etiquettes-500x500px-San-Isidro09-2025.png","width":500,"height":500},{"@type":"BreadcrumbList","@id":"https:\/\/la-ptite-cerise.be\/en\/produit\/costa-rica-finca-las-lajas-nature-copie\/#breadcrumb","itemListElement":[{"@type":"ListItem","position":1,"name":"Accueil","item":"https:\/\/la-ptite-cerise.be\/en\/"},{"@type":"ListItem","position":2,"name":"Store","item":"https:\/\/la-ptite-cerise.be\/boutique\/"},{"@type":"ListItem","position":3,"name":"COSTA RICA Finca Las Lajas NATURE (Copie)"}]},{"@type":"WebSite","@id":"https:\/\/la-ptite-cerise.be\/#website","url":"https:\/\/la-ptite-cerise.be\/","name":"La P'tite Cerise","description":"Artisan torr\u00e9facteur de caf\u00e9 de sp\u00e9cialit\u00e9. S\u00e9lection de th\u00e9s &amp; tisanes.","publisher":{"@id":"https:\/\/la-ptite-cerise.be\/#organization"},"potentialAction":[{"@type":"SearchAction","target":{"@type":"EntryPoint","urlTemplate":"https:\/\/la-ptite-cerise.be\/?s={search_term_string}"},"query-input":{"@type":"PropertyValueSpecification","valueRequired":true,"valueName":"search_term_string"}}],"inLanguage":"en-US"},{"@type":"Organization","@id":"https:\/\/la-ptite-cerise.be\/#organization","name":"La P'tite Cerise","url":"https:\/\/la-ptite-cerise.be\/","logo":{"@type":"ImageObject","inLanguage":"en-US","@id":"https:\/\/la-ptite-cerise.be\/#\/schema\/logo\/image\/","url":"https:\/\/la-ptite-cerise.be\/wp-content\/uploads\/2020\/10\/logo-header-01.jpg","contentUrl":"https:\/\/la-ptite-cerise.be\/wp-content\/uploads\/2020\/10\/logo-header-01.jpg","width":176,"height":100,"caption":"La P'tite Cerise"},"image":{"@id":"https:\/\/la-ptite-cerise.be\/#\/schema\/logo\/image\/"},"sameAs":["https:\/\/www.facebook.com\/laptitecerise\/","https:\/\/www.instagram.com\/la.ptite_cerise\/"]}]}},"_links":{"self":[{"href":"https:\/\/la-ptite-cerise.be\/en\/wp-json\/wp\/v2\/product\/15083","targetHints":{"allow":["GET"]}}],"collection":[{"href":"https:\/\/la-ptite-cerise.be\/en\/wp-json\/wp\/v2\/product"}],"about":[{"href":"https:\/\/la-ptite-cerise.be\/en\/wp-json\/wp\/v2\/types\/product"}],"wp:featuredmedia":[{"embeddable":true,"href":"https:\/\/la-ptite-cerise.be\/en\/wp-json\/wp\/v2\/media\/15541"}],"wp:attachment":[{"href":"https:\/\/la-ptite-cerise.be\/en\/wp-json\/wp\/v2\/media?parent=15083"}],"wp:term":[{"taxonomy":"product_brand","embeddable":true,"href":"https:\/\/la-ptite-cerise.be\/en\/wp-json\/wp\/v2\/product_brand?post=15083"},{"taxonomy":"product_cat","embeddable":true,"href":"https:\/\/la-ptite-cerise.be\/en\/wp-json\/wp\/v2\/product_cat?post=15083"},{"taxonomy":"product_tag","embeddable":true,"href":"https:\/\/la-ptite-cerise.be\/en\/wp-json\/wp\/v2\/product_tag?post=15083"}],"curies":[{"name":"wp","href":"https:\/\/api.w.org\/{rel}","templated":true}]}}