{"id":15456,"date":"2025-09-19T16:35:23","date_gmt":"2025-09-19T14:35:23","guid":{"rendered":"https:\/\/la-ptite-cerise.be\/?post_type=product&#038;p=15456"},"modified":"2025-09-19T16:41:21","modified_gmt":"2025-09-19T14:41:21","slug":"colombie-nasa-wesx-decaf-sugar-cane-copie-2","status":"publish","type":"product","link":"https:\/\/la-ptite-cerise.be\/en\/produit\/colombie-nasa-wesx-decaf-sugar-cane-copie-2\/","title":{"rendered":"COLOMBIE Nasa Wesx d\u00e9caf Sugar Cane (Copie)"},"content":{"rendered":"<h3 data-start=\"2375\" data-end=\"2463\">\ud83c\udf19 A smooth and flavourful Mexican decaf with panela, almond and dried fruit notes<\/h3>\n<p data-start=\"2465\" data-end=\"2823\"><strong data-start=\"2465\" data-end=\"2475\">Region<\/strong>: Chiapas, Mexico<br data-start=\"2492\" data-end=\"2495\" \/><strong data-start=\"2495\" data-end=\"2507\">Altitude<\/strong>: 1,300 \u2013 1,700 m<br data-start=\"2524\" data-end=\"2527\" \/><strong data-start=\"2527\" data-end=\"2538\">Species<\/strong>: Arabica<br data-start=\"2547\" data-end=\"2550\" \/><strong data-start=\"2550\" data-end=\"2566\">Variety(ies)<\/strong>: Regional blend<br data-start=\"2582\" data-end=\"2585\" \/><strong data-start=\"2585\" data-end=\"2596\">Harvest<\/strong>: November to March<br data-start=\"2615\" data-end=\"2618\" \/><strong data-start=\"2618\" data-end=\"2639\">Harvesting method<\/strong>: Hand-picked<br data-start=\"2652\" data-end=\"2655\" \/><strong data-start=\"2655\" data-end=\"2666\">Process<\/strong>: Washed<br data-start=\"2674\" data-end=\"2677\" \/><strong data-start=\"2677\" data-end=\"2695\">Decaffeination<\/strong>: Mountain Water (Descamex)<br data-start=\"2722\" data-end=\"2725\" \/><strong data-start=\"2725\" data-end=\"2735\">Drying<\/strong>: Patios<br data-start=\"2743\" data-end=\"2746\" \/><strong data-start=\"2746\" data-end=\"2759\">SCA score<\/strong>: 83<br data-start=\"2763\" data-end=\"2766\" \/><strong data-start=\"2766\" data-end=\"2783\">Tasting notes<\/strong>: Panela, almond, dried fruits, citrus<\/p>\n<h3 data-start=\"2825\" data-end=\"2848\">About this coffee<\/h3>\n<p data-start=\"2849\" data-end=\"3231\">This coffee is decaffeinated by <strong data-start=\"2881\" data-end=\"2893\">Descamex<\/strong> using the <strong data-start=\"2904\" data-end=\"2930\">Mountain Water process<\/strong> \u2014 a gentle, solvent-free method that relies only on water. The green beans are first steamed to extract caffeine and soluble aromatic compounds. These compounds are then reinfused into the next lots, preserving the coffee\u2019s flavour complexity while reducing caffeine content to just <strong data-start=\"3214\" data-end=\"3228\">0.01\u20130.02%<\/strong>.<\/p>\n<p data-start=\"3233\" data-end=\"3544\">Sourced from the mountainous <strong data-start=\"3262\" data-end=\"3273\">Chiapas<\/strong> region, on the border with Guatemala, this coffee represents a land rich in traditions and indigenous communities. Grown between <strong data-start=\"3403\" data-end=\"3429\">1,300 and 1,700 metres<\/strong>, the terroir is ideal for diverse agriculture, where coffee grows alongside cacao, sugarcane, fruits, and honey.<\/p>\n<p data-start=\"3546\" data-end=\"3763\">In the cup, <strong data-start=\"3558\" data-end=\"3573\">Sue\u00f1o Decaf<\/strong> is smooth and balanced, with notes of <strong data-start=\"3612\" data-end=\"3633\">panela and almond<\/strong>, layered with <strong data-start=\"3648\" data-end=\"3664\">dried fruits<\/strong> and a hint of <strong data-start=\"3679\" data-end=\"3700\">citrus brightness<\/strong>. A decaf that combines natural processing with true flavour.<\/p>\n","protected":false},"excerpt":{"rendered":"<h4>(48\u20ac\/kg)<\/h4>\n<p><strong data-start=\"2746\" data-end=\"2759\">SCA score<\/strong>: 83<br data-start=\"2763\" data-end=\"2766\" \/><strong data-start=\"2766\" data-end=\"2783\">Tasting notes<\/strong>: Panela, almond, dried fruits, citrus<\/p>\n","protected":false},"featured_media":15532,"template":"","meta":[],"product_brand":[],"product_cat":[139],"product_tag":[],"class_list":{"0":"post-15456","1":"product","2":"type-product","3":"status-publish","4":"has-post-thumbnail","6":"product_cat-coffee","8":"first","9":"instock","10":"taxable","11":"shipping-taxable","12":"purchasable","13":"product-type-variable"},"yoast_head":"<!-- This site is optimized with the Yoast SEO plugin v25.7 - https:\/\/yoast.com\/wordpress\/plugins\/seo\/ -->\n<title>COLOMBIE Nasa Wesx d\u00e9caf Sugar Cane (Copie) - La P&#039;tite Cerise<\/title>\n<meta name=\"robots\" content=\"index, follow, max-snippet:-1, max-image-preview:large, max-video-preview:-1\" \/>\n<link rel=\"canonical\" href=\"https:\/\/la-ptite-cerise.be\/en\/produit\/colombie-nasa-wesx-decaf-sugar-cane-copie-2\/\" \/>\n<meta property=\"og:locale\" content=\"en_US\" \/>\n<meta property=\"og:type\" content=\"article\" \/>\n<meta property=\"og:title\" content=\"COLOMBIE Nasa Wesx d\u00e9caf Sugar Cane (Copie) - La P&#039;tite Cerise\" \/>\n<meta property=\"og:description\" content=\"(48\u20ac\/kg) SCA score: 83Tasting notes: Panela, almond, dried fruits, citrus\" \/>\n<meta property=\"og:url\" content=\"https:\/\/la-ptite-cerise.be\/en\/produit\/colombie-nasa-wesx-decaf-sugar-cane-copie-2\/\" \/>\n<meta property=\"og:site_name\" content=\"La P&#039;tite Cerise\" \/>\n<meta property=\"article:publisher\" content=\"https:\/\/www.facebook.com\/laptitecerise\/\" \/>\n<meta property=\"article:modified_time\" content=\"2025-09-19T14:41:21+00:00\" \/>\n<meta name=\"twitter:card\" content=\"summary_large_image\" \/>\n<meta name=\"twitter:label1\" content=\"Est. reading time\" \/>\n\t<meta name=\"twitter:data1\" content=\"1 minute\" \/>\n<script type=\"application\/ld+json\" class=\"yoast-schema-graph\">{\"@context\":\"https:\/\/schema.org\",\"@graph\":[{\"@type\":\"WebPage\",\"@id\":\"https:\/\/la-ptite-cerise.be\/en\/produit\/colombie-nasa-wesx-decaf-sugar-cane-copie-2\/\",\"url\":\"https:\/\/la-ptite-cerise.be\/en\/produit\/colombie-nasa-wesx-decaf-sugar-cane-copie-2\/\",\"name\":\"COLOMBIE Nasa Wesx d\u00e9caf Sugar Cane (Copie) - La P&#039;tite Cerise\",\"isPartOf\":{\"@id\":\"https:\/\/la-ptite-cerise.be\/#website\"},\"primaryImageOfPage\":{\"@id\":\"https:\/\/la-ptite-cerise.be\/en\/produit\/colombie-nasa-wesx-decaf-sugar-cane-copie-2\/#primaryimage\"},\"image\":{\"@id\":\"https:\/\/la-ptite-cerise.be\/en\/produit\/colombie-nasa-wesx-decaf-sugar-cane-copie-2\/#primaryimage\"},\"thumbnailUrl\":\"https:\/\/la-ptite-cerise.be\/wp-content\/uploads\/2025\/09\/Etiquettes-500x500px-Sueno09-2025.png\",\"datePublished\":\"2025-09-19T14:35:23+00:00\",\"dateModified\":\"2025-09-19T14:41:21+00:00\",\"breadcrumb\":{\"@id\":\"https:\/\/la-ptite-cerise.be\/en\/produit\/colombie-nasa-wesx-decaf-sugar-cane-copie-2\/#breadcrumb\"},\"inLanguage\":\"en-US\",\"potentialAction\":[{\"@type\":\"ReadAction\",\"target\":[\"https:\/\/la-ptite-cerise.be\/en\/produit\/colombie-nasa-wesx-decaf-sugar-cane-copie-2\/\"]}]},{\"@type\":\"ImageObject\",\"inLanguage\":\"en-US\",\"@id\":\"https:\/\/la-ptite-cerise.be\/en\/produit\/colombie-nasa-wesx-decaf-sugar-cane-copie-2\/#primaryimage\",\"url\":\"https:\/\/la-ptite-cerise.be\/wp-content\/uploads\/2025\/09\/Etiquettes-500x500px-Sueno09-2025.png\",\"contentUrl\":\"https:\/\/la-ptite-cerise.be\/wp-content\/uploads\/2025\/09\/Etiquettes-500x500px-Sueno09-2025.png\",\"width\":500,\"height\":500},{\"@type\":\"BreadcrumbList\",\"@id\":\"https:\/\/la-ptite-cerise.be\/en\/produit\/colombie-nasa-wesx-decaf-sugar-cane-copie-2\/#breadcrumb\",\"itemListElement\":[{\"@type\":\"ListItem\",\"position\":1,\"name\":\"Accueil\",\"item\":\"https:\/\/la-ptite-cerise.be\/en\/\"},{\"@type\":\"ListItem\",\"position\":2,\"name\":\"Store\",\"item\":\"https:\/\/la-ptite-cerise.be\/boutique\/\"},{\"@type\":\"ListItem\",\"position\":3,\"name\":\"COLOMBIE Nasa Wesx d\u00e9caf Sugar Cane (Copie)\"}]},{\"@type\":\"WebSite\",\"@id\":\"https:\/\/la-ptite-cerise.be\/#website\",\"url\":\"https:\/\/la-ptite-cerise.be\/\",\"name\":\"La P'tite Cerise\",\"description\":\"Artisan torr\u00e9facteur de caf\u00e9 de sp\u00e9cialit\u00e9. S\u00e9lection de th\u00e9s &amp; tisanes.\",\"publisher\":{\"@id\":\"https:\/\/la-ptite-cerise.be\/#organization\"},\"potentialAction\":[{\"@type\":\"SearchAction\",\"target\":{\"@type\":\"EntryPoint\",\"urlTemplate\":\"https:\/\/la-ptite-cerise.be\/?s={search_term_string}\"},\"query-input\":{\"@type\":\"PropertyValueSpecification\",\"valueRequired\":true,\"valueName\":\"search_term_string\"}}],\"inLanguage\":\"en-US\"},{\"@type\":\"Organization\",\"@id\":\"https:\/\/la-ptite-cerise.be\/#organization\",\"name\":\"La P'tite Cerise\",\"url\":\"https:\/\/la-ptite-cerise.be\/\",\"logo\":{\"@type\":\"ImageObject\",\"inLanguage\":\"en-US\",\"@id\":\"https:\/\/la-ptite-cerise.be\/#\/schema\/logo\/image\/\",\"url\":\"https:\/\/la-ptite-cerise.be\/wp-content\/uploads\/2020\/10\/logo-header-01.jpg\",\"contentUrl\":\"https:\/\/la-ptite-cerise.be\/wp-content\/uploads\/2020\/10\/logo-header-01.jpg\",\"width\":176,\"height\":100,\"caption\":\"La P'tite Cerise\"},\"image\":{\"@id\":\"https:\/\/la-ptite-cerise.be\/#\/schema\/logo\/image\/\"},\"sameAs\":[\"https:\/\/www.facebook.com\/laptitecerise\/\",\"https:\/\/www.instagram.com\/la.ptite_cerise\/\"]}]}<\/script>\n<!-- \/ Yoast SEO plugin. -->","yoast_head_json":{"title":"COLOMBIE Nasa Wesx d\u00e9caf Sugar Cane (Copie) - La P&#039;tite Cerise","robots":{"index":"index","follow":"follow","max-snippet":"max-snippet:-1","max-image-preview":"max-image-preview:large","max-video-preview":"max-video-preview:-1"},"canonical":"https:\/\/la-ptite-cerise.be\/en\/produit\/colombie-nasa-wesx-decaf-sugar-cane-copie-2\/","og_locale":"en_US","og_type":"article","og_title":"COLOMBIE Nasa Wesx d\u00e9caf Sugar Cane (Copie) - La P&#039;tite Cerise","og_description":"(48\u20ac\/kg) SCA score: 83Tasting notes: Panela, almond, dried fruits, citrus","og_url":"https:\/\/la-ptite-cerise.be\/en\/produit\/colombie-nasa-wesx-decaf-sugar-cane-copie-2\/","og_site_name":"La P&#039;tite Cerise","article_publisher":"https:\/\/www.facebook.com\/laptitecerise\/","article_modified_time":"2025-09-19T14:41:21+00:00","twitter_card":"summary_large_image","twitter_misc":{"Est. reading time":"1 minute"},"schema":{"@context":"https:\/\/schema.org","@graph":[{"@type":"WebPage","@id":"https:\/\/la-ptite-cerise.be\/en\/produit\/colombie-nasa-wesx-decaf-sugar-cane-copie-2\/","url":"https:\/\/la-ptite-cerise.be\/en\/produit\/colombie-nasa-wesx-decaf-sugar-cane-copie-2\/","name":"COLOMBIE Nasa Wesx d\u00e9caf Sugar Cane (Copie) - La P&#039;tite Cerise","isPartOf":{"@id":"https:\/\/la-ptite-cerise.be\/#website"},"primaryImageOfPage":{"@id":"https:\/\/la-ptite-cerise.be\/en\/produit\/colombie-nasa-wesx-decaf-sugar-cane-copie-2\/#primaryimage"},"image":{"@id":"https:\/\/la-ptite-cerise.be\/en\/produit\/colombie-nasa-wesx-decaf-sugar-cane-copie-2\/#primaryimage"},"thumbnailUrl":"https:\/\/la-ptite-cerise.be\/wp-content\/uploads\/2025\/09\/Etiquettes-500x500px-Sueno09-2025.png","datePublished":"2025-09-19T14:35:23+00:00","dateModified":"2025-09-19T14:41:21+00:00","breadcrumb":{"@id":"https:\/\/la-ptite-cerise.be\/en\/produit\/colombie-nasa-wesx-decaf-sugar-cane-copie-2\/#breadcrumb"},"inLanguage":"en-US","potentialAction":[{"@type":"ReadAction","target":["https:\/\/la-ptite-cerise.be\/en\/produit\/colombie-nasa-wesx-decaf-sugar-cane-copie-2\/"]}]},{"@type":"ImageObject","inLanguage":"en-US","@id":"https:\/\/la-ptite-cerise.be\/en\/produit\/colombie-nasa-wesx-decaf-sugar-cane-copie-2\/#primaryimage","url":"https:\/\/la-ptite-cerise.be\/wp-content\/uploads\/2025\/09\/Etiquettes-500x500px-Sueno09-2025.png","contentUrl":"https:\/\/la-ptite-cerise.be\/wp-content\/uploads\/2025\/09\/Etiquettes-500x500px-Sueno09-2025.png","width":500,"height":500},{"@type":"BreadcrumbList","@id":"https:\/\/la-ptite-cerise.be\/en\/produit\/colombie-nasa-wesx-decaf-sugar-cane-copie-2\/#breadcrumb","itemListElement":[{"@type":"ListItem","position":1,"name":"Accueil","item":"https:\/\/la-ptite-cerise.be\/en\/"},{"@type":"ListItem","position":2,"name":"Store","item":"https:\/\/la-ptite-cerise.be\/boutique\/"},{"@type":"ListItem","position":3,"name":"COLOMBIE Nasa Wesx d\u00e9caf Sugar Cane (Copie)"}]},{"@type":"WebSite","@id":"https:\/\/la-ptite-cerise.be\/#website","url":"https:\/\/la-ptite-cerise.be\/","name":"La P'tite Cerise","description":"Artisan torr\u00e9facteur de caf\u00e9 de sp\u00e9cialit\u00e9. S\u00e9lection de th\u00e9s &amp; tisanes.","publisher":{"@id":"https:\/\/la-ptite-cerise.be\/#organization"},"potentialAction":[{"@type":"SearchAction","target":{"@type":"EntryPoint","urlTemplate":"https:\/\/la-ptite-cerise.be\/?s={search_term_string}"},"query-input":{"@type":"PropertyValueSpecification","valueRequired":true,"valueName":"search_term_string"}}],"inLanguage":"en-US"},{"@type":"Organization","@id":"https:\/\/la-ptite-cerise.be\/#organization","name":"La P'tite Cerise","url":"https:\/\/la-ptite-cerise.be\/","logo":{"@type":"ImageObject","inLanguage":"en-US","@id":"https:\/\/la-ptite-cerise.be\/#\/schema\/logo\/image\/","url":"https:\/\/la-ptite-cerise.be\/wp-content\/uploads\/2020\/10\/logo-header-01.jpg","contentUrl":"https:\/\/la-ptite-cerise.be\/wp-content\/uploads\/2020\/10\/logo-header-01.jpg","width":176,"height":100,"caption":"La P'tite Cerise"},"image":{"@id":"https:\/\/la-ptite-cerise.be\/#\/schema\/logo\/image\/"},"sameAs":["https:\/\/www.facebook.com\/laptitecerise\/","https:\/\/www.instagram.com\/la.ptite_cerise\/"]}]}},"_links":{"self":[{"href":"https:\/\/la-ptite-cerise.be\/en\/wp-json\/wp\/v2\/product\/15456","targetHints":{"allow":["GET"]}}],"collection":[{"href":"https:\/\/la-ptite-cerise.be\/en\/wp-json\/wp\/v2\/product"}],"about":[{"href":"https:\/\/la-ptite-cerise.be\/en\/wp-json\/wp\/v2\/types\/product"}],"wp:featuredmedia":[{"embeddable":true,"href":"https:\/\/la-ptite-cerise.be\/en\/wp-json\/wp\/v2\/media\/15532"}],"wp:attachment":[{"href":"https:\/\/la-ptite-cerise.be\/en\/wp-json\/wp\/v2\/media?parent=15456"}],"wp:term":[{"taxonomy":"product_brand","embeddable":true,"href":"https:\/\/la-ptite-cerise.be\/en\/wp-json\/wp\/v2\/product_brand?post=15456"},{"taxonomy":"product_cat","embeddable":true,"href":"https:\/\/la-ptite-cerise.be\/en\/wp-json\/wp\/v2\/product_cat?post=15456"},{"taxonomy":"product_tag","embeddable":true,"href":"https:\/\/la-ptite-cerise.be\/en\/wp-json\/wp\/v2\/product_tag?post=15456"}],"curies":[{"name":"wp","href":"https:\/\/api.w.org\/{rel}","templated":true}]}}