{"id":15907,"date":"2025-10-28T12:38:32","date_gmt":"2025-10-28T11:38:32","guid":{"rendered":"https:\/\/la-ptite-cerise.be\/?post_type=product&#038;p=15907"},"modified":"2025-10-28T12:58:16","modified_gmt":"2025-10-28T11:58:16","slug":"the-noir-de-noel-copie-copie","status":"publish","type":"product","link":"https:\/\/la-ptite-cerise.be\/en\/produit\/the-noir-de-noel-copie-copie\/","title":{"rendered":"Roasty Christmas"},"content":{"rendered":"<ul data-start=\"2758\" data-end=\"2950\">\n<li data-start=\"2859\" data-end=\"2950\">\n<p data-start=\"1698\" data-end=\"2049\">A festive rooibos with fruity and spicy notes, where sweet apple meets warming cinnamon and refreshing mandarin. This premium blend, enriched with roasted buckwheat, cocoa nibs and a touch of coconut, delivers a round, indulgent and comforting cup. Perfect for a cosy holiday moment, naturally caffeine-free.<\/p>\n<p data-start=\"2051\" data-end=\"2069\"><strong data-start=\"2051\" data-end=\"2067\">\u2705 Highlights<\/strong><\/p>\n<ul data-start=\"2070\" data-end=\"2257\">\n<li data-start=\"2070\" data-end=\"2127\">\n<p data-start=\"2072\" data-end=\"2127\">Naturally caffeine-free rooibos, perfect for evenings<\/p>\n<\/li>\n<li data-start=\"2128\" data-end=\"2183\">\n<p data-start=\"2130\" data-end=\"2183\">Festive flavours: apple, cinnamon, mandarin &amp; cocoa<\/p>\n<\/li>\n<li data-start=\"2184\" data-end=\"2229\">\n<p data-start=\"2186\" data-end=\"2229\">Extra indulgence with coconut and popcorn<\/p>\n<\/li>\n<li data-start=\"2230\" data-end=\"2257\">\n<p data-start=\"2232\" data-end=\"2257\">Convenient 100 g sachet<\/p>\n<\/li>\n<\/ul>\n<p data-start=\"2259\" data-end=\"2613\"><strong data-start=\"2259\" data-end=\"2277\">\ud83d\udcdd Ingredients<\/strong><br data-start=\"2277\" data-end=\"2280\" \/>Premium blend crafted with ingredients from sustainable agriculture and natural flavourings.<br data-start=\"2372\" data-end=\"2375\" \/>Composition: natural rooibos, roasted buckwheat, cinnamon sticks, cocoa nibs, natural green apple flavouring, mandarin, coconut, natural cinnamon flavouring, popcorn, mandarin essential oil.<br data-start=\"2565\" data-end=\"2568\" \/>Allergens: may contain traces of tree-nuts.<\/p>\n<p data-start=\"2615\" data-end=\"2643\"><strong data-start=\"2615\" data-end=\"2641\">\u2615 Brewing Instructions<\/strong><\/p>\n<ul data-start=\"2644\" data-end=\"2819\">\n<li data-start=\"2644\" data-end=\"2676\">\n<p data-start=\"2646\" data-end=\"2676\">Water temperature: 95-100 \u00b0C<\/p>\n<\/li>\n<li data-start=\"2677\" data-end=\"2711\">\n<p data-start=\"2679\" data-end=\"2711\">Infusion time: 8 to 10 minutes<\/p>\n<\/li>\n<li data-start=\"2712\" data-end=\"2744\">\n<p data-start=\"2714\" data-end=\"2744\">Dosage: 15 to 20 g per litre<\/p>\n<\/li>\n<li data-start=\"2745\" data-end=\"2819\">\n<p data-start=\"2747\" data-end=\"2819\">Suggestion: enjoy plain or lightly sweetened to enhance the indulgence<\/p>\n<\/li>\n<\/ul>\n<p data-start=\"2861\" data-end=\"2950\">ghtly sweetened with honey to enhance the mellow sweetness<\/p>\n<\/li>\n<\/ul>\n","protected":false},"excerpt":{"rendered":"<p class=\"\" data-start=\"2798\" data-end=\"2925\">Festive rooibos with apple, cinnamon, mandarin, cocoa &amp; coconut \u2014 in 100 g sachet, perfect for a cosy Christmas break.<\/p>\n","protected":false},"featured_media":15909,"template":"","meta":[],"product_brand":[],"product_cat":[143],"product_tag":[],"class_list":{"0":"post-15907","1":"product","2":"type-product","3":"status-publish","4":"has-post-thumbnail","6":"product_cat-tea","8":"first","9":"instock","10":"taxable","11":"shipping-taxable","12":"purchasable","13":"product-type-simple"},"yoast_head":"<!-- This site is optimized with the Yoast SEO plugin v25.7 - https:\/\/yoast.com\/wordpress\/plugins\/seo\/ -->\n<title>Roasty Christmas - La P&#039;tite Cerise<\/title>\n<meta name=\"robots\" content=\"index, follow, max-snippet:-1, max-image-preview:large, max-video-preview:-1\" \/>\n<link rel=\"canonical\" href=\"https:\/\/la-ptite-cerise.be\/en\/produit\/the-noir-de-noel-copie-copie\/\" \/>\n<meta property=\"og:locale\" content=\"en_US\" \/>\n<meta property=\"og:type\" content=\"article\" \/>\n<meta property=\"og:title\" content=\"Roasty Christmas - La P&#039;tite Cerise\" \/>\n<meta property=\"og:description\" content=\"Festive rooibos with apple, cinnamon, mandarin, cocoa &amp; coconut \u2014 in 100 g sachet, perfect for a cosy Christmas break.\" \/>\n<meta property=\"og:url\" content=\"https:\/\/la-ptite-cerise.be\/en\/produit\/the-noir-de-noel-copie-copie\/\" \/>\n<meta property=\"og:site_name\" content=\"La P&#039;tite Cerise\" \/>\n<meta property=\"article:publisher\" content=\"https:\/\/www.facebook.com\/laptitecerise\/\" \/>\n<meta property=\"article:modified_time\" content=\"2025-10-28T11:58:16+00:00\" \/>\n<meta property=\"og:image\" content=\"https:\/\/la-ptite-cerise.be\/wp-content\/uploads\/2025\/10\/84486_1.jpg\" \/>\n\t<meta property=\"og:image:width\" content=\"500\" \/>\n\t<meta property=\"og:image:height\" content=\"500\" \/>\n\t<meta property=\"og:image:type\" content=\"image\/jpeg\" \/>\n<meta name=\"twitter:card\" content=\"summary_large_image\" \/>\n<meta name=\"twitter:label1\" content=\"Est. reading time\" \/>\n\t<meta name=\"twitter:data1\" content=\"1 minute\" \/>\n<script type=\"application\/ld+json\" class=\"yoast-schema-graph\">{\"@context\":\"https:\/\/schema.org\",\"@graph\":[{\"@type\":\"WebPage\",\"@id\":\"https:\/\/la-ptite-cerise.be\/en\/produit\/the-noir-de-noel-copie-copie\/\",\"url\":\"https:\/\/la-ptite-cerise.be\/en\/produit\/the-noir-de-noel-copie-copie\/\",\"name\":\"Roasty Christmas - La P&#039;tite Cerise\",\"isPartOf\":{\"@id\":\"https:\/\/la-ptite-cerise.be\/#website\"},\"primaryImageOfPage\":{\"@id\":\"https:\/\/la-ptite-cerise.be\/en\/produit\/the-noir-de-noel-copie-copie\/#primaryimage\"},\"image\":{\"@id\":\"https:\/\/la-ptite-cerise.be\/en\/produit\/the-noir-de-noel-copie-copie\/#primaryimage\"},\"thumbnailUrl\":\"https:\/\/la-ptite-cerise.be\/wp-content\/uploads\/2025\/10\/84486_1.jpg\",\"datePublished\":\"2025-10-28T11:38:32+00:00\",\"dateModified\":\"2025-10-28T11:58:16+00:00\",\"breadcrumb\":{\"@id\":\"https:\/\/la-ptite-cerise.be\/en\/produit\/the-noir-de-noel-copie-copie\/#breadcrumb\"},\"inLanguage\":\"en-US\",\"potentialAction\":[{\"@type\":\"ReadAction\",\"target\":[\"https:\/\/la-ptite-cerise.be\/en\/produit\/the-noir-de-noel-copie-copie\/\"]}]},{\"@type\":\"ImageObject\",\"inLanguage\":\"en-US\",\"@id\":\"https:\/\/la-ptite-cerise.be\/en\/produit\/the-noir-de-noel-copie-copie\/#primaryimage\",\"url\":\"https:\/\/la-ptite-cerise.be\/wp-content\/uploads\/2025\/10\/84486_1.jpg\",\"contentUrl\":\"https:\/\/la-ptite-cerise.be\/wp-content\/uploads\/2025\/10\/84486_1.jpg\",\"width\":500,\"height\":500},{\"@type\":\"BreadcrumbList\",\"@id\":\"https:\/\/la-ptite-cerise.be\/en\/produit\/the-noir-de-noel-copie-copie\/#breadcrumb\",\"itemListElement\":[{\"@type\":\"ListItem\",\"position\":1,\"name\":\"Accueil\",\"item\":\"https:\/\/la-ptite-cerise.be\/en\/\"},{\"@type\":\"ListItem\",\"position\":2,\"name\":\"Store\",\"item\":\"https:\/\/la-ptite-cerise.be\/boutique\/\"},{\"@type\":\"ListItem\",\"position\":3,\"name\":\"Roasty Christmas\"}]},{\"@type\":\"WebSite\",\"@id\":\"https:\/\/la-ptite-cerise.be\/#website\",\"url\":\"https:\/\/la-ptite-cerise.be\/\",\"name\":\"La P'tite Cerise\",\"description\":\"Artisan torr\u00e9facteur de caf\u00e9 de sp\u00e9cialit\u00e9. S\u00e9lection de th\u00e9s &amp; tisanes.\",\"publisher\":{\"@id\":\"https:\/\/la-ptite-cerise.be\/#organization\"},\"potentialAction\":[{\"@type\":\"SearchAction\",\"target\":{\"@type\":\"EntryPoint\",\"urlTemplate\":\"https:\/\/la-ptite-cerise.be\/?s={search_term_string}\"},\"query-input\":{\"@type\":\"PropertyValueSpecification\",\"valueRequired\":true,\"valueName\":\"search_term_string\"}}],\"inLanguage\":\"en-US\"},{\"@type\":\"Organization\",\"@id\":\"https:\/\/la-ptite-cerise.be\/#organization\",\"name\":\"La P'tite Cerise\",\"url\":\"https:\/\/la-ptite-cerise.be\/\",\"logo\":{\"@type\":\"ImageObject\",\"inLanguage\":\"en-US\",\"@id\":\"https:\/\/la-ptite-cerise.be\/#\/schema\/logo\/image\/\",\"url\":\"https:\/\/la-ptite-cerise.be\/wp-content\/uploads\/2020\/10\/logo-header-01.jpg\",\"contentUrl\":\"https:\/\/la-ptite-cerise.be\/wp-content\/uploads\/2020\/10\/logo-header-01.jpg\",\"width\":176,\"height\":100,\"caption\":\"La P'tite Cerise\"},\"image\":{\"@id\":\"https:\/\/la-ptite-cerise.be\/#\/schema\/logo\/image\/\"},\"sameAs\":[\"https:\/\/www.facebook.com\/laptitecerise\/\",\"https:\/\/www.instagram.com\/la.ptite_cerise\/\"]}]}<\/script>\n<!-- \/ Yoast SEO plugin. -->","yoast_head_json":{"title":"Roasty Christmas - La P&#039;tite Cerise","robots":{"index":"index","follow":"follow","max-snippet":"max-snippet:-1","max-image-preview":"max-image-preview:large","max-video-preview":"max-video-preview:-1"},"canonical":"https:\/\/la-ptite-cerise.be\/en\/produit\/the-noir-de-noel-copie-copie\/","og_locale":"en_US","og_type":"article","og_title":"Roasty Christmas - La P&#039;tite Cerise","og_description":"Festive rooibos with apple, cinnamon, mandarin, cocoa &amp; coconut \u2014 in 100 g sachet, perfect for a cosy Christmas break.","og_url":"https:\/\/la-ptite-cerise.be\/en\/produit\/the-noir-de-noel-copie-copie\/","og_site_name":"La P&#039;tite Cerise","article_publisher":"https:\/\/www.facebook.com\/laptitecerise\/","article_modified_time":"2025-10-28T11:58:16+00:00","og_image":[{"width":500,"height":500,"url":"https:\/\/la-ptite-cerise.be\/wp-content\/uploads\/2025\/10\/84486_1.jpg","type":"image\/jpeg"}],"twitter_card":"summary_large_image","twitter_misc":{"Est. reading time":"1 minute"},"schema":{"@context":"https:\/\/schema.org","@graph":[{"@type":"WebPage","@id":"https:\/\/la-ptite-cerise.be\/en\/produit\/the-noir-de-noel-copie-copie\/","url":"https:\/\/la-ptite-cerise.be\/en\/produit\/the-noir-de-noel-copie-copie\/","name":"Roasty Christmas - La P&#039;tite Cerise","isPartOf":{"@id":"https:\/\/la-ptite-cerise.be\/#website"},"primaryImageOfPage":{"@id":"https:\/\/la-ptite-cerise.be\/en\/produit\/the-noir-de-noel-copie-copie\/#primaryimage"},"image":{"@id":"https:\/\/la-ptite-cerise.be\/en\/produit\/the-noir-de-noel-copie-copie\/#primaryimage"},"thumbnailUrl":"https:\/\/la-ptite-cerise.be\/wp-content\/uploads\/2025\/10\/84486_1.jpg","datePublished":"2025-10-28T11:38:32+00:00","dateModified":"2025-10-28T11:58:16+00:00","breadcrumb":{"@id":"https:\/\/la-ptite-cerise.be\/en\/produit\/the-noir-de-noel-copie-copie\/#breadcrumb"},"inLanguage":"en-US","potentialAction":[{"@type":"ReadAction","target":["https:\/\/la-ptite-cerise.be\/en\/produit\/the-noir-de-noel-copie-copie\/"]}]},{"@type":"ImageObject","inLanguage":"en-US","@id":"https:\/\/la-ptite-cerise.be\/en\/produit\/the-noir-de-noel-copie-copie\/#primaryimage","url":"https:\/\/la-ptite-cerise.be\/wp-content\/uploads\/2025\/10\/84486_1.jpg","contentUrl":"https:\/\/la-ptite-cerise.be\/wp-content\/uploads\/2025\/10\/84486_1.jpg","width":500,"height":500},{"@type":"BreadcrumbList","@id":"https:\/\/la-ptite-cerise.be\/en\/produit\/the-noir-de-noel-copie-copie\/#breadcrumb","itemListElement":[{"@type":"ListItem","position":1,"name":"Accueil","item":"https:\/\/la-ptite-cerise.be\/en\/"},{"@type":"ListItem","position":2,"name":"Store","item":"https:\/\/la-ptite-cerise.be\/boutique\/"},{"@type":"ListItem","position":3,"name":"Roasty Christmas"}]},{"@type":"WebSite","@id":"https:\/\/la-ptite-cerise.be\/#website","url":"https:\/\/la-ptite-cerise.be\/","name":"La P'tite Cerise","description":"Artisan torr\u00e9facteur de caf\u00e9 de sp\u00e9cialit\u00e9. S\u00e9lection de th\u00e9s &amp; tisanes.","publisher":{"@id":"https:\/\/la-ptite-cerise.be\/#organization"},"potentialAction":[{"@type":"SearchAction","target":{"@type":"EntryPoint","urlTemplate":"https:\/\/la-ptite-cerise.be\/?s={search_term_string}"},"query-input":{"@type":"PropertyValueSpecification","valueRequired":true,"valueName":"search_term_string"}}],"inLanguage":"en-US"},{"@type":"Organization","@id":"https:\/\/la-ptite-cerise.be\/#organization","name":"La P'tite Cerise","url":"https:\/\/la-ptite-cerise.be\/","logo":{"@type":"ImageObject","inLanguage":"en-US","@id":"https:\/\/la-ptite-cerise.be\/#\/schema\/logo\/image\/","url":"https:\/\/la-ptite-cerise.be\/wp-content\/uploads\/2020\/10\/logo-header-01.jpg","contentUrl":"https:\/\/la-ptite-cerise.be\/wp-content\/uploads\/2020\/10\/logo-header-01.jpg","width":176,"height":100,"caption":"La P'tite Cerise"},"image":{"@id":"https:\/\/la-ptite-cerise.be\/#\/schema\/logo\/image\/"},"sameAs":["https:\/\/www.facebook.com\/laptitecerise\/","https:\/\/www.instagram.com\/la.ptite_cerise\/"]}]}},"_links":{"self":[{"href":"https:\/\/la-ptite-cerise.be\/en\/wp-json\/wp\/v2\/product\/15907","targetHints":{"allow":["GET"]}}],"collection":[{"href":"https:\/\/la-ptite-cerise.be\/en\/wp-json\/wp\/v2\/product"}],"about":[{"href":"https:\/\/la-ptite-cerise.be\/en\/wp-json\/wp\/v2\/types\/product"}],"wp:featuredmedia":[{"embeddable":true,"href":"https:\/\/la-ptite-cerise.be\/en\/wp-json\/wp\/v2\/media\/15909"}],"wp:attachment":[{"href":"https:\/\/la-ptite-cerise.be\/en\/wp-json\/wp\/v2\/media?parent=15907"}],"wp:term":[{"taxonomy":"product_brand","embeddable":true,"href":"https:\/\/la-ptite-cerise.be\/en\/wp-json\/wp\/v2\/product_brand?post=15907"},{"taxonomy":"product_cat","embeddable":true,"href":"https:\/\/la-ptite-cerise.be\/en\/wp-json\/wp\/v2\/product_cat?post=15907"},{"taxonomy":"product_tag","embeddable":true,"href":"https:\/\/la-ptite-cerise.be\/en\/wp-json\/wp\/v2\/product_tag?post=15907"}],"curies":[{"name":"wp","href":"https:\/\/api.w.org\/{rel}","templated":true}]}}