{"id":15911,"date":"2025-10-28T12:48:39","date_gmt":"2025-10-28T11:48:39","guid":{"rendered":"https:\/\/la-ptite-cerise.be\/?post_type=product&#038;p=15911"},"modified":"2025-10-28T12:56:06","modified_gmt":"2025-10-28T11:56:06","slug":"the-noir-de-noel-copie-copie-2","status":"publish","type":"product","link":"https:\/\/la-ptite-cerise.be\/en\/produit\/the-noir-de-noel-copie-copie-2\/","title":{"rendered":"Magie de No\u00ebl"},"content":{"rendered":"<p data-start=\"1684\" data-end=\"2154\">A festive black tea with the original notes of maple syrup and chestnuts. This premium blend evokes the warm, indulgent spirit of the holidays: a base of black teas (Ceylon, South India, China) enhanced with pumpkin, apple, popcorn, sweet caramel, almond and a touch of cinnamon. The cup offers a comforting roundness, balancing sweet smoothness with roasted undertones. Perfect with dessert or enjoyed on its own by the fireside.<\/p>\n<p data-start=\"2156\" data-end=\"2174\"><strong data-start=\"2156\" data-end=\"2172\">\u2705 Highlights<\/strong><\/p>\n<ul data-start=\"2175\" data-end=\"2361\">\n<li data-start=\"2175\" data-end=\"2235\">\n<p data-start=\"2177\" data-end=\"2235\">Black tea with original maple syrup and chestnut flavour<\/p>\n<\/li>\n<li data-start=\"2236\" data-end=\"2303\">\n<p data-start=\"2238\" data-end=\"2303\">Gourmet combination: apple, caramel, popcorn, cinnamon &amp; almond<\/p>\n<\/li>\n<li data-start=\"2304\" data-end=\"2361\">\n<p data-start=\"2306\" data-end=\"2361\">Convenient 100 g sachet, great for festive indulgence<\/p>\n<\/li>\n<\/ul>\n<p data-start=\"2363\" data-end=\"2733\"><strong data-start=\"2363\" data-end=\"2381\">\ud83d\udcdd Ingredients<\/strong><br data-start=\"2381\" data-end=\"2384\" \/>Premium blend crafted with ingredients from sustainable agriculture and natural flavourings.<br data-start=\"2476\" data-end=\"2479\" \/>Composition: black tea (Ceylon, South India, China), pumpkin, apple, flavouring, apple, popcorn, <strong data-start=\"2576\" data-end=\"2586\">almond<\/strong>, caramel (sugar, glucose syrup, butter, cream, water), crushed cinnamon.<br data-start=\"2659\" data-end=\"2662\" \/>Allergens: contains almond, milk and may contain traces of tree-nuts.<\/p>\n<p data-start=\"2735\" data-end=\"2763\"><strong data-start=\"2735\" data-end=\"2761\">\u2615 Brewing Instructions<\/strong><\/p>\n<ul data-start=\"2764\" data-end=\"2934\">\n<li data-start=\"2764\" data-end=\"2795\">\n<p data-start=\"2766\" data-end=\"2795\">Water temperature: 90-95 \u00b0C<\/p>\n<\/li>\n<li data-start=\"2796\" data-end=\"2829\">\n<p data-start=\"2798\" data-end=\"2829\">Infusion time: 3 to 5 minutes<\/p>\n<\/li>\n<li data-start=\"2830\" data-end=\"2862\">\n<p data-start=\"2832\" data-end=\"2862\">Dosage: 15 to 20 g per litre<\/p>\n<\/li>\n<li data-start=\"2863\" data-end=\"2934\">\n<p data-start=\"2865\" data-end=\"2934\">Suggestion: pairs wonderfully with shortbread or nut-based desserts<\/p>\n<\/li>\n<\/ul>\n","protected":false},"excerpt":{"rendered":"<p class=\"\" data-start=\"2798\" data-end=\"2925\">Black tea with maple syrup &amp; chestnut flavour, blended with apple, caramel, almond &amp; cinnamon \u2014 in 100 g sachet, perfect for a cosy Christmas break.<\/p>\n","protected":false},"featured_media":15913,"template":"","meta":[],"product_brand":[],"product_cat":[143],"product_tag":[],"class_list":{"0":"post-15911","1":"product","2":"type-product","3":"status-publish","4":"has-post-thumbnail","6":"product_cat-tea","8":"first","9":"instock","10":"taxable","11":"shipping-taxable","12":"purchasable","13":"product-type-simple"},"yoast_head":"<!-- This site is optimized with the Yoast SEO plugin v25.7 - https:\/\/yoast.com\/wordpress\/plugins\/seo\/ -->\n<title>Magie de No\u00ebl - La P&#039;tite Cerise<\/title>\n<meta name=\"robots\" content=\"index, follow, max-snippet:-1, max-image-preview:large, max-video-preview:-1\" \/>\n<link rel=\"canonical\" href=\"https:\/\/la-ptite-cerise.be\/en\/produit\/the-noir-de-noel-copie-copie-2\/\" \/>\n<meta property=\"og:locale\" content=\"en_US\" \/>\n<meta property=\"og:type\" content=\"article\" \/>\n<meta property=\"og:title\" content=\"Magie de No\u00ebl - La P&#039;tite Cerise\" \/>\n<meta property=\"og:description\" content=\"Black tea with maple syrup &amp; chestnut flavour, blended with apple, caramel, almond &amp; cinnamon \u2014 in 100 g sachet, perfect for a cosy Christmas break.\" \/>\n<meta property=\"og:url\" content=\"https:\/\/la-ptite-cerise.be\/en\/produit\/the-noir-de-noel-copie-copie-2\/\" \/>\n<meta property=\"og:site_name\" content=\"La P&#039;tite Cerise\" \/>\n<meta property=\"article:publisher\" content=\"https:\/\/www.facebook.com\/laptitecerise\/\" \/>\n<meta property=\"article:modified_time\" content=\"2025-10-28T11:56:06+00:00\" \/>\n<meta property=\"og:image\" content=\"https:\/\/la-ptite-cerise.be\/wp-content\/uploads\/2025\/10\/84206_1.jpeg\" \/>\n\t<meta property=\"og:image:width\" content=\"500\" \/>\n\t<meta property=\"og:image:height\" content=\"500\" \/>\n\t<meta property=\"og:image:type\" content=\"image\/jpeg\" \/>\n<meta name=\"twitter:card\" content=\"summary_large_image\" \/>\n<meta name=\"twitter:label1\" content=\"Est. reading time\" \/>\n\t<meta name=\"twitter:data1\" content=\"1 minute\" \/>\n<script type=\"application\/ld+json\" class=\"yoast-schema-graph\">{\"@context\":\"https:\/\/schema.org\",\"@graph\":[{\"@type\":\"WebPage\",\"@id\":\"https:\/\/la-ptite-cerise.be\/en\/produit\/the-noir-de-noel-copie-copie-2\/\",\"url\":\"https:\/\/la-ptite-cerise.be\/en\/produit\/the-noir-de-noel-copie-copie-2\/\",\"name\":\"Magie de No\u00ebl - La P&#039;tite Cerise\",\"isPartOf\":{\"@id\":\"https:\/\/la-ptite-cerise.be\/#website\"},\"primaryImageOfPage\":{\"@id\":\"https:\/\/la-ptite-cerise.be\/en\/produit\/the-noir-de-noel-copie-copie-2\/#primaryimage\"},\"image\":{\"@id\":\"https:\/\/la-ptite-cerise.be\/en\/produit\/the-noir-de-noel-copie-copie-2\/#primaryimage\"},\"thumbnailUrl\":\"https:\/\/la-ptite-cerise.be\/wp-content\/uploads\/2025\/10\/84206_1.jpeg\",\"datePublished\":\"2025-10-28T11:48:39+00:00\",\"dateModified\":\"2025-10-28T11:56:06+00:00\",\"breadcrumb\":{\"@id\":\"https:\/\/la-ptite-cerise.be\/en\/produit\/the-noir-de-noel-copie-copie-2\/#breadcrumb\"},\"inLanguage\":\"en-US\",\"potentialAction\":[{\"@type\":\"ReadAction\",\"target\":[\"https:\/\/la-ptite-cerise.be\/en\/produit\/the-noir-de-noel-copie-copie-2\/\"]}]},{\"@type\":\"ImageObject\",\"inLanguage\":\"en-US\",\"@id\":\"https:\/\/la-ptite-cerise.be\/en\/produit\/the-noir-de-noel-copie-copie-2\/#primaryimage\",\"url\":\"https:\/\/la-ptite-cerise.be\/wp-content\/uploads\/2025\/10\/84206_1.jpeg\",\"contentUrl\":\"https:\/\/la-ptite-cerise.be\/wp-content\/uploads\/2025\/10\/84206_1.jpeg\",\"width\":500,\"height\":500},{\"@type\":\"BreadcrumbList\",\"@id\":\"https:\/\/la-ptite-cerise.be\/en\/produit\/the-noir-de-noel-copie-copie-2\/#breadcrumb\",\"itemListElement\":[{\"@type\":\"ListItem\",\"position\":1,\"name\":\"Accueil\",\"item\":\"https:\/\/la-ptite-cerise.be\/en\/\"},{\"@type\":\"ListItem\",\"position\":2,\"name\":\"Store\",\"item\":\"https:\/\/la-ptite-cerise.be\/boutique\/\"},{\"@type\":\"ListItem\",\"position\":3,\"name\":\"Magie de No\u00ebl\"}]},{\"@type\":\"WebSite\",\"@id\":\"https:\/\/la-ptite-cerise.be\/#website\",\"url\":\"https:\/\/la-ptite-cerise.be\/\",\"name\":\"La P'tite Cerise\",\"description\":\"Artisan torr\u00e9facteur de caf\u00e9 de sp\u00e9cialit\u00e9. S\u00e9lection de th\u00e9s &amp; tisanes.\",\"publisher\":{\"@id\":\"https:\/\/la-ptite-cerise.be\/#organization\"},\"potentialAction\":[{\"@type\":\"SearchAction\",\"target\":{\"@type\":\"EntryPoint\",\"urlTemplate\":\"https:\/\/la-ptite-cerise.be\/?s={search_term_string}\"},\"query-input\":{\"@type\":\"PropertyValueSpecification\",\"valueRequired\":true,\"valueName\":\"search_term_string\"}}],\"inLanguage\":\"en-US\"},{\"@type\":\"Organization\",\"@id\":\"https:\/\/la-ptite-cerise.be\/#organization\",\"name\":\"La P'tite Cerise\",\"url\":\"https:\/\/la-ptite-cerise.be\/\",\"logo\":{\"@type\":\"ImageObject\",\"inLanguage\":\"en-US\",\"@id\":\"https:\/\/la-ptite-cerise.be\/#\/schema\/logo\/image\/\",\"url\":\"https:\/\/la-ptite-cerise.be\/wp-content\/uploads\/2020\/10\/logo-header-01.jpg\",\"contentUrl\":\"https:\/\/la-ptite-cerise.be\/wp-content\/uploads\/2020\/10\/logo-header-01.jpg\",\"width\":176,\"height\":100,\"caption\":\"La P'tite Cerise\"},\"image\":{\"@id\":\"https:\/\/la-ptite-cerise.be\/#\/schema\/logo\/image\/\"},\"sameAs\":[\"https:\/\/www.facebook.com\/laptitecerise\/\",\"https:\/\/www.instagram.com\/la.ptite_cerise\/\"]}]}<\/script>\n<!-- \/ Yoast SEO plugin. -->","yoast_head_json":{"title":"Magie de No\u00ebl - La P&#039;tite Cerise","robots":{"index":"index","follow":"follow","max-snippet":"max-snippet:-1","max-image-preview":"max-image-preview:large","max-video-preview":"max-video-preview:-1"},"canonical":"https:\/\/la-ptite-cerise.be\/en\/produit\/the-noir-de-noel-copie-copie-2\/","og_locale":"en_US","og_type":"article","og_title":"Magie de No\u00ebl - La P&#039;tite Cerise","og_description":"Black tea with maple syrup &amp; chestnut flavour, blended with apple, caramel, almond &amp; cinnamon \u2014 in 100 g sachet, perfect for a cosy Christmas break.","og_url":"https:\/\/la-ptite-cerise.be\/en\/produit\/the-noir-de-noel-copie-copie-2\/","og_site_name":"La P&#039;tite Cerise","article_publisher":"https:\/\/www.facebook.com\/laptitecerise\/","article_modified_time":"2025-10-28T11:56:06+00:00","og_image":[{"width":500,"height":500,"url":"https:\/\/la-ptite-cerise.be\/wp-content\/uploads\/2025\/10\/84206_1.jpeg","type":"image\/jpeg"}],"twitter_card":"summary_large_image","twitter_misc":{"Est. reading time":"1 minute"},"schema":{"@context":"https:\/\/schema.org","@graph":[{"@type":"WebPage","@id":"https:\/\/la-ptite-cerise.be\/en\/produit\/the-noir-de-noel-copie-copie-2\/","url":"https:\/\/la-ptite-cerise.be\/en\/produit\/the-noir-de-noel-copie-copie-2\/","name":"Magie de No\u00ebl - La P&#039;tite Cerise","isPartOf":{"@id":"https:\/\/la-ptite-cerise.be\/#website"},"primaryImageOfPage":{"@id":"https:\/\/la-ptite-cerise.be\/en\/produit\/the-noir-de-noel-copie-copie-2\/#primaryimage"},"image":{"@id":"https:\/\/la-ptite-cerise.be\/en\/produit\/the-noir-de-noel-copie-copie-2\/#primaryimage"},"thumbnailUrl":"https:\/\/la-ptite-cerise.be\/wp-content\/uploads\/2025\/10\/84206_1.jpeg","datePublished":"2025-10-28T11:48:39+00:00","dateModified":"2025-10-28T11:56:06+00:00","breadcrumb":{"@id":"https:\/\/la-ptite-cerise.be\/en\/produit\/the-noir-de-noel-copie-copie-2\/#breadcrumb"},"inLanguage":"en-US","potentialAction":[{"@type":"ReadAction","target":["https:\/\/la-ptite-cerise.be\/en\/produit\/the-noir-de-noel-copie-copie-2\/"]}]},{"@type":"ImageObject","inLanguage":"en-US","@id":"https:\/\/la-ptite-cerise.be\/en\/produit\/the-noir-de-noel-copie-copie-2\/#primaryimage","url":"https:\/\/la-ptite-cerise.be\/wp-content\/uploads\/2025\/10\/84206_1.jpeg","contentUrl":"https:\/\/la-ptite-cerise.be\/wp-content\/uploads\/2025\/10\/84206_1.jpeg","width":500,"height":500},{"@type":"BreadcrumbList","@id":"https:\/\/la-ptite-cerise.be\/en\/produit\/the-noir-de-noel-copie-copie-2\/#breadcrumb","itemListElement":[{"@type":"ListItem","position":1,"name":"Accueil","item":"https:\/\/la-ptite-cerise.be\/en\/"},{"@type":"ListItem","position":2,"name":"Store","item":"https:\/\/la-ptite-cerise.be\/boutique\/"},{"@type":"ListItem","position":3,"name":"Magie de No\u00ebl"}]},{"@type":"WebSite","@id":"https:\/\/la-ptite-cerise.be\/#website","url":"https:\/\/la-ptite-cerise.be\/","name":"La P'tite Cerise","description":"Artisan torr\u00e9facteur de caf\u00e9 de sp\u00e9cialit\u00e9. S\u00e9lection de th\u00e9s &amp; tisanes.","publisher":{"@id":"https:\/\/la-ptite-cerise.be\/#organization"},"potentialAction":[{"@type":"SearchAction","target":{"@type":"EntryPoint","urlTemplate":"https:\/\/la-ptite-cerise.be\/?s={search_term_string}"},"query-input":{"@type":"PropertyValueSpecification","valueRequired":true,"valueName":"search_term_string"}}],"inLanguage":"en-US"},{"@type":"Organization","@id":"https:\/\/la-ptite-cerise.be\/#organization","name":"La P'tite Cerise","url":"https:\/\/la-ptite-cerise.be\/","logo":{"@type":"ImageObject","inLanguage":"en-US","@id":"https:\/\/la-ptite-cerise.be\/#\/schema\/logo\/image\/","url":"https:\/\/la-ptite-cerise.be\/wp-content\/uploads\/2020\/10\/logo-header-01.jpg","contentUrl":"https:\/\/la-ptite-cerise.be\/wp-content\/uploads\/2020\/10\/logo-header-01.jpg","width":176,"height":100,"caption":"La P'tite Cerise"},"image":{"@id":"https:\/\/la-ptite-cerise.be\/#\/schema\/logo\/image\/"},"sameAs":["https:\/\/www.facebook.com\/laptitecerise\/","https:\/\/www.instagram.com\/la.ptite_cerise\/"]}]}},"_links":{"self":[{"href":"https:\/\/la-ptite-cerise.be\/en\/wp-json\/wp\/v2\/product\/15911","targetHints":{"allow":["GET"]}}],"collection":[{"href":"https:\/\/la-ptite-cerise.be\/en\/wp-json\/wp\/v2\/product"}],"about":[{"href":"https:\/\/la-ptite-cerise.be\/en\/wp-json\/wp\/v2\/types\/product"}],"wp:featuredmedia":[{"embeddable":true,"href":"https:\/\/la-ptite-cerise.be\/en\/wp-json\/wp\/v2\/media\/15913"}],"wp:attachment":[{"href":"https:\/\/la-ptite-cerise.be\/en\/wp-json\/wp\/v2\/media?parent=15911"}],"wp:term":[{"taxonomy":"product_brand","embeddable":true,"href":"https:\/\/la-ptite-cerise.be\/en\/wp-json\/wp\/v2\/product_brand?post=15911"},{"taxonomy":"product_cat","embeddable":true,"href":"https:\/\/la-ptite-cerise.be\/en\/wp-json\/wp\/v2\/product_cat?post=15911"},{"taxonomy":"product_tag","embeddable":true,"href":"https:\/\/la-ptite-cerise.be\/en\/wp-json\/wp\/v2\/product_tag?post=15911"}],"curies":[{"name":"wp","href":"https:\/\/api.w.org\/{rel}","templated":true}]}}