{"id":15953,"date":"2025-11-03T17:20:07","date_gmt":"2025-11-03T16:20:07","guid":{"rendered":"https:\/\/la-ptite-cerise.be\/?post_type=product&#038;p=15953"},"modified":"2025-11-03T17:26:41","modified_gmt":"2025-11-03T16:26:41","slug":"papouasie-nouvelle-guinee-raggiana-copie","status":"publish","type":"product","link":"https:\/\/la-ptite-cerise.be\/en\/produit\/papouasie-nouvelle-guinee-raggiana-copie\/","title":{"rendered":"COSTA RICA Tico LAVE"},"content":{"rendered":"<h2 data-start=\"2393\" data-end=\"2490\"><strong data-start=\"2401\" data-end=\"2490\">\u2615 A gourmet Costa Rican coffee with golden honey, smooth caramel and cocoa bean notes<\/strong><\/h2>\n<p data-start=\"2492\" data-end=\"2776\"><strong data-start=\"2492\" data-end=\"2503\">Origin:<\/strong> West Valley, San Ramon, Costa Rica<br data-start=\"2538\" data-end=\"2541\" \/><strong data-start=\"2541\" data-end=\"2555\">Producers:<\/strong> Smallholder farmers \u2013 Coopro Naranjo Cooperative (NAMA Project)<br data-start=\"2619\" data-end=\"2622\" \/><strong data-start=\"2622\" data-end=\"2635\">Altitude:<\/strong> 1,200 \u2013 1,700 m<br data-start=\"2651\" data-end=\"2654\" \/><strong data-start=\"2654\" data-end=\"2668\">Varieties:<\/strong> Caturra, Catua\u00ed<br data-start=\"2684\" data-end=\"2687\" \/><strong data-start=\"2687\" data-end=\"2699\">Process:<\/strong> Washed<br data-start=\"2706\" data-end=\"2709\" \/><strong data-start=\"2709\" data-end=\"2723\">SCA Score:<\/strong> 83<br data-start=\"2726\" data-end=\"2729\" \/><strong data-start=\"2729\" data-end=\"2747\">Tasting notes:<\/strong> Caramel, honey, cocoa bean<\/p>\n<hr data-start=\"2778\" data-end=\"2781\" \/>\n<h3 data-start=\"2783\" data-end=\"2810\"><strong data-start=\"2787\" data-end=\"2808\">About this coffee<\/strong><\/h3>\n<p data-start=\"2811\" data-end=\"3142\">This coffee comes from the <strong data-start=\"2838\" data-end=\"2853\">West Valley<\/strong> in the highlands of <strong data-start=\"2874\" data-end=\"2887\">San Ramon<\/strong>, where a community of small producers grows Arabica with dedication and care.<br data-start=\"2965\" data-end=\"2968\" \/>They are part of the <strong data-start=\"2989\" data-end=\"3010\">NAMA Caf\u00e9 project<\/strong>, a national environmental program aimed at <strong data-start=\"3054\" data-end=\"3091\">reducing greenhouse gas emissions<\/strong> and <strong data-start=\"3096\" data-end=\"3139\">promoting sustainable farming practices<\/strong>.<\/p>\n<p data-start=\"3144\" data-end=\"3387\">Under the guidance of <strong data-start=\"3166\" data-end=\"3184\">Coopro Naranjo<\/strong> agronomists, farmers carefully monitor the brix levels to determine the optimal harvest time. The coffee is depulped and washed using modern <strong data-start=\"3326\" data-end=\"3347\">Penagos equipment<\/strong>, ensuring a clean and consistent cup.<\/p>\n<p data-start=\"3389\" data-end=\"3643\">In the cup, the profile is <strong data-start=\"3416\" data-end=\"3438\">balanced and silky<\/strong>, offering gentle sweetness with <strong data-start=\"3471\" data-end=\"3482\">caramel<\/strong>, <strong data-start=\"3484\" data-end=\"3500\">golden honey<\/strong>, and <strong data-start=\"3506\" data-end=\"3520\">cocoa bean<\/strong> notes.<br data-start=\"3527\" data-end=\"3530\" \/>A sincere coffee that captures the essence of Costa Rican craftsmanship and respect for both people and nature.<\/p>\n","protected":false},"excerpt":{"rendered":"<h3>(50\u20ac\/kg)<\/h3>\n<p><strong data-start=\"3678\" data-end=\"3692\">SCA Score:<\/strong> 83<br data-start=\"3695\" data-end=\"3698\" \/><strong data-start=\"3698\" data-end=\"3716\">Tasting notes:<\/strong> Caramel, honey, cocoa bean<\/p>\n","protected":false},"featured_media":16145,"template":"","meta":[],"product_brand":[],"product_cat":[139],"product_tag":[],"class_list":{"0":"post-15953","1":"product","2":"type-product","3":"status-publish","4":"has-post-thumbnail","6":"product_cat-coffee","8":"first","9":"outofstock","10":"taxable","11":"shipping-taxable","12":"purchasable","13":"product-type-variable"},"yoast_head":"<!-- This site is optimized with the Yoast SEO plugin v25.7 - https:\/\/yoast.com\/wordpress\/plugins\/seo\/ -->\n<title>COSTA RICA Tico LAVE - La P&#039;tite Cerise<\/title>\n<meta name=\"robots\" content=\"index, follow, max-snippet:-1, max-image-preview:large, max-video-preview:-1\" \/>\n<link rel=\"canonical\" href=\"https:\/\/la-ptite-cerise.be\/en\/produit\/papouasie-nouvelle-guinee-raggiana-copie\/\" \/>\n<meta property=\"og:locale\" content=\"en_US\" \/>\n<meta property=\"og:type\" content=\"article\" \/>\n<meta property=\"og:title\" content=\"COSTA RICA Tico LAVE - La P&#039;tite Cerise\" \/>\n<meta property=\"og:description\" content=\"(50\u20ac\/kg) SCA Score: 83Tasting notes: Caramel, honey, cocoa bean\" \/>\n<meta property=\"og:url\" content=\"https:\/\/la-ptite-cerise.be\/en\/produit\/papouasie-nouvelle-guinee-raggiana-copie\/\" \/>\n<meta property=\"og:site_name\" content=\"La P&#039;tite Cerise\" \/>\n<meta property=\"article:publisher\" content=\"https:\/\/www.facebook.com\/laptitecerise\/\" \/>\n<meta property=\"article:modified_time\" content=\"2025-11-03T16:26:41+00:00\" \/>\n<meta name=\"twitter:card\" content=\"summary_large_image\" \/>\n<meta name=\"twitter:label1\" content=\"Est. reading time\" \/>\n\t<meta name=\"twitter:data1\" content=\"1 minute\" \/>\n<script type=\"application\/ld+json\" class=\"yoast-schema-graph\">{\"@context\":\"https:\/\/schema.org\",\"@graph\":[{\"@type\":\"WebPage\",\"@id\":\"https:\/\/la-ptite-cerise.be\/en\/produit\/papouasie-nouvelle-guinee-raggiana-copie\/\",\"url\":\"https:\/\/la-ptite-cerise.be\/en\/produit\/papouasie-nouvelle-guinee-raggiana-copie\/\",\"name\":\"COSTA RICA Tico LAVE - La P&#039;tite Cerise\",\"isPartOf\":{\"@id\":\"https:\/\/la-ptite-cerise.be\/#website\"},\"primaryImageOfPage\":{\"@id\":\"https:\/\/la-ptite-cerise.be\/en\/produit\/papouasie-nouvelle-guinee-raggiana-copie\/#primaryimage\"},\"image\":{\"@id\":\"https:\/\/la-ptite-cerise.be\/en\/produit\/papouasie-nouvelle-guinee-raggiana-copie\/#primaryimage\"},\"thumbnailUrl\":\"https:\/\/la-ptite-cerise.be\/wp-content\/uploads\/2025\/11\/Etiquettes-500x500px-Tico11-2025.png\",\"datePublished\":\"2025-11-03T16:20:07+00:00\",\"dateModified\":\"2025-11-03T16:26:41+00:00\",\"breadcrumb\":{\"@id\":\"https:\/\/la-ptite-cerise.be\/en\/produit\/papouasie-nouvelle-guinee-raggiana-copie\/#breadcrumb\"},\"inLanguage\":\"en-US\",\"potentialAction\":[{\"@type\":\"ReadAction\",\"target\":[\"https:\/\/la-ptite-cerise.be\/en\/produit\/papouasie-nouvelle-guinee-raggiana-copie\/\"]}]},{\"@type\":\"ImageObject\",\"inLanguage\":\"en-US\",\"@id\":\"https:\/\/la-ptite-cerise.be\/en\/produit\/papouasie-nouvelle-guinee-raggiana-copie\/#primaryimage\",\"url\":\"https:\/\/la-ptite-cerise.be\/wp-content\/uploads\/2025\/11\/Etiquettes-500x500px-Tico11-2025.png\",\"contentUrl\":\"https:\/\/la-ptite-cerise.be\/wp-content\/uploads\/2025\/11\/Etiquettes-500x500px-Tico11-2025.png\",\"width\":500,\"height\":500},{\"@type\":\"BreadcrumbList\",\"@id\":\"https:\/\/la-ptite-cerise.be\/en\/produit\/papouasie-nouvelle-guinee-raggiana-copie\/#breadcrumb\",\"itemListElement\":[{\"@type\":\"ListItem\",\"position\":1,\"name\":\"Accueil\",\"item\":\"https:\/\/la-ptite-cerise.be\/en\/\"},{\"@type\":\"ListItem\",\"position\":2,\"name\":\"Store\",\"item\":\"https:\/\/la-ptite-cerise.be\/boutique\/\"},{\"@type\":\"ListItem\",\"position\":3,\"name\":\"COSTA RICA Tico LAVE\"}]},{\"@type\":\"WebSite\",\"@id\":\"https:\/\/la-ptite-cerise.be\/#website\",\"url\":\"https:\/\/la-ptite-cerise.be\/\",\"name\":\"La P'tite Cerise\",\"description\":\"Artisan torr\u00e9facteur de caf\u00e9 de sp\u00e9cialit\u00e9. S\u00e9lection de th\u00e9s &amp; tisanes.\",\"publisher\":{\"@id\":\"https:\/\/la-ptite-cerise.be\/#organization\"},\"potentialAction\":[{\"@type\":\"SearchAction\",\"target\":{\"@type\":\"EntryPoint\",\"urlTemplate\":\"https:\/\/la-ptite-cerise.be\/?s={search_term_string}\"},\"query-input\":{\"@type\":\"PropertyValueSpecification\",\"valueRequired\":true,\"valueName\":\"search_term_string\"}}],\"inLanguage\":\"en-US\"},{\"@type\":\"Organization\",\"@id\":\"https:\/\/la-ptite-cerise.be\/#organization\",\"name\":\"La P'tite Cerise\",\"url\":\"https:\/\/la-ptite-cerise.be\/\",\"logo\":{\"@type\":\"ImageObject\",\"inLanguage\":\"en-US\",\"@id\":\"https:\/\/la-ptite-cerise.be\/#\/schema\/logo\/image\/\",\"url\":\"https:\/\/la-ptite-cerise.be\/wp-content\/uploads\/2020\/10\/logo-header-01.jpg\",\"contentUrl\":\"https:\/\/la-ptite-cerise.be\/wp-content\/uploads\/2020\/10\/logo-header-01.jpg\",\"width\":176,\"height\":100,\"caption\":\"La P'tite Cerise\"},\"image\":{\"@id\":\"https:\/\/la-ptite-cerise.be\/#\/schema\/logo\/image\/\"},\"sameAs\":[\"https:\/\/www.facebook.com\/laptitecerise\/\",\"https:\/\/www.instagram.com\/la.ptite_cerise\/\"]}]}<\/script>\n<!-- \/ Yoast SEO plugin. -->","yoast_head_json":{"title":"COSTA RICA Tico LAVE - La P&#039;tite Cerise","robots":{"index":"index","follow":"follow","max-snippet":"max-snippet:-1","max-image-preview":"max-image-preview:large","max-video-preview":"max-video-preview:-1"},"canonical":"https:\/\/la-ptite-cerise.be\/en\/produit\/papouasie-nouvelle-guinee-raggiana-copie\/","og_locale":"en_US","og_type":"article","og_title":"COSTA RICA Tico LAVE - La P&#039;tite Cerise","og_description":"(50\u20ac\/kg) SCA Score: 83Tasting notes: Caramel, honey, cocoa bean","og_url":"https:\/\/la-ptite-cerise.be\/en\/produit\/papouasie-nouvelle-guinee-raggiana-copie\/","og_site_name":"La P&#039;tite Cerise","article_publisher":"https:\/\/www.facebook.com\/laptitecerise\/","article_modified_time":"2025-11-03T16:26:41+00:00","twitter_card":"summary_large_image","twitter_misc":{"Est. reading time":"1 minute"},"schema":{"@context":"https:\/\/schema.org","@graph":[{"@type":"WebPage","@id":"https:\/\/la-ptite-cerise.be\/en\/produit\/papouasie-nouvelle-guinee-raggiana-copie\/","url":"https:\/\/la-ptite-cerise.be\/en\/produit\/papouasie-nouvelle-guinee-raggiana-copie\/","name":"COSTA RICA Tico LAVE - La P&#039;tite Cerise","isPartOf":{"@id":"https:\/\/la-ptite-cerise.be\/#website"},"primaryImageOfPage":{"@id":"https:\/\/la-ptite-cerise.be\/en\/produit\/papouasie-nouvelle-guinee-raggiana-copie\/#primaryimage"},"image":{"@id":"https:\/\/la-ptite-cerise.be\/en\/produit\/papouasie-nouvelle-guinee-raggiana-copie\/#primaryimage"},"thumbnailUrl":"https:\/\/la-ptite-cerise.be\/wp-content\/uploads\/2025\/11\/Etiquettes-500x500px-Tico11-2025.png","datePublished":"2025-11-03T16:20:07+00:00","dateModified":"2025-11-03T16:26:41+00:00","breadcrumb":{"@id":"https:\/\/la-ptite-cerise.be\/en\/produit\/papouasie-nouvelle-guinee-raggiana-copie\/#breadcrumb"},"inLanguage":"en-US","potentialAction":[{"@type":"ReadAction","target":["https:\/\/la-ptite-cerise.be\/en\/produit\/papouasie-nouvelle-guinee-raggiana-copie\/"]}]},{"@type":"ImageObject","inLanguage":"en-US","@id":"https:\/\/la-ptite-cerise.be\/en\/produit\/papouasie-nouvelle-guinee-raggiana-copie\/#primaryimage","url":"https:\/\/la-ptite-cerise.be\/wp-content\/uploads\/2025\/11\/Etiquettes-500x500px-Tico11-2025.png","contentUrl":"https:\/\/la-ptite-cerise.be\/wp-content\/uploads\/2025\/11\/Etiquettes-500x500px-Tico11-2025.png","width":500,"height":500},{"@type":"BreadcrumbList","@id":"https:\/\/la-ptite-cerise.be\/en\/produit\/papouasie-nouvelle-guinee-raggiana-copie\/#breadcrumb","itemListElement":[{"@type":"ListItem","position":1,"name":"Accueil","item":"https:\/\/la-ptite-cerise.be\/en\/"},{"@type":"ListItem","position":2,"name":"Store","item":"https:\/\/la-ptite-cerise.be\/boutique\/"},{"@type":"ListItem","position":3,"name":"COSTA RICA Tico LAVE"}]},{"@type":"WebSite","@id":"https:\/\/la-ptite-cerise.be\/#website","url":"https:\/\/la-ptite-cerise.be\/","name":"La P'tite Cerise","description":"Artisan torr\u00e9facteur de caf\u00e9 de sp\u00e9cialit\u00e9. S\u00e9lection de th\u00e9s &amp; tisanes.","publisher":{"@id":"https:\/\/la-ptite-cerise.be\/#organization"},"potentialAction":[{"@type":"SearchAction","target":{"@type":"EntryPoint","urlTemplate":"https:\/\/la-ptite-cerise.be\/?s={search_term_string}"},"query-input":{"@type":"PropertyValueSpecification","valueRequired":true,"valueName":"search_term_string"}}],"inLanguage":"en-US"},{"@type":"Organization","@id":"https:\/\/la-ptite-cerise.be\/#organization","name":"La P'tite Cerise","url":"https:\/\/la-ptite-cerise.be\/","logo":{"@type":"ImageObject","inLanguage":"en-US","@id":"https:\/\/la-ptite-cerise.be\/#\/schema\/logo\/image\/","url":"https:\/\/la-ptite-cerise.be\/wp-content\/uploads\/2020\/10\/logo-header-01.jpg","contentUrl":"https:\/\/la-ptite-cerise.be\/wp-content\/uploads\/2020\/10\/logo-header-01.jpg","width":176,"height":100,"caption":"La P'tite Cerise"},"image":{"@id":"https:\/\/la-ptite-cerise.be\/#\/schema\/logo\/image\/"},"sameAs":["https:\/\/www.facebook.com\/laptitecerise\/","https:\/\/www.instagram.com\/la.ptite_cerise\/"]}]}},"_links":{"self":[{"href":"https:\/\/la-ptite-cerise.be\/en\/wp-json\/wp\/v2\/product\/15953","targetHints":{"allow":["GET"]}}],"collection":[{"href":"https:\/\/la-ptite-cerise.be\/en\/wp-json\/wp\/v2\/product"}],"about":[{"href":"https:\/\/la-ptite-cerise.be\/en\/wp-json\/wp\/v2\/types\/product"}],"wp:featuredmedia":[{"embeddable":true,"href":"https:\/\/la-ptite-cerise.be\/en\/wp-json\/wp\/v2\/media\/16145"}],"wp:attachment":[{"href":"https:\/\/la-ptite-cerise.be\/en\/wp-json\/wp\/v2\/media?parent=15953"}],"wp:term":[{"taxonomy":"product_brand","embeddable":true,"href":"https:\/\/la-ptite-cerise.be\/en\/wp-json\/wp\/v2\/product_brand?post=15953"},{"taxonomy":"product_cat","embeddable":true,"href":"https:\/\/la-ptite-cerise.be\/en\/wp-json\/wp\/v2\/product_cat?post=15953"},{"taxonomy":"product_tag","embeddable":true,"href":"https:\/\/la-ptite-cerise.be\/en\/wp-json\/wp\/v2\/product_tag?post=15953"}],"curies":[{"name":"wp","href":"https:\/\/api.w.org\/{rel}","templated":true}]}}