{"id":16083,"date":"2025-11-03T17:38:01","date_gmt":"2025-11-03T16:38:01","guid":{"rendered":"https:\/\/la-ptite-cerise.be\/?post_type=product&#038;p=16083"},"modified":"2025-11-03T17:50:26","modified_gmt":"2025-11-03T16:50:26","slug":"ethiopie-shantawene-nature-copie","status":"publish","type":"product","link":"https:\/\/la-ptite-cerise.be\/en\/produit\/ethiopie-shantawene-nature-copie\/","title":{"rendered":"COLOMBIE Piendamo NATURE"},"content":{"rendered":"<h2 data-start=\"2726\" data-end=\"2824\"><strong data-start=\"2734\" data-end=\"2824\">\u2615 A warm and elegant Colombian coffee with maple syrup, prune and dark chocolate notes<\/strong><\/h2>\n<p data-start=\"2826\" data-end=\"3136\"><strong data-start=\"2826\" data-end=\"2837\">Origin:<\/strong> Cauca, San Rafael (near Popay\u00e1n), Colombia<br data-start=\"2880\" data-end=\"2883\" \/><strong data-start=\"2883\" data-end=\"2897\">Producers:<\/strong> Federaci\u00f3n Campesina del Cauca (FCC) \u2013 5 associated farms<br data-start=\"2955\" data-end=\"2958\" \/><strong data-start=\"2958\" data-end=\"2971\">Altitude:<\/strong> 1,700 \u2013 2,000 m<br data-start=\"2987\" data-end=\"2990\" \/><strong data-start=\"2990\" data-end=\"3002\">Variety:<\/strong> Colombia<br data-start=\"3011\" data-end=\"3014\" \/><strong data-start=\"3014\" data-end=\"3026\">Process:<\/strong> Natural<br data-start=\"3034\" data-end=\"3037\" \/><strong data-start=\"3037\" data-end=\"3051\">SCA Score:<\/strong> 86.5<br data-start=\"3056\" data-end=\"3059\" \/><strong data-start=\"3059\" data-end=\"3077\">Tasting notes:<\/strong> Maple syrup, winey, dark chocolate, prune, cherry, apple<\/p>\n<hr data-start=\"3138\" data-end=\"3141\" \/>\n<h3 data-start=\"3143\" data-end=\"3170\"><strong data-start=\"3147\" data-end=\"3168\">About this coffee<\/strong><\/h3>\n<p data-start=\"3171\" data-end=\"3487\">Grown in the <strong data-start=\"3184\" data-end=\"3206\">highlands of Cauca<\/strong>, near the city of <strong data-start=\"3225\" data-end=\"3236\">Popay\u00e1n<\/strong>, this coffee is produced by five farms working together under the <strong data-start=\"3303\" data-end=\"3343\">Federaci\u00f3n Campesina del Cauca (FCC)<\/strong>.<br data-start=\"3344\" data-end=\"3347\" \/>Cherries are <strong data-start=\"3360\" data-end=\"3396\">fermented before being sun-dried<\/strong>, a natural process that enhances complexity and ensures consistency without using water.<\/p>\n<p data-start=\"3489\" data-end=\"3786\">The <strong data-start=\"3493\" data-end=\"3513\">FCC central mill<\/strong> has reshaped local production by empowering smallholders with fair pay, shared value, and environmentally friendly methods.<br data-start=\"3637\" data-end=\"3640\" \/>The <strong data-start=\"3644\" data-end=\"3664\">Colombia variety<\/strong>, thriving here for over 25 years, develops beautifully under shade on rich volcanic soils, typical of the Cauca region.<\/p>\n<p data-start=\"3788\" data-end=\"3955\">In the cup, expect a <strong data-start=\"3809\" data-end=\"3840\">smooth and balanced profile<\/strong>, combining <strong data-start=\"3852\" data-end=\"3867\">maple syrup<\/strong>, <strong data-start=\"3869\" data-end=\"3887\">dark chocolate<\/strong>, <strong data-start=\"3889\" data-end=\"3898\">prune<\/strong>, and <strong data-start=\"3904\" data-end=\"3914\">cherry<\/strong>, with a touch of <strong data-start=\"3932\" data-end=\"3952\">winey brightness<\/strong>.<\/p>\n","protected":false},"excerpt":{"rendered":"<h4>(72\u20ac\/kg)<\/h4>\n<p><strong data-start=\"3990\" data-end=\"4004\">SCA Score:<\/strong> 86.5<br data-start=\"4009\" data-end=\"4012\" \/><strong data-start=\"4012\" data-end=\"4030\">Tasting notes:<\/strong> Maple syrup, winey, dark chocolate, prune, cherry, apple<\/p>\n","protected":false},"featured_media":16143,"template":"","meta":[],"product_brand":[],"product_cat":[139],"product_tag":[],"class_list":{"0":"post-16083","1":"product","2":"type-product","3":"status-publish","4":"has-post-thumbnail","6":"product_cat-coffee","8":"first","9":"instock","10":"taxable","11":"shipping-taxable","12":"purchasable","13":"product-type-variable"},"yoast_head":"<!-- This site is optimized with the Yoast SEO plugin v25.7 - https:\/\/yoast.com\/wordpress\/plugins\/seo\/ -->\n<title>COLOMBIE Piendamo NATURE - La P&#039;tite Cerise<\/title>\n<meta name=\"robots\" content=\"index, follow, max-snippet:-1, max-image-preview:large, max-video-preview:-1\" \/>\n<link rel=\"canonical\" href=\"https:\/\/la-ptite-cerise.be\/en\/produit\/ethiopie-shantawene-nature-copie\/\" \/>\n<meta property=\"og:locale\" content=\"en_US\" \/>\n<meta property=\"og:type\" content=\"article\" \/>\n<meta property=\"og:title\" content=\"COLOMBIE Piendamo NATURE - La P&#039;tite Cerise\" \/>\n<meta property=\"og:description\" content=\"(72\u20ac\/kg) SCA Score: 86.5Tasting notes: Maple syrup, winey, dark chocolate, prune, cherry, apple\" \/>\n<meta property=\"og:url\" content=\"https:\/\/la-ptite-cerise.be\/en\/produit\/ethiopie-shantawene-nature-copie\/\" \/>\n<meta property=\"og:site_name\" content=\"La P&#039;tite Cerise\" \/>\n<meta property=\"article:publisher\" content=\"https:\/\/www.facebook.com\/laptitecerise\/\" \/>\n<meta property=\"article:modified_time\" content=\"2025-11-03T16:50:26+00:00\" \/>\n<meta name=\"twitter:card\" content=\"summary_large_image\" \/>\n<meta name=\"twitter:label1\" content=\"Est. reading time\" \/>\n\t<meta name=\"twitter:data1\" content=\"1 minute\" \/>\n<script type=\"application\/ld+json\" class=\"yoast-schema-graph\">{\"@context\":\"https:\/\/schema.org\",\"@graph\":[{\"@type\":\"WebPage\",\"@id\":\"https:\/\/la-ptite-cerise.be\/en\/produit\/ethiopie-shantawene-nature-copie\/\",\"url\":\"https:\/\/la-ptite-cerise.be\/en\/produit\/ethiopie-shantawene-nature-copie\/\",\"name\":\"COLOMBIE Piendamo NATURE - La P&#039;tite Cerise\",\"isPartOf\":{\"@id\":\"https:\/\/la-ptite-cerise.be\/#website\"},\"primaryImageOfPage\":{\"@id\":\"https:\/\/la-ptite-cerise.be\/en\/produit\/ethiopie-shantawene-nature-copie\/#primaryimage\"},\"image\":{\"@id\":\"https:\/\/la-ptite-cerise.be\/en\/produit\/ethiopie-shantawene-nature-copie\/#primaryimage\"},\"thumbnailUrl\":\"https:\/\/la-ptite-cerise.be\/wp-content\/uploads\/2025\/11\/Etiquettes-500x500px-Piendamo11-2025.png\",\"datePublished\":\"2025-11-03T16:38:01+00:00\",\"dateModified\":\"2025-11-03T16:50:26+00:00\",\"breadcrumb\":{\"@id\":\"https:\/\/la-ptite-cerise.be\/en\/produit\/ethiopie-shantawene-nature-copie\/#breadcrumb\"},\"inLanguage\":\"en-US\",\"potentialAction\":[{\"@type\":\"ReadAction\",\"target\":[\"https:\/\/la-ptite-cerise.be\/en\/produit\/ethiopie-shantawene-nature-copie\/\"]}]},{\"@type\":\"ImageObject\",\"inLanguage\":\"en-US\",\"@id\":\"https:\/\/la-ptite-cerise.be\/en\/produit\/ethiopie-shantawene-nature-copie\/#primaryimage\",\"url\":\"https:\/\/la-ptite-cerise.be\/wp-content\/uploads\/2025\/11\/Etiquettes-500x500px-Piendamo11-2025.png\",\"contentUrl\":\"https:\/\/la-ptite-cerise.be\/wp-content\/uploads\/2025\/11\/Etiquettes-500x500px-Piendamo11-2025.png\",\"width\":500,\"height\":500},{\"@type\":\"BreadcrumbList\",\"@id\":\"https:\/\/la-ptite-cerise.be\/en\/produit\/ethiopie-shantawene-nature-copie\/#breadcrumb\",\"itemListElement\":[{\"@type\":\"ListItem\",\"position\":1,\"name\":\"Accueil\",\"item\":\"https:\/\/la-ptite-cerise.be\/en\/\"},{\"@type\":\"ListItem\",\"position\":2,\"name\":\"Store\",\"item\":\"https:\/\/la-ptite-cerise.be\/boutique\/\"},{\"@type\":\"ListItem\",\"position\":3,\"name\":\"COLOMBIE Piendamo NATURE\"}]},{\"@type\":\"WebSite\",\"@id\":\"https:\/\/la-ptite-cerise.be\/#website\",\"url\":\"https:\/\/la-ptite-cerise.be\/\",\"name\":\"La P'tite Cerise\",\"description\":\"Artisan torr\u00e9facteur de caf\u00e9 de sp\u00e9cialit\u00e9. S\u00e9lection de th\u00e9s &amp; tisanes.\",\"publisher\":{\"@id\":\"https:\/\/la-ptite-cerise.be\/#organization\"},\"potentialAction\":[{\"@type\":\"SearchAction\",\"target\":{\"@type\":\"EntryPoint\",\"urlTemplate\":\"https:\/\/la-ptite-cerise.be\/?s={search_term_string}\"},\"query-input\":{\"@type\":\"PropertyValueSpecification\",\"valueRequired\":true,\"valueName\":\"search_term_string\"}}],\"inLanguage\":\"en-US\"},{\"@type\":\"Organization\",\"@id\":\"https:\/\/la-ptite-cerise.be\/#organization\",\"name\":\"La P'tite Cerise\",\"url\":\"https:\/\/la-ptite-cerise.be\/\",\"logo\":{\"@type\":\"ImageObject\",\"inLanguage\":\"en-US\",\"@id\":\"https:\/\/la-ptite-cerise.be\/#\/schema\/logo\/image\/\",\"url\":\"https:\/\/la-ptite-cerise.be\/wp-content\/uploads\/2020\/10\/logo-header-01.jpg\",\"contentUrl\":\"https:\/\/la-ptite-cerise.be\/wp-content\/uploads\/2020\/10\/logo-header-01.jpg\",\"width\":176,\"height\":100,\"caption\":\"La P'tite Cerise\"},\"image\":{\"@id\":\"https:\/\/la-ptite-cerise.be\/#\/schema\/logo\/image\/\"},\"sameAs\":[\"https:\/\/www.facebook.com\/laptitecerise\/\",\"https:\/\/www.instagram.com\/la.ptite_cerise\/\"]}]}<\/script>\n<!-- \/ Yoast SEO plugin. -->","yoast_head_json":{"title":"COLOMBIE Piendamo NATURE - La P&#039;tite Cerise","robots":{"index":"index","follow":"follow","max-snippet":"max-snippet:-1","max-image-preview":"max-image-preview:large","max-video-preview":"max-video-preview:-1"},"canonical":"https:\/\/la-ptite-cerise.be\/en\/produit\/ethiopie-shantawene-nature-copie\/","og_locale":"en_US","og_type":"article","og_title":"COLOMBIE Piendamo NATURE - La P&#039;tite Cerise","og_description":"(72\u20ac\/kg) SCA Score: 86.5Tasting notes: Maple syrup, winey, dark chocolate, prune, cherry, apple","og_url":"https:\/\/la-ptite-cerise.be\/en\/produit\/ethiopie-shantawene-nature-copie\/","og_site_name":"La P&#039;tite Cerise","article_publisher":"https:\/\/www.facebook.com\/laptitecerise\/","article_modified_time":"2025-11-03T16:50:26+00:00","twitter_card":"summary_large_image","twitter_misc":{"Est. reading time":"1 minute"},"schema":{"@context":"https:\/\/schema.org","@graph":[{"@type":"WebPage","@id":"https:\/\/la-ptite-cerise.be\/en\/produit\/ethiopie-shantawene-nature-copie\/","url":"https:\/\/la-ptite-cerise.be\/en\/produit\/ethiopie-shantawene-nature-copie\/","name":"COLOMBIE Piendamo NATURE - La P&#039;tite Cerise","isPartOf":{"@id":"https:\/\/la-ptite-cerise.be\/#website"},"primaryImageOfPage":{"@id":"https:\/\/la-ptite-cerise.be\/en\/produit\/ethiopie-shantawene-nature-copie\/#primaryimage"},"image":{"@id":"https:\/\/la-ptite-cerise.be\/en\/produit\/ethiopie-shantawene-nature-copie\/#primaryimage"},"thumbnailUrl":"https:\/\/la-ptite-cerise.be\/wp-content\/uploads\/2025\/11\/Etiquettes-500x500px-Piendamo11-2025.png","datePublished":"2025-11-03T16:38:01+00:00","dateModified":"2025-11-03T16:50:26+00:00","breadcrumb":{"@id":"https:\/\/la-ptite-cerise.be\/en\/produit\/ethiopie-shantawene-nature-copie\/#breadcrumb"},"inLanguage":"en-US","potentialAction":[{"@type":"ReadAction","target":["https:\/\/la-ptite-cerise.be\/en\/produit\/ethiopie-shantawene-nature-copie\/"]}]},{"@type":"ImageObject","inLanguage":"en-US","@id":"https:\/\/la-ptite-cerise.be\/en\/produit\/ethiopie-shantawene-nature-copie\/#primaryimage","url":"https:\/\/la-ptite-cerise.be\/wp-content\/uploads\/2025\/11\/Etiquettes-500x500px-Piendamo11-2025.png","contentUrl":"https:\/\/la-ptite-cerise.be\/wp-content\/uploads\/2025\/11\/Etiquettes-500x500px-Piendamo11-2025.png","width":500,"height":500},{"@type":"BreadcrumbList","@id":"https:\/\/la-ptite-cerise.be\/en\/produit\/ethiopie-shantawene-nature-copie\/#breadcrumb","itemListElement":[{"@type":"ListItem","position":1,"name":"Accueil","item":"https:\/\/la-ptite-cerise.be\/en\/"},{"@type":"ListItem","position":2,"name":"Store","item":"https:\/\/la-ptite-cerise.be\/boutique\/"},{"@type":"ListItem","position":3,"name":"COLOMBIE Piendamo NATURE"}]},{"@type":"WebSite","@id":"https:\/\/la-ptite-cerise.be\/#website","url":"https:\/\/la-ptite-cerise.be\/","name":"La P'tite Cerise","description":"Artisan torr\u00e9facteur de caf\u00e9 de sp\u00e9cialit\u00e9. S\u00e9lection de th\u00e9s &amp; tisanes.","publisher":{"@id":"https:\/\/la-ptite-cerise.be\/#organization"},"potentialAction":[{"@type":"SearchAction","target":{"@type":"EntryPoint","urlTemplate":"https:\/\/la-ptite-cerise.be\/?s={search_term_string}"},"query-input":{"@type":"PropertyValueSpecification","valueRequired":true,"valueName":"search_term_string"}}],"inLanguage":"en-US"},{"@type":"Organization","@id":"https:\/\/la-ptite-cerise.be\/#organization","name":"La P'tite Cerise","url":"https:\/\/la-ptite-cerise.be\/","logo":{"@type":"ImageObject","inLanguage":"en-US","@id":"https:\/\/la-ptite-cerise.be\/#\/schema\/logo\/image\/","url":"https:\/\/la-ptite-cerise.be\/wp-content\/uploads\/2020\/10\/logo-header-01.jpg","contentUrl":"https:\/\/la-ptite-cerise.be\/wp-content\/uploads\/2020\/10\/logo-header-01.jpg","width":176,"height":100,"caption":"La P'tite Cerise"},"image":{"@id":"https:\/\/la-ptite-cerise.be\/#\/schema\/logo\/image\/"},"sameAs":["https:\/\/www.facebook.com\/laptitecerise\/","https:\/\/www.instagram.com\/la.ptite_cerise\/"]}]}},"_links":{"self":[{"href":"https:\/\/la-ptite-cerise.be\/en\/wp-json\/wp\/v2\/product\/16083","targetHints":{"allow":["GET"]}}],"collection":[{"href":"https:\/\/la-ptite-cerise.be\/en\/wp-json\/wp\/v2\/product"}],"about":[{"href":"https:\/\/la-ptite-cerise.be\/en\/wp-json\/wp\/v2\/types\/product"}],"wp:featuredmedia":[{"embeddable":true,"href":"https:\/\/la-ptite-cerise.be\/en\/wp-json\/wp\/v2\/media\/16143"}],"wp:attachment":[{"href":"https:\/\/la-ptite-cerise.be\/en\/wp-json\/wp\/v2\/media?parent=16083"}],"wp:term":[{"taxonomy":"product_brand","embeddable":true,"href":"https:\/\/la-ptite-cerise.be\/en\/wp-json\/wp\/v2\/product_brand?post=16083"},{"taxonomy":"product_cat","embeddable":true,"href":"https:\/\/la-ptite-cerise.be\/en\/wp-json\/wp\/v2\/product_cat?post=16083"},{"taxonomy":"product_tag","embeddable":true,"href":"https:\/\/la-ptite-cerise.be\/en\/wp-json\/wp\/v2\/product_tag?post=16083"}],"curies":[{"name":"wp","href":"https:\/\/api.w.org\/{rel}","templated":true}]}}