{"id":16168,"date":"2025-11-10T17:40:48","date_gmt":"2025-11-10T16:40:48","guid":{"rendered":"https:\/\/la-ptite-cerise.be\/?post_type=product&#038;p=16168"},"modified":"2025-11-10T17:57:40","modified_gmt":"2025-11-10T16:57:40","slug":"colombie-piendamo-nature-copie","status":"publish","type":"product","link":"https:\/\/la-ptite-cerise.be\/en\/produit\/colombie-piendamo-nature-copie\/","title":{"rendered":"THAILANDE Jomjai ANAEROBIC YEAST"},"content":{"rendered":"<h2 data-start=\"2385\" data-end=\"2459\"><strong data-start=\"2388\" data-end=\"2459\">A vibrant Thai coffee with bright floral notes of rose and lychee<\/strong><\/h2>\n<p data-start=\"2461\" data-end=\"2693\"><strong data-start=\"2461\" data-end=\"2472\">Origin:<\/strong> Thailand<br data-start=\"2481\" data-end=\"2484\" \/><strong data-start=\"2484\" data-end=\"2497\">Province:<\/strong> Chiang Rai<br data-start=\"2508\" data-end=\"2511\" \/><strong data-start=\"2511\" data-end=\"2523\">Terroir:<\/strong> Doi Chang<br data-start=\"2533\" data-end=\"2536\" \/><strong data-start=\"2536\" data-end=\"2545\">Farm:<\/strong> Yayo Farm<br data-start=\"2555\" data-end=\"2558\" \/><strong data-start=\"2558\" data-end=\"2572\">Varieties:<\/strong> Catimor, Catua\u00ef, Typica<br data-start=\"2596\" data-end=\"2599\" \/><strong data-start=\"2599\" data-end=\"2611\">Process:<\/strong> Natural \u2013 Anaerobic Yeast<br data-start=\"2637\" data-end=\"2640\" \/><strong data-start=\"2640\" data-end=\"2654\">SCA Score:<\/strong> 88<br data-start=\"2657\" data-end=\"2660\" \/><strong data-start=\"2660\" data-end=\"2678\">Tasting notes:<\/strong> Rose, lychee<\/p>\n<hr data-start=\"2695\" data-end=\"2698\" \/>\n<h3 data-start=\"2700\" data-end=\"2727\"><strong data-start=\"2704\" data-end=\"2725\">About this coffee<\/strong><\/h3>\n<p data-start=\"2728\" data-end=\"2874\">Grown in the renowned <strong data-start=\"2750\" data-end=\"2763\">Doi Chang<\/strong> area of <strong data-start=\"2772\" data-end=\"2786\">Chiang Rai<\/strong>, this coffee comes from <strong data-start=\"2811\" data-end=\"2824\">Yayo Farm<\/strong>, a producer focused on high-precision micro-lots.<\/p>\n<p data-start=\"2876\" data-end=\"3146\">The lot is processed using <strong data-start=\"2903\" data-end=\"2930\">Natural Anaerobic Yeast<\/strong>: cherries are placed in an oxygen-free sealed tank, where <strong data-start=\"2989\" data-end=\"3008\">selected yeasts<\/strong> are added to guide the fermentation. Temperature, pH and timing are carefully controlled to shape a clean and expressive flavour profile.<\/p>\n<p data-start=\"3148\" data-end=\"3384\">The result is a cup that is <strong data-start=\"3176\" data-end=\"3207\">floral, fragrant and bright<\/strong>, with clear notes of <strong data-start=\"3229\" data-end=\"3237\">rose<\/strong> and <strong data-start=\"3242\" data-end=\"3252\">lychee<\/strong>, a silky texture and a long aromatic finish.<br data-start=\"3297\" data-end=\"3300\" \/>A modern and elegant representation of Thailand\u2019s evolving specialty coffee culture.<\/p>\n","protected":false},"excerpt":{"rendered":"<h4>(250\u20ac\/kg)<\/h4>\n<p><strong data-start=\"3419\" data-end=\"3433\">SCA Score:<\/strong> 88<br data-start=\"3436\" data-end=\"3439\" \/><strong data-start=\"3439\" data-end=\"3457\">Tasting notes:<\/strong> Rose, lychee<\/p>\n","protected":false},"featured_media":16241,"template":"","meta":[],"product_brand":[],"product_cat":[139],"product_tag":[],"class_list":{"0":"post-16168","1":"product","2":"type-product","3":"status-publish","4":"has-post-thumbnail","6":"product_cat-coffee","8":"first","9":"instock","10":"taxable","11":"shipping-taxable","12":"purchasable","13":"product-type-variable"},"yoast_head":"<!-- This site is optimized with the Yoast SEO plugin v25.7 - https:\/\/yoast.com\/wordpress\/plugins\/seo\/ -->\n<title>THAILANDE Jomjai ANAEROBIC YEAST - La P&#039;tite Cerise<\/title>\n<meta name=\"robots\" content=\"index, follow, max-snippet:-1, max-image-preview:large, max-video-preview:-1\" \/>\n<link rel=\"canonical\" href=\"https:\/\/la-ptite-cerise.be\/en\/produit\/colombie-piendamo-nature-copie\/\" \/>\n<meta property=\"og:locale\" content=\"en_US\" \/>\n<meta property=\"og:type\" content=\"article\" \/>\n<meta property=\"og:title\" content=\"THAILANDE Jomjai ANAEROBIC YEAST - La P&#039;tite Cerise\" \/>\n<meta property=\"og:description\" content=\"(250\u20ac\/kg) SCA Score: 88Tasting notes: Rose, lychee\" \/>\n<meta property=\"og:url\" content=\"https:\/\/la-ptite-cerise.be\/en\/produit\/colombie-piendamo-nature-copie\/\" \/>\n<meta property=\"og:site_name\" content=\"La P&#039;tite Cerise\" \/>\n<meta property=\"article:publisher\" content=\"https:\/\/www.facebook.com\/laptitecerise\/\" \/>\n<meta property=\"article:modified_time\" content=\"2025-11-10T16:57:40+00:00\" \/>\n<meta name=\"twitter:card\" content=\"summary_large_image\" \/>\n<meta name=\"twitter:label1\" content=\"Est. reading time\" \/>\n\t<meta name=\"twitter:data1\" content=\"1 minute\" \/>\n<script type=\"application\/ld+json\" class=\"yoast-schema-graph\">{\"@context\":\"https:\/\/schema.org\",\"@graph\":[{\"@type\":\"WebPage\",\"@id\":\"https:\/\/la-ptite-cerise.be\/en\/produit\/colombie-piendamo-nature-copie\/\",\"url\":\"https:\/\/la-ptite-cerise.be\/en\/produit\/colombie-piendamo-nature-copie\/\",\"name\":\"THAILANDE Jomjai ANAEROBIC YEAST - La P&#039;tite Cerise\",\"isPartOf\":{\"@id\":\"https:\/\/la-ptite-cerise.be\/#website\"},\"primaryImageOfPage\":{\"@id\":\"https:\/\/la-ptite-cerise.be\/en\/produit\/colombie-piendamo-nature-copie\/#primaryimage\"},\"image\":{\"@id\":\"https:\/\/la-ptite-cerise.be\/en\/produit\/colombie-piendamo-nature-copie\/#primaryimage\"},\"thumbnailUrl\":\"https:\/\/la-ptite-cerise.be\/wp-content\/uploads\/2025\/11\/Etiquettes-500x500px-JOMJAI11-2025.png\",\"datePublished\":\"2025-11-10T16:40:48+00:00\",\"dateModified\":\"2025-11-10T16:57:40+00:00\",\"breadcrumb\":{\"@id\":\"https:\/\/la-ptite-cerise.be\/en\/produit\/colombie-piendamo-nature-copie\/#breadcrumb\"},\"inLanguage\":\"en-US\",\"potentialAction\":[{\"@type\":\"ReadAction\",\"target\":[\"https:\/\/la-ptite-cerise.be\/en\/produit\/colombie-piendamo-nature-copie\/\"]}]},{\"@type\":\"ImageObject\",\"inLanguage\":\"en-US\",\"@id\":\"https:\/\/la-ptite-cerise.be\/en\/produit\/colombie-piendamo-nature-copie\/#primaryimage\",\"url\":\"https:\/\/la-ptite-cerise.be\/wp-content\/uploads\/2025\/11\/Etiquettes-500x500px-JOMJAI11-2025.png\",\"contentUrl\":\"https:\/\/la-ptite-cerise.be\/wp-content\/uploads\/2025\/11\/Etiquettes-500x500px-JOMJAI11-2025.png\",\"width\":500,\"height\":500},{\"@type\":\"BreadcrumbList\",\"@id\":\"https:\/\/la-ptite-cerise.be\/en\/produit\/colombie-piendamo-nature-copie\/#breadcrumb\",\"itemListElement\":[{\"@type\":\"ListItem\",\"position\":1,\"name\":\"Accueil\",\"item\":\"https:\/\/la-ptite-cerise.be\/en\/\"},{\"@type\":\"ListItem\",\"position\":2,\"name\":\"Store\",\"item\":\"https:\/\/la-ptite-cerise.be\/boutique\/\"},{\"@type\":\"ListItem\",\"position\":3,\"name\":\"THAILANDE Jomjai ANAEROBIC YEAST\"}]},{\"@type\":\"WebSite\",\"@id\":\"https:\/\/la-ptite-cerise.be\/#website\",\"url\":\"https:\/\/la-ptite-cerise.be\/\",\"name\":\"La P'tite Cerise\",\"description\":\"Artisan torr\u00e9facteur de caf\u00e9 de sp\u00e9cialit\u00e9. S\u00e9lection de th\u00e9s &amp; tisanes.\",\"publisher\":{\"@id\":\"https:\/\/la-ptite-cerise.be\/#organization\"},\"potentialAction\":[{\"@type\":\"SearchAction\",\"target\":{\"@type\":\"EntryPoint\",\"urlTemplate\":\"https:\/\/la-ptite-cerise.be\/?s={search_term_string}\"},\"query-input\":{\"@type\":\"PropertyValueSpecification\",\"valueRequired\":true,\"valueName\":\"search_term_string\"}}],\"inLanguage\":\"en-US\"},{\"@type\":\"Organization\",\"@id\":\"https:\/\/la-ptite-cerise.be\/#organization\",\"name\":\"La P'tite Cerise\",\"url\":\"https:\/\/la-ptite-cerise.be\/\",\"logo\":{\"@type\":\"ImageObject\",\"inLanguage\":\"en-US\",\"@id\":\"https:\/\/la-ptite-cerise.be\/#\/schema\/logo\/image\/\",\"url\":\"https:\/\/la-ptite-cerise.be\/wp-content\/uploads\/2020\/10\/logo-header-01.jpg\",\"contentUrl\":\"https:\/\/la-ptite-cerise.be\/wp-content\/uploads\/2020\/10\/logo-header-01.jpg\",\"width\":176,\"height\":100,\"caption\":\"La P'tite Cerise\"},\"image\":{\"@id\":\"https:\/\/la-ptite-cerise.be\/#\/schema\/logo\/image\/\"},\"sameAs\":[\"https:\/\/www.facebook.com\/laptitecerise\/\",\"https:\/\/www.instagram.com\/la.ptite_cerise\/\"]}]}<\/script>\n<!-- \/ Yoast SEO plugin. -->","yoast_head_json":{"title":"THAILANDE Jomjai ANAEROBIC YEAST - La P&#039;tite Cerise","robots":{"index":"index","follow":"follow","max-snippet":"max-snippet:-1","max-image-preview":"max-image-preview:large","max-video-preview":"max-video-preview:-1"},"canonical":"https:\/\/la-ptite-cerise.be\/en\/produit\/colombie-piendamo-nature-copie\/","og_locale":"en_US","og_type":"article","og_title":"THAILANDE Jomjai ANAEROBIC YEAST - La P&#039;tite Cerise","og_description":"(250\u20ac\/kg) SCA Score: 88Tasting notes: Rose, lychee","og_url":"https:\/\/la-ptite-cerise.be\/en\/produit\/colombie-piendamo-nature-copie\/","og_site_name":"La P&#039;tite Cerise","article_publisher":"https:\/\/www.facebook.com\/laptitecerise\/","article_modified_time":"2025-11-10T16:57:40+00:00","twitter_card":"summary_large_image","twitter_misc":{"Est. reading time":"1 minute"},"schema":{"@context":"https:\/\/schema.org","@graph":[{"@type":"WebPage","@id":"https:\/\/la-ptite-cerise.be\/en\/produit\/colombie-piendamo-nature-copie\/","url":"https:\/\/la-ptite-cerise.be\/en\/produit\/colombie-piendamo-nature-copie\/","name":"THAILANDE Jomjai ANAEROBIC YEAST - La P&#039;tite Cerise","isPartOf":{"@id":"https:\/\/la-ptite-cerise.be\/#website"},"primaryImageOfPage":{"@id":"https:\/\/la-ptite-cerise.be\/en\/produit\/colombie-piendamo-nature-copie\/#primaryimage"},"image":{"@id":"https:\/\/la-ptite-cerise.be\/en\/produit\/colombie-piendamo-nature-copie\/#primaryimage"},"thumbnailUrl":"https:\/\/la-ptite-cerise.be\/wp-content\/uploads\/2025\/11\/Etiquettes-500x500px-JOMJAI11-2025.png","datePublished":"2025-11-10T16:40:48+00:00","dateModified":"2025-11-10T16:57:40+00:00","breadcrumb":{"@id":"https:\/\/la-ptite-cerise.be\/en\/produit\/colombie-piendamo-nature-copie\/#breadcrumb"},"inLanguage":"en-US","potentialAction":[{"@type":"ReadAction","target":["https:\/\/la-ptite-cerise.be\/en\/produit\/colombie-piendamo-nature-copie\/"]}]},{"@type":"ImageObject","inLanguage":"en-US","@id":"https:\/\/la-ptite-cerise.be\/en\/produit\/colombie-piendamo-nature-copie\/#primaryimage","url":"https:\/\/la-ptite-cerise.be\/wp-content\/uploads\/2025\/11\/Etiquettes-500x500px-JOMJAI11-2025.png","contentUrl":"https:\/\/la-ptite-cerise.be\/wp-content\/uploads\/2025\/11\/Etiquettes-500x500px-JOMJAI11-2025.png","width":500,"height":500},{"@type":"BreadcrumbList","@id":"https:\/\/la-ptite-cerise.be\/en\/produit\/colombie-piendamo-nature-copie\/#breadcrumb","itemListElement":[{"@type":"ListItem","position":1,"name":"Accueil","item":"https:\/\/la-ptite-cerise.be\/en\/"},{"@type":"ListItem","position":2,"name":"Store","item":"https:\/\/la-ptite-cerise.be\/boutique\/"},{"@type":"ListItem","position":3,"name":"THAILANDE Jomjai ANAEROBIC YEAST"}]},{"@type":"WebSite","@id":"https:\/\/la-ptite-cerise.be\/#website","url":"https:\/\/la-ptite-cerise.be\/","name":"La P'tite Cerise","description":"Artisan torr\u00e9facteur de caf\u00e9 de sp\u00e9cialit\u00e9. S\u00e9lection de th\u00e9s &amp; tisanes.","publisher":{"@id":"https:\/\/la-ptite-cerise.be\/#organization"},"potentialAction":[{"@type":"SearchAction","target":{"@type":"EntryPoint","urlTemplate":"https:\/\/la-ptite-cerise.be\/?s={search_term_string}"},"query-input":{"@type":"PropertyValueSpecification","valueRequired":true,"valueName":"search_term_string"}}],"inLanguage":"en-US"},{"@type":"Organization","@id":"https:\/\/la-ptite-cerise.be\/#organization","name":"La P'tite Cerise","url":"https:\/\/la-ptite-cerise.be\/","logo":{"@type":"ImageObject","inLanguage":"en-US","@id":"https:\/\/la-ptite-cerise.be\/#\/schema\/logo\/image\/","url":"https:\/\/la-ptite-cerise.be\/wp-content\/uploads\/2020\/10\/logo-header-01.jpg","contentUrl":"https:\/\/la-ptite-cerise.be\/wp-content\/uploads\/2020\/10\/logo-header-01.jpg","width":176,"height":100,"caption":"La P'tite Cerise"},"image":{"@id":"https:\/\/la-ptite-cerise.be\/#\/schema\/logo\/image\/"},"sameAs":["https:\/\/www.facebook.com\/laptitecerise\/","https:\/\/www.instagram.com\/la.ptite_cerise\/"]}]}},"_links":{"self":[{"href":"https:\/\/la-ptite-cerise.be\/en\/wp-json\/wp\/v2\/product\/16168","targetHints":{"allow":["GET"]}}],"collection":[{"href":"https:\/\/la-ptite-cerise.be\/en\/wp-json\/wp\/v2\/product"}],"about":[{"href":"https:\/\/la-ptite-cerise.be\/en\/wp-json\/wp\/v2\/types\/product"}],"wp:featuredmedia":[{"embeddable":true,"href":"https:\/\/la-ptite-cerise.be\/en\/wp-json\/wp\/v2\/media\/16241"}],"wp:attachment":[{"href":"https:\/\/la-ptite-cerise.be\/en\/wp-json\/wp\/v2\/media?parent=16168"}],"wp:term":[{"taxonomy":"product_brand","embeddable":true,"href":"https:\/\/la-ptite-cerise.be\/en\/wp-json\/wp\/v2\/product_brand?post=16168"},{"taxonomy":"product_cat","embeddable":true,"href":"https:\/\/la-ptite-cerise.be\/en\/wp-json\/wp\/v2\/product_cat?post=16168"},{"taxonomy":"product_tag","embeddable":true,"href":"https:\/\/la-ptite-cerise.be\/en\/wp-json\/wp\/v2\/product_tag?post=16168"}],"curies":[{"name":"wp","href":"https:\/\/api.w.org\/{rel}","templated":true}]}}