{"id":16355,"date":"2026-01-12T15:43:40","date_gmt":"2026-01-12T14:43:40","guid":{"rendered":"https:\/\/la-ptite-cerise.be\/?post_type=product&#038;p=16355"},"modified":"2026-01-12T15:51:12","modified_gmt":"2026-01-12T14:51:12","slug":"costa-rica-finca-las-lajas-nature-copie-copie-copie-2","status":"publish","type":"product","link":"https:\/\/la-ptite-cerise.be\/en\/produit\/costa-rica-finca-las-lajas-nature-copie-copie-copie-2\/","title":{"rendered":"BURUNDI \u2013 Inzahabu Mukingiro NATURE"},"content":{"rendered":"<p data-start=\"2086\" data-end=\"2424\">\ud83c\udf6b<\/p>\n<h2 data-start=\"2862\" data-end=\"2950\">\u2600\ufe0f A golden Burundian bourbon with red fruit brightness and milky chocolate sweetness<\/h2>\n<h3 data-start=\"2952\" data-end=\"2975\"><strong data-start=\"2956\" data-end=\"2975\">Technical sheet<\/strong><\/h3>\n<ul data-start=\"2976\" data-end=\"3331\">\n<li data-start=\"2976\" data-end=\"2999\">\n<p data-start=\"2978\" data-end=\"2999\"><strong data-start=\"2978\" data-end=\"2989\">Origin:<\/strong> Burundi<\/p>\n<\/li>\n<li data-start=\"3000\" data-end=\"3023\">\n<p data-start=\"3002\" data-end=\"3023\"><strong data-start=\"3002\" data-end=\"3013\">Region:<\/strong> Muyinga<\/p>\n<\/li>\n<li data-start=\"3024\" data-end=\"3058\">\n<p data-start=\"3026\" data-end=\"3058\"><strong data-start=\"3026\" data-end=\"3046\">Washing station:<\/strong> Butihinda<\/p>\n<\/li>\n<li data-start=\"3059\" data-end=\"3110\">\n<p data-start=\"3061\" data-end=\"3110\"><strong data-start=\"3061\" data-end=\"3075\">Producers:<\/strong> Around 1,600 smallholder farmers<\/p>\n<\/li>\n<li data-start=\"3111\" data-end=\"3136\">\n<p data-start=\"3113\" data-end=\"3136\"><strong data-start=\"3113\" data-end=\"3126\">Altitude:<\/strong> 1,720 m<\/p>\n<\/li>\n<li data-start=\"3137\" data-end=\"3161\">\n<p data-start=\"3139\" data-end=\"3161\"><strong data-start=\"3139\" data-end=\"3151\">Variety:<\/strong> Bourbon<\/p>\n<\/li>\n<li data-start=\"3162\" data-end=\"3186\">\n<p data-start=\"3164\" data-end=\"3186\"><strong data-start=\"3164\" data-end=\"3176\">Process:<\/strong> Natural<\/p>\n<\/li>\n<li data-start=\"3187\" data-end=\"3213\">\n<p data-start=\"3189\" data-end=\"3213\"><strong data-start=\"3189\" data-end=\"3201\">Harvest:<\/strong> 2024\u20132025<\/p>\n<\/li>\n<li data-start=\"3214\" data-end=\"3235\">\n<p data-start=\"3216\" data-end=\"3235\"><strong data-start=\"3216\" data-end=\"3230\">SCA score:<\/strong> 85<\/p>\n<\/li>\n<li data-start=\"3236\" data-end=\"3285\">\n<p data-start=\"3238\" data-end=\"3285\"><strong data-start=\"3238\" data-end=\"3256\">Tasting notes:<\/strong> Milk chocolate, red fruits<\/p>\n<\/li>\n<li data-start=\"3286\" data-end=\"3331\">\n<p data-start=\"3288\" data-end=\"3331\"><strong data-start=\"3288\" data-end=\"3306\">Roast profile:<\/strong> Omni (filter &amp; espresso)<\/p>\n<\/li>\n<\/ul>\n<hr data-start=\"3333\" data-end=\"3336\" \/>\n<h3 data-start=\"3338\" data-end=\"3363\"><strong data-start=\"3342\" data-end=\"3363\">About this coffee<\/strong><\/h3>\n<p data-start=\"3364\" data-end=\"3645\">In the north-eastern region of Burundi, the <strong data-start=\"3408\" data-end=\"3437\">Butihinda washing station<\/strong> has been a cornerstone for local coffee communities since 1992. Built to ease the long journeys once required of farmers, it now collects cherries from nearly 1,600 smallholders across the surrounding hills.<\/p>\n<p data-start=\"3647\" data-end=\"3888\">The name <strong data-start=\"3656\" data-end=\"3668\">Inzahabu<\/strong>, meaning <em data-start=\"3678\" data-end=\"3686\">\u201cgold\u201d<\/em> in Kirundi, reflects both the region\u2019s history and the coffee\u2019s character in the cup. Carefully hand-picked at peak ripeness, the cherries are meticulously sorted before being sun-dried on raised beds.<\/p>\n<p data-start=\"3890\" data-end=\"4237\">This well-executed <strong data-start=\"3909\" data-end=\"3928\">natural process<\/strong> results in a smooth, generous cup, combining <strong data-start=\"3974\" data-end=\"4002\">milk chocolate sweetness<\/strong> with the lively freshness of <strong data-start=\"4032\" data-end=\"4046\">red fruits<\/strong>. The project is also deeply rooted in social impact, as the station is operated by Kalico Coffee Export, founded by Angele Ciza \u2014 a pioneering female entrepreneur in Burundi\u2019s coffee sector.<\/p>\n","protected":false},"excerpt":{"rendered":"<h4>(48\u20ac\/kg)<\/h4>\n<ul>\n<li data-start=\"1326\" data-end=\"1350\">\n<p data-start=\"1328\" data-end=\"1350\"><strong data-start=\"4278\" data-end=\"4292\">SCA score:<\/strong> 85<br data-start=\"4295\" data-end=\"4298\" \/><strong data-start=\"4298\" data-end=\"4316\">Tasting notes:<\/strong> Milk chocolate, red fruits<\/p>\n<\/li>\n<\/ul>\n","protected":false},"featured_media":16399,"template":"","meta":[],"product_brand":[],"product_cat":[139],"product_tag":[],"class_list":{"0":"post-16355","1":"product","2":"type-product","3":"status-publish","4":"has-post-thumbnail","6":"product_cat-coffee","8":"first","9":"instock","10":"taxable","11":"shipping-taxable","12":"purchasable","13":"product-type-variable"},"yoast_head":"<!-- This site is optimized with the Yoast SEO plugin v25.7 - https:\/\/yoast.com\/wordpress\/plugins\/seo\/ -->\n<title>BURUNDI \u2013 Inzahabu Mukingiro NATURE - La P&#039;tite Cerise<\/title>\n<meta name=\"robots\" content=\"index, follow, max-snippet:-1, max-image-preview:large, max-video-preview:-1\" \/>\n<link rel=\"canonical\" href=\"https:\/\/la-ptite-cerise.be\/en\/produit\/costa-rica-finca-las-lajas-nature-copie-copie-copie-2\/\" \/>\n<meta property=\"og:locale\" content=\"en_US\" \/>\n<meta property=\"og:type\" content=\"article\" \/>\n<meta property=\"og:title\" content=\"BURUNDI \u2013 Inzahabu Mukingiro NATURE - La P&#039;tite Cerise\" \/>\n<meta property=\"og:description\" content=\"(48\u20ac\/kg)    SCA score: 85Tasting notes: Milk chocolate, red fruits\" \/>\n<meta property=\"og:url\" content=\"https:\/\/la-ptite-cerise.be\/en\/produit\/costa-rica-finca-las-lajas-nature-copie-copie-copie-2\/\" \/>\n<meta property=\"og:site_name\" content=\"La P&#039;tite Cerise\" \/>\n<meta property=\"article:publisher\" content=\"https:\/\/www.facebook.com\/laptitecerise\/\" \/>\n<meta property=\"article:modified_time\" content=\"2026-01-12T14:51:12+00:00\" \/>\n<meta name=\"twitter:card\" content=\"summary_large_image\" \/>\n<meta name=\"twitter:label1\" content=\"Est. reading time\" \/>\n\t<meta name=\"twitter:data1\" content=\"1 minute\" \/>\n<script type=\"application\/ld+json\" class=\"yoast-schema-graph\">{\"@context\":\"https:\/\/schema.org\",\"@graph\":[{\"@type\":\"WebPage\",\"@id\":\"https:\/\/la-ptite-cerise.be\/en\/produit\/costa-rica-finca-las-lajas-nature-copie-copie-copie-2\/\",\"url\":\"https:\/\/la-ptite-cerise.be\/en\/produit\/costa-rica-finca-las-lajas-nature-copie-copie-copie-2\/\",\"name\":\"BURUNDI \u2013 Inzahabu Mukingiro NATURE - La P&#039;tite Cerise\",\"isPartOf\":{\"@id\":\"https:\/\/la-ptite-cerise.be\/#website\"},\"primaryImageOfPage\":{\"@id\":\"https:\/\/la-ptite-cerise.be\/en\/produit\/costa-rica-finca-las-lajas-nature-copie-copie-copie-2\/#primaryimage\"},\"image\":{\"@id\":\"https:\/\/la-ptite-cerise.be\/en\/produit\/costa-rica-finca-las-lajas-nature-copie-copie-copie-2\/#primaryimage\"},\"thumbnailUrl\":\"https:\/\/la-ptite-cerise.be\/wp-content\/uploads\/2026\/01\/E\u2560utiquettes-500x500px-Inzahabu.png\",\"datePublished\":\"2026-01-12T14:43:40+00:00\",\"dateModified\":\"2026-01-12T14:51:12+00:00\",\"breadcrumb\":{\"@id\":\"https:\/\/la-ptite-cerise.be\/en\/produit\/costa-rica-finca-las-lajas-nature-copie-copie-copie-2\/#breadcrumb\"},\"inLanguage\":\"en-US\",\"potentialAction\":[{\"@type\":\"ReadAction\",\"target\":[\"https:\/\/la-ptite-cerise.be\/en\/produit\/costa-rica-finca-las-lajas-nature-copie-copie-copie-2\/\"]}]},{\"@type\":\"ImageObject\",\"inLanguage\":\"en-US\",\"@id\":\"https:\/\/la-ptite-cerise.be\/en\/produit\/costa-rica-finca-las-lajas-nature-copie-copie-copie-2\/#primaryimage\",\"url\":\"https:\/\/la-ptite-cerise.be\/wp-content\/uploads\/2026\/01\/E\u2560utiquettes-500x500px-Inzahabu.png\",\"contentUrl\":\"https:\/\/la-ptite-cerise.be\/wp-content\/uploads\/2026\/01\/E\u2560utiquettes-500x500px-Inzahabu.png\",\"width\":500,\"height\":500},{\"@type\":\"BreadcrumbList\",\"@id\":\"https:\/\/la-ptite-cerise.be\/en\/produit\/costa-rica-finca-las-lajas-nature-copie-copie-copie-2\/#breadcrumb\",\"itemListElement\":[{\"@type\":\"ListItem\",\"position\":1,\"name\":\"Accueil\",\"item\":\"https:\/\/la-ptite-cerise.be\/en\/\"},{\"@type\":\"ListItem\",\"position\":2,\"name\":\"Store\",\"item\":\"https:\/\/la-ptite-cerise.be\/boutique\/\"},{\"@type\":\"ListItem\",\"position\":3,\"name\":\"BURUNDI \u2013 Inzahabu Mukingiro NATURE\"}]},{\"@type\":\"WebSite\",\"@id\":\"https:\/\/la-ptite-cerise.be\/#website\",\"url\":\"https:\/\/la-ptite-cerise.be\/\",\"name\":\"La P'tite Cerise\",\"description\":\"Artisan torr\u00e9facteur de caf\u00e9 de sp\u00e9cialit\u00e9. S\u00e9lection de th\u00e9s &amp; tisanes.\",\"publisher\":{\"@id\":\"https:\/\/la-ptite-cerise.be\/#organization\"},\"potentialAction\":[{\"@type\":\"SearchAction\",\"target\":{\"@type\":\"EntryPoint\",\"urlTemplate\":\"https:\/\/la-ptite-cerise.be\/?s={search_term_string}\"},\"query-input\":{\"@type\":\"PropertyValueSpecification\",\"valueRequired\":true,\"valueName\":\"search_term_string\"}}],\"inLanguage\":\"en-US\"},{\"@type\":\"Organization\",\"@id\":\"https:\/\/la-ptite-cerise.be\/#organization\",\"name\":\"La P'tite Cerise\",\"url\":\"https:\/\/la-ptite-cerise.be\/\",\"logo\":{\"@type\":\"ImageObject\",\"inLanguage\":\"en-US\",\"@id\":\"https:\/\/la-ptite-cerise.be\/#\/schema\/logo\/image\/\",\"url\":\"https:\/\/la-ptite-cerise.be\/wp-content\/uploads\/2020\/10\/logo-header-01.jpg\",\"contentUrl\":\"https:\/\/la-ptite-cerise.be\/wp-content\/uploads\/2020\/10\/logo-header-01.jpg\",\"width\":176,\"height\":100,\"caption\":\"La P'tite Cerise\"},\"image\":{\"@id\":\"https:\/\/la-ptite-cerise.be\/#\/schema\/logo\/image\/\"},\"sameAs\":[\"https:\/\/www.facebook.com\/laptitecerise\/\",\"https:\/\/www.instagram.com\/la.ptite_cerise\/\"]}]}<\/script>\n<!-- \/ Yoast SEO plugin. -->","yoast_head_json":{"title":"BURUNDI \u2013 Inzahabu Mukingiro NATURE - La P&#039;tite Cerise","robots":{"index":"index","follow":"follow","max-snippet":"max-snippet:-1","max-image-preview":"max-image-preview:large","max-video-preview":"max-video-preview:-1"},"canonical":"https:\/\/la-ptite-cerise.be\/en\/produit\/costa-rica-finca-las-lajas-nature-copie-copie-copie-2\/","og_locale":"en_US","og_type":"article","og_title":"BURUNDI \u2013 Inzahabu Mukingiro NATURE - La P&#039;tite Cerise","og_description":"(48\u20ac\/kg)    SCA score: 85Tasting notes: Milk chocolate, red fruits","og_url":"https:\/\/la-ptite-cerise.be\/en\/produit\/costa-rica-finca-las-lajas-nature-copie-copie-copie-2\/","og_site_name":"La P&#039;tite Cerise","article_publisher":"https:\/\/www.facebook.com\/laptitecerise\/","article_modified_time":"2026-01-12T14:51:12+00:00","twitter_card":"summary_large_image","twitter_misc":{"Est. reading time":"1 minute"},"schema":{"@context":"https:\/\/schema.org","@graph":[{"@type":"WebPage","@id":"https:\/\/la-ptite-cerise.be\/en\/produit\/costa-rica-finca-las-lajas-nature-copie-copie-copie-2\/","url":"https:\/\/la-ptite-cerise.be\/en\/produit\/costa-rica-finca-las-lajas-nature-copie-copie-copie-2\/","name":"BURUNDI \u2013 Inzahabu Mukingiro NATURE - La P&#039;tite Cerise","isPartOf":{"@id":"https:\/\/la-ptite-cerise.be\/#website"},"primaryImageOfPage":{"@id":"https:\/\/la-ptite-cerise.be\/en\/produit\/costa-rica-finca-las-lajas-nature-copie-copie-copie-2\/#primaryimage"},"image":{"@id":"https:\/\/la-ptite-cerise.be\/en\/produit\/costa-rica-finca-las-lajas-nature-copie-copie-copie-2\/#primaryimage"},"thumbnailUrl":"https:\/\/la-ptite-cerise.be\/wp-content\/uploads\/2026\/01\/E\u2560utiquettes-500x500px-Inzahabu.png","datePublished":"2026-01-12T14:43:40+00:00","dateModified":"2026-01-12T14:51:12+00:00","breadcrumb":{"@id":"https:\/\/la-ptite-cerise.be\/en\/produit\/costa-rica-finca-las-lajas-nature-copie-copie-copie-2\/#breadcrumb"},"inLanguage":"en-US","potentialAction":[{"@type":"ReadAction","target":["https:\/\/la-ptite-cerise.be\/en\/produit\/costa-rica-finca-las-lajas-nature-copie-copie-copie-2\/"]}]},{"@type":"ImageObject","inLanguage":"en-US","@id":"https:\/\/la-ptite-cerise.be\/en\/produit\/costa-rica-finca-las-lajas-nature-copie-copie-copie-2\/#primaryimage","url":"https:\/\/la-ptite-cerise.be\/wp-content\/uploads\/2026\/01\/E\u2560utiquettes-500x500px-Inzahabu.png","contentUrl":"https:\/\/la-ptite-cerise.be\/wp-content\/uploads\/2026\/01\/E\u2560utiquettes-500x500px-Inzahabu.png","width":500,"height":500},{"@type":"BreadcrumbList","@id":"https:\/\/la-ptite-cerise.be\/en\/produit\/costa-rica-finca-las-lajas-nature-copie-copie-copie-2\/#breadcrumb","itemListElement":[{"@type":"ListItem","position":1,"name":"Accueil","item":"https:\/\/la-ptite-cerise.be\/en\/"},{"@type":"ListItem","position":2,"name":"Store","item":"https:\/\/la-ptite-cerise.be\/boutique\/"},{"@type":"ListItem","position":3,"name":"BURUNDI \u2013 Inzahabu Mukingiro NATURE"}]},{"@type":"WebSite","@id":"https:\/\/la-ptite-cerise.be\/#website","url":"https:\/\/la-ptite-cerise.be\/","name":"La P'tite Cerise","description":"Artisan torr\u00e9facteur de caf\u00e9 de sp\u00e9cialit\u00e9. S\u00e9lection de th\u00e9s &amp; tisanes.","publisher":{"@id":"https:\/\/la-ptite-cerise.be\/#organization"},"potentialAction":[{"@type":"SearchAction","target":{"@type":"EntryPoint","urlTemplate":"https:\/\/la-ptite-cerise.be\/?s={search_term_string}"},"query-input":{"@type":"PropertyValueSpecification","valueRequired":true,"valueName":"search_term_string"}}],"inLanguage":"en-US"},{"@type":"Organization","@id":"https:\/\/la-ptite-cerise.be\/#organization","name":"La P'tite Cerise","url":"https:\/\/la-ptite-cerise.be\/","logo":{"@type":"ImageObject","inLanguage":"en-US","@id":"https:\/\/la-ptite-cerise.be\/#\/schema\/logo\/image\/","url":"https:\/\/la-ptite-cerise.be\/wp-content\/uploads\/2020\/10\/logo-header-01.jpg","contentUrl":"https:\/\/la-ptite-cerise.be\/wp-content\/uploads\/2020\/10\/logo-header-01.jpg","width":176,"height":100,"caption":"La P'tite Cerise"},"image":{"@id":"https:\/\/la-ptite-cerise.be\/#\/schema\/logo\/image\/"},"sameAs":["https:\/\/www.facebook.com\/laptitecerise\/","https:\/\/www.instagram.com\/la.ptite_cerise\/"]}]}},"_links":{"self":[{"href":"https:\/\/la-ptite-cerise.be\/en\/wp-json\/wp\/v2\/product\/16355","targetHints":{"allow":["GET"]}}],"collection":[{"href":"https:\/\/la-ptite-cerise.be\/en\/wp-json\/wp\/v2\/product"}],"about":[{"href":"https:\/\/la-ptite-cerise.be\/en\/wp-json\/wp\/v2\/types\/product"}],"wp:featuredmedia":[{"embeddable":true,"href":"https:\/\/la-ptite-cerise.be\/en\/wp-json\/wp\/v2\/media\/16399"}],"wp:attachment":[{"href":"https:\/\/la-ptite-cerise.be\/en\/wp-json\/wp\/v2\/media?parent=16355"}],"wp:term":[{"taxonomy":"product_brand","embeddable":true,"href":"https:\/\/la-ptite-cerise.be\/en\/wp-json\/wp\/v2\/product_brand?post=16355"},{"taxonomy":"product_cat","embeddable":true,"href":"https:\/\/la-ptite-cerise.be\/en\/wp-json\/wp\/v2\/product_cat?post=16355"},{"taxonomy":"product_tag","embeddable":true,"href":"https:\/\/la-ptite-cerise.be\/en\/wp-json\/wp\/v2\/product_tag?post=16355"}],"curies":[{"name":"wp","href":"https:\/\/api.w.org\/{rel}","templated":true}]}}