{"id":16546,"date":"2026-02-19T13:13:18","date_gmt":"2026-02-19T12:13:18","guid":{"rendered":"https:\/\/la-ptite-cerise.be\/?post_type=product&#038;p=16546"},"modified":"2026-02-19T13:20:31","modified_gmt":"2026-02-19T12:20:31","slug":"burundi-inzahabu-mukingiro-nature-copie","status":"publish","type":"product","link":"https:\/\/la-ptite-cerise.be\/en\/produit\/burundi-inzahabu-mukingiro-nature-copie\/","title":{"rendered":"BRESIL Jaguara NATURE"},"content":{"rendered":"<h1 data-start=\"133\" data-end=\"213\">smooth and comforting Brazilian profile \u2013 Fazenda Jaguara Yellow Catuai<\/h1>\n<hr data-start=\"215\" data-end=\"218\" \/>\n<h2 data-start=\"220\" data-end=\"238\">Technical Sheet<\/h2>\n<p data-start=\"240\" data-end=\"410\"><strong data-start=\"240\" data-end=\"251\">Origin:<\/strong> Brazil<br data-start=\"258\" data-end=\"261\" \/><strong data-start=\"261\" data-end=\"272\">Region:<\/strong> Sul de Minas, Minas Gerais<br data-start=\"299\" data-end=\"302\" \/><strong data-start=\"302\" data-end=\"311\">Farm:<\/strong> S\u00e3o Francisco de Assis \u2013 Fazenda Jaguara<br data-start=\"352\" data-end=\"355\" \/><strong data-start=\"355\" data-end=\"368\">Producer:<\/strong> Natalia Moreira<br data-start=\"384\" data-end=\"387\" \/><strong data-start=\"387\" data-end=\"400\">Altitude:<\/strong> 1,100 m<\/p>\n<p data-start=\"412\" data-end=\"567\"><strong data-start=\"412\" data-end=\"424\">Species:<\/strong> Arabica<br data-start=\"432\" data-end=\"435\" \/><strong data-start=\"435\" data-end=\"447\">Variety:<\/strong> Yellow Catuai<br data-start=\"461\" data-end=\"464\" \/><strong data-start=\"464\" data-end=\"476\">Process:<\/strong> Natural<br data-start=\"484\" data-end=\"487\" \/><strong data-start=\"487\" data-end=\"498\">Drying:<\/strong> Wooden box dried<br data-start=\"515\" data-end=\"518\" \/><strong data-start=\"543\" data-end=\"555\">Harvest:<\/strong> 2025\/2026<\/p>\n<p data-start=\"569\" data-end=\"631\"><strong data-start=\"569\" data-end=\"583\">SCA Score:<\/strong> 82\u201384<br data-start=\"589\" data-end=\"592\" \/><strong data-start=\"592\" data-end=\"610\">Tasting notes:<\/strong> Chocolate, caramel<\/p>\n<p data-start=\"633\" data-end=\"676\"><strong data-start=\"633\" data-end=\"651\">Roast profile:<\/strong> Omni (filter &amp; espresso)<\/p>\n<hr data-start=\"678\" data-end=\"681\" \/>\n<h2 data-start=\"683\" data-end=\"703\">About this coffee<\/h2>\n<p data-start=\"705\" data-end=\"1027\">Located in the Sul de Minas region, in the heart of Minas Gerais state, Fazenda Jaguara covers 90 hectares at 1,100 metres above sea level. Situated in Campo das Vertentes \u2014 a region historically linked to gold extraction \u2014 the farm benefits from well-drained, slightly acidic soils and numerous crystalline water springs.<\/p>\n<p data-start=\"1029\" data-end=\"1460\">Founded in 2001 by agronomist and researcher Antonio Wander, the farm is now led by Andr\u00e9 Luiz and Natalia Moreira. Together, they have developed a sustainability-focused agricultural model based on reducing agrochemical inputs, increasing biodiversity and making the most of natural resources. Over the past six years, agrochemical use has been reduced by 80%, thanks to careful varietal selection and responsible crop management.<\/p>\n<p data-start=\"1462\" data-end=\"1741\">This Yellow Catuai is processed using the <strong data-start=\"1504\" data-end=\"1522\">natural method<\/strong>. The cherries are harvested equally through selective hand-picking and mechanical picking, then slowly dried in wooden boxes. This drying approach enhances sweetness and develops a round, balanced structure in the cup.<\/p>\n<p data-start=\"1743\" data-end=\"1949\">Expect a comforting and approachable profile. Chocolate and caramel dominate, supported by smooth texture and pleasant natural sweetness. A versatile coffee, equally at home as espresso or brewed as filter.<\/p>\n","protected":false},"excerpt":{"rendered":"<h4>(48\u20ac\/kg)<\/h4>\n<p data-start=\"1328\" data-end=\"1350\"><strong data-start=\"1986\" data-end=\"2000\">SCA Score:<\/strong> 82\u201384<br data-start=\"2006\" data-end=\"2009\" \/><strong data-start=\"2009\" data-end=\"2027\">Tasting notes:<\/strong> Chocolate, caramel<\/p>\n","protected":false},"featured_media":12584,"template":"","meta":[],"product_brand":[],"product_cat":[139],"product_tag":[],"class_list":{"0":"post-16546","1":"product","2":"type-product","3":"status-publish","4":"has-post-thumbnail","6":"product_cat-coffee","8":"first","9":"instock","10":"taxable","11":"shipping-taxable","12":"purchasable","13":"product-type-variable"},"yoast_head":"<!-- This site is optimized with the Yoast SEO plugin v25.7 - https:\/\/yoast.com\/wordpress\/plugins\/seo\/ -->\n<title>BRESIL Jaguara NATURE - La P&#039;tite Cerise<\/title>\n<meta name=\"robots\" content=\"index, follow, max-snippet:-1, max-image-preview:large, max-video-preview:-1\" \/>\n<link rel=\"canonical\" href=\"https:\/\/la-ptite-cerise.be\/en\/produit\/burundi-inzahabu-mukingiro-nature-copie\/\" \/>\n<meta property=\"og:locale\" content=\"en_US\" \/>\n<meta property=\"og:type\" content=\"article\" \/>\n<meta property=\"og:title\" content=\"BRESIL Jaguara NATURE - La P&#039;tite Cerise\" \/>\n<meta property=\"og:description\" content=\"(48\u20ac\/kg) SCA Score: 82\u201384Tasting notes: Chocolate, caramel\" \/>\n<meta property=\"og:url\" content=\"https:\/\/la-ptite-cerise.be\/en\/produit\/burundi-inzahabu-mukingiro-nature-copie\/\" \/>\n<meta property=\"og:site_name\" content=\"La P&#039;tite Cerise\" \/>\n<meta property=\"article:publisher\" content=\"https:\/\/www.facebook.com\/laptitecerise\/\" \/>\n<meta property=\"article:modified_time\" content=\"2026-02-19T12:20:31+00:00\" \/>\n<meta property=\"og:image\" content=\"https:\/\/la-ptite-cerise.be\/wp-content\/uploads\/2025\/03\/Etiquettes-500x500px-Jaguara.png\" \/>\n\t<meta property=\"og:image:width\" content=\"500\" \/>\n\t<meta property=\"og:image:height\" content=\"500\" \/>\n\t<meta property=\"og:image:type\" content=\"image\/png\" \/>\n<meta name=\"twitter:card\" content=\"summary_large_image\" \/>\n<meta name=\"twitter:label1\" content=\"Est. reading time\" \/>\n\t<meta name=\"twitter:data1\" content=\"1 minute\" \/>\n<script type=\"application\/ld+json\" class=\"yoast-schema-graph\">{\"@context\":\"https:\/\/schema.org\",\"@graph\":[{\"@type\":\"WebPage\",\"@id\":\"https:\/\/la-ptite-cerise.be\/en\/produit\/burundi-inzahabu-mukingiro-nature-copie\/\",\"url\":\"https:\/\/la-ptite-cerise.be\/en\/produit\/burundi-inzahabu-mukingiro-nature-copie\/\",\"name\":\"BRESIL Jaguara NATURE - La P&#039;tite Cerise\",\"isPartOf\":{\"@id\":\"https:\/\/la-ptite-cerise.be\/#website\"},\"primaryImageOfPage\":{\"@id\":\"https:\/\/la-ptite-cerise.be\/en\/produit\/burundi-inzahabu-mukingiro-nature-copie\/#primaryimage\"},\"image\":{\"@id\":\"https:\/\/la-ptite-cerise.be\/en\/produit\/burundi-inzahabu-mukingiro-nature-copie\/#primaryimage\"},\"thumbnailUrl\":\"https:\/\/la-ptite-cerise.be\/wp-content\/uploads\/2025\/03\/Etiquettes-500x500px-Jaguara.png\",\"datePublished\":\"2026-02-19T12:13:18+00:00\",\"dateModified\":\"2026-02-19T12:20:31+00:00\",\"breadcrumb\":{\"@id\":\"https:\/\/la-ptite-cerise.be\/en\/produit\/burundi-inzahabu-mukingiro-nature-copie\/#breadcrumb\"},\"inLanguage\":\"en-US\",\"potentialAction\":[{\"@type\":\"ReadAction\",\"target\":[\"https:\/\/la-ptite-cerise.be\/en\/produit\/burundi-inzahabu-mukingiro-nature-copie\/\"]}]},{\"@type\":\"ImageObject\",\"inLanguage\":\"en-US\",\"@id\":\"https:\/\/la-ptite-cerise.be\/en\/produit\/burundi-inzahabu-mukingiro-nature-copie\/#primaryimage\",\"url\":\"https:\/\/la-ptite-cerise.be\/wp-content\/uploads\/2025\/03\/Etiquettes-500x500px-Jaguara.png\",\"contentUrl\":\"https:\/\/la-ptite-cerise.be\/wp-content\/uploads\/2025\/03\/Etiquettes-500x500px-Jaguara.png\",\"width\":500,\"height\":500},{\"@type\":\"BreadcrumbList\",\"@id\":\"https:\/\/la-ptite-cerise.be\/en\/produit\/burundi-inzahabu-mukingiro-nature-copie\/#breadcrumb\",\"itemListElement\":[{\"@type\":\"ListItem\",\"position\":1,\"name\":\"Accueil\",\"item\":\"https:\/\/la-ptite-cerise.be\/en\/\"},{\"@type\":\"ListItem\",\"position\":2,\"name\":\"Store\",\"item\":\"https:\/\/la-ptite-cerise.be\/boutique\/\"},{\"@type\":\"ListItem\",\"position\":3,\"name\":\"BRESIL Jaguara NATURE\"}]},{\"@type\":\"WebSite\",\"@id\":\"https:\/\/la-ptite-cerise.be\/#website\",\"url\":\"https:\/\/la-ptite-cerise.be\/\",\"name\":\"La P'tite Cerise\",\"description\":\"Artisan torr\u00e9facteur de caf\u00e9 de sp\u00e9cialit\u00e9. S\u00e9lection de th\u00e9s &amp; tisanes.\",\"publisher\":{\"@id\":\"https:\/\/la-ptite-cerise.be\/#organization\"},\"potentialAction\":[{\"@type\":\"SearchAction\",\"target\":{\"@type\":\"EntryPoint\",\"urlTemplate\":\"https:\/\/la-ptite-cerise.be\/?s={search_term_string}\"},\"query-input\":{\"@type\":\"PropertyValueSpecification\",\"valueRequired\":true,\"valueName\":\"search_term_string\"}}],\"inLanguage\":\"en-US\"},{\"@type\":\"Organization\",\"@id\":\"https:\/\/la-ptite-cerise.be\/#organization\",\"name\":\"La P'tite Cerise\",\"url\":\"https:\/\/la-ptite-cerise.be\/\",\"logo\":{\"@type\":\"ImageObject\",\"inLanguage\":\"en-US\",\"@id\":\"https:\/\/la-ptite-cerise.be\/#\/schema\/logo\/image\/\",\"url\":\"https:\/\/la-ptite-cerise.be\/wp-content\/uploads\/2020\/10\/logo-header-01.jpg\",\"contentUrl\":\"https:\/\/la-ptite-cerise.be\/wp-content\/uploads\/2020\/10\/logo-header-01.jpg\",\"width\":176,\"height\":100,\"caption\":\"La P'tite Cerise\"},\"image\":{\"@id\":\"https:\/\/la-ptite-cerise.be\/#\/schema\/logo\/image\/\"},\"sameAs\":[\"https:\/\/www.facebook.com\/laptitecerise\/\",\"https:\/\/www.instagram.com\/la.ptite_cerise\/\"]}]}<\/script>\n<!-- \/ Yoast SEO plugin. -->","yoast_head_json":{"title":"BRESIL Jaguara NATURE - La P&#039;tite Cerise","robots":{"index":"index","follow":"follow","max-snippet":"max-snippet:-1","max-image-preview":"max-image-preview:large","max-video-preview":"max-video-preview:-1"},"canonical":"https:\/\/la-ptite-cerise.be\/en\/produit\/burundi-inzahabu-mukingiro-nature-copie\/","og_locale":"en_US","og_type":"article","og_title":"BRESIL Jaguara NATURE - La P&#039;tite Cerise","og_description":"(48\u20ac\/kg) SCA Score: 82\u201384Tasting notes: Chocolate, caramel","og_url":"https:\/\/la-ptite-cerise.be\/en\/produit\/burundi-inzahabu-mukingiro-nature-copie\/","og_site_name":"La P&#039;tite Cerise","article_publisher":"https:\/\/www.facebook.com\/laptitecerise\/","article_modified_time":"2026-02-19T12:20:31+00:00","og_image":[{"width":500,"height":500,"url":"https:\/\/la-ptite-cerise.be\/wp-content\/uploads\/2025\/03\/Etiquettes-500x500px-Jaguara.png","type":"image\/png"}],"twitter_card":"summary_large_image","twitter_misc":{"Est. reading time":"1 minute"},"schema":{"@context":"https:\/\/schema.org","@graph":[{"@type":"WebPage","@id":"https:\/\/la-ptite-cerise.be\/en\/produit\/burundi-inzahabu-mukingiro-nature-copie\/","url":"https:\/\/la-ptite-cerise.be\/en\/produit\/burundi-inzahabu-mukingiro-nature-copie\/","name":"BRESIL Jaguara NATURE - La P&#039;tite Cerise","isPartOf":{"@id":"https:\/\/la-ptite-cerise.be\/#website"},"primaryImageOfPage":{"@id":"https:\/\/la-ptite-cerise.be\/en\/produit\/burundi-inzahabu-mukingiro-nature-copie\/#primaryimage"},"image":{"@id":"https:\/\/la-ptite-cerise.be\/en\/produit\/burundi-inzahabu-mukingiro-nature-copie\/#primaryimage"},"thumbnailUrl":"https:\/\/la-ptite-cerise.be\/wp-content\/uploads\/2025\/03\/Etiquettes-500x500px-Jaguara.png","datePublished":"2026-02-19T12:13:18+00:00","dateModified":"2026-02-19T12:20:31+00:00","breadcrumb":{"@id":"https:\/\/la-ptite-cerise.be\/en\/produit\/burundi-inzahabu-mukingiro-nature-copie\/#breadcrumb"},"inLanguage":"en-US","potentialAction":[{"@type":"ReadAction","target":["https:\/\/la-ptite-cerise.be\/en\/produit\/burundi-inzahabu-mukingiro-nature-copie\/"]}]},{"@type":"ImageObject","inLanguage":"en-US","@id":"https:\/\/la-ptite-cerise.be\/en\/produit\/burundi-inzahabu-mukingiro-nature-copie\/#primaryimage","url":"https:\/\/la-ptite-cerise.be\/wp-content\/uploads\/2025\/03\/Etiquettes-500x500px-Jaguara.png","contentUrl":"https:\/\/la-ptite-cerise.be\/wp-content\/uploads\/2025\/03\/Etiquettes-500x500px-Jaguara.png","width":500,"height":500},{"@type":"BreadcrumbList","@id":"https:\/\/la-ptite-cerise.be\/en\/produit\/burundi-inzahabu-mukingiro-nature-copie\/#breadcrumb","itemListElement":[{"@type":"ListItem","position":1,"name":"Accueil","item":"https:\/\/la-ptite-cerise.be\/en\/"},{"@type":"ListItem","position":2,"name":"Store","item":"https:\/\/la-ptite-cerise.be\/boutique\/"},{"@type":"ListItem","position":3,"name":"BRESIL Jaguara NATURE"}]},{"@type":"WebSite","@id":"https:\/\/la-ptite-cerise.be\/#website","url":"https:\/\/la-ptite-cerise.be\/","name":"La P'tite Cerise","description":"Artisan torr\u00e9facteur de caf\u00e9 de sp\u00e9cialit\u00e9. S\u00e9lection de th\u00e9s &amp; tisanes.","publisher":{"@id":"https:\/\/la-ptite-cerise.be\/#organization"},"potentialAction":[{"@type":"SearchAction","target":{"@type":"EntryPoint","urlTemplate":"https:\/\/la-ptite-cerise.be\/?s={search_term_string}"},"query-input":{"@type":"PropertyValueSpecification","valueRequired":true,"valueName":"search_term_string"}}],"inLanguage":"en-US"},{"@type":"Organization","@id":"https:\/\/la-ptite-cerise.be\/#organization","name":"La P'tite Cerise","url":"https:\/\/la-ptite-cerise.be\/","logo":{"@type":"ImageObject","inLanguage":"en-US","@id":"https:\/\/la-ptite-cerise.be\/#\/schema\/logo\/image\/","url":"https:\/\/la-ptite-cerise.be\/wp-content\/uploads\/2020\/10\/logo-header-01.jpg","contentUrl":"https:\/\/la-ptite-cerise.be\/wp-content\/uploads\/2020\/10\/logo-header-01.jpg","width":176,"height":100,"caption":"La P'tite Cerise"},"image":{"@id":"https:\/\/la-ptite-cerise.be\/#\/schema\/logo\/image\/"},"sameAs":["https:\/\/www.facebook.com\/laptitecerise\/","https:\/\/www.instagram.com\/la.ptite_cerise\/"]}]}},"_links":{"self":[{"href":"https:\/\/la-ptite-cerise.be\/en\/wp-json\/wp\/v2\/product\/16546","targetHints":{"allow":["GET"]}}],"collection":[{"href":"https:\/\/la-ptite-cerise.be\/en\/wp-json\/wp\/v2\/product"}],"about":[{"href":"https:\/\/la-ptite-cerise.be\/en\/wp-json\/wp\/v2\/types\/product"}],"wp:featuredmedia":[{"embeddable":true,"href":"https:\/\/la-ptite-cerise.be\/en\/wp-json\/wp\/v2\/media\/12584"}],"wp:attachment":[{"href":"https:\/\/la-ptite-cerise.be\/en\/wp-json\/wp\/v2\/media?parent=16546"}],"wp:term":[{"taxonomy":"product_brand","embeddable":true,"href":"https:\/\/la-ptite-cerise.be\/en\/wp-json\/wp\/v2\/product_brand?post=16546"},{"taxonomy":"product_cat","embeddable":true,"href":"https:\/\/la-ptite-cerise.be\/en\/wp-json\/wp\/v2\/product_cat?post=16546"},{"taxonomy":"product_tag","embeddable":true,"href":"https:\/\/la-ptite-cerise.be\/en\/wp-json\/wp\/v2\/product_tag?post=16546"}],"curies":[{"name":"wp","href":"https:\/\/api.w.org\/{rel}","templated":true}]}}