{"id":16611,"date":"2026-02-19T13:23:37","date_gmt":"2026-02-19T12:23:37","guid":{"rendered":"https:\/\/la-ptite-cerise.be\/?post_type=product&#038;p=16611"},"modified":"2026-02-19T13:30:17","modified_gmt":"2026-02-19T12:30:17","slug":"bresil-jaguara-nature-copie","status":"publish","type":"product","link":"https:\/\/la-ptite-cerise.be\/en\/produit\/bresil-jaguara-nature-copie\/","title":{"rendered":"BRESIL Fazenda Daterra Bourbon collection"},"content":{"rendered":"<h1 data-start=\"162\" data-end=\"241\">Daterra Bourbon Collection \u2013 A refined and structured Brazilian espresso<\/h1>\n<hr data-start=\"243\" data-end=\"246\" \/>\n<h2 data-start=\"248\" data-end=\"266\">Technical Sheet<\/h2>\n<p data-start=\"268\" data-end=\"380\"><strong data-start=\"268\" data-end=\"279\">Origin:<\/strong> Brazil<br data-start=\"286\" data-end=\"289\" \/><strong data-start=\"289\" data-end=\"300\">Region:<\/strong> Cerrado, Minas Gerais<br data-start=\"322\" data-end=\"325\" \/><strong data-start=\"325\" data-end=\"334\">Farm:<\/strong> Boa Vista \u2013 Daterra<br data-start=\"354\" data-end=\"357\" \/><strong data-start=\"357\" data-end=\"370\">Altitude:<\/strong> 1,150 m<\/p>\n<p data-start=\"382\" data-end=\"547\"><strong data-start=\"382\" data-end=\"394\">Species:<\/strong> Arabica<br data-start=\"402\" data-end=\"405\" \/><strong data-start=\"405\" data-end=\"417\">Variety:<\/strong> Red Bourbon<br data-start=\"429\" data-end=\"432\" \/><strong data-start=\"432\" data-end=\"444\">Process:<\/strong> Pulped Natural<br data-start=\"459\" data-end=\"462\" \/><strong data-start=\"462\" data-end=\"473\">Drying:<\/strong> Patio then drum dryer<br data-start=\"495\" data-end=\"498\" \/><strong data-start=\"498\" data-end=\"514\">Screen size:<\/strong> 16\/18<br data-start=\"520\" data-end=\"523\" \/><strong data-start=\"523\" data-end=\"535\">Harvest:<\/strong> 2024\/2025<\/p>\n<p data-start=\"549\" data-end=\"638\"><strong data-start=\"549\" data-end=\"563\">SCA Score:<\/strong> 85<br data-start=\"566\" data-end=\"569\" \/><strong data-start=\"569\" data-end=\"587\">Tasting notes:<\/strong> Chocolate, hazelnut, ripe fruits, hint of orange<\/p>\n<p data-start=\"640\" data-end=\"671\"><strong data-start=\"640\" data-end=\"658\">Roast profile:<\/strong> <strong data-start=\"659\" data-end=\"671\">Espresso<\/strong><\/p>\n<hr data-start=\"673\" data-end=\"676\" \/>\n<h2 data-start=\"678\" data-end=\"698\">About this coffee<\/h2>\n<p data-start=\"700\" data-end=\"883\">Located in the Cerrado region of Minas Gerais, Boa Vista Farm is part of the Daterra group, one of Brazil\u2019s most respected producers, renowned for consistency, innovation and quality.<\/p>\n<p data-start=\"885\" data-end=\"1200\">The Cerrado benefits from particularly stable climatic conditions, with dry winters, warm summers and an average altitude of 1,150 metres. These factors allow for even cherry maturation and excellent cup consistency. The characteristic red latosol soils of the region contribute to the coffee\u2019s structure and depth.<\/p>\n<p data-start=\"1202\" data-end=\"1448\">Daterra is a pioneer in sustainable coffee production in Brazil and was among the first farms supported by Rainforest Alliance. Their approach combines responsible farming practices with advanced technology and long-term environmental commitment.<\/p>\n<p data-start=\"1450\" data-end=\"1695\">This Red Bourbon is processed using the <strong data-start=\"1490\" data-end=\"1515\">pulped natural method<\/strong>: the skin is mechanically removed while part of the mucilage remains during drying. This technique enhances sweetness and produces a dense, creamy espresso with excellent balance.<\/p>\n<p data-start=\"1697\" data-end=\"2004\">In the cup, the profile is clean and well structured. Chocolate and hazelnut form a rich, comforting base, complemented by ripe fruit notes and a gentle orange acidity that adds freshness without overpowering the balance. A precise and elegant espresso, equally enjoyable on its own or in milk-based drinks.<\/p>\n","protected":false},"excerpt":{"rendered":"<h4>(48\u20ac\/kg)<\/h4>\n<p data-start=\"1328\" data-end=\"1350\"><strong data-start=\"2041\" data-end=\"2055\">SCA Score:<\/strong> 85<br data-start=\"2058\" data-end=\"2061\" \/><strong data-start=\"2061\" data-end=\"2079\">Tasting notes:<\/strong> Chocolate, hazelnut, ripe fruits.<\/p>\n","protected":false},"featured_media":11624,"template":"","meta":[],"product_brand":[],"product_cat":[139],"product_tag":[],"class_list":{"0":"post-16611","1":"product","2":"type-product","3":"status-publish","4":"has-post-thumbnail","6":"product_cat-coffee","8":"first","9":"instock","10":"taxable","11":"shipping-taxable","12":"purchasable","13":"product-type-variable"},"yoast_head":"<!-- This site is optimized with the Yoast SEO plugin v25.7 - https:\/\/yoast.com\/wordpress\/plugins\/seo\/ -->\n<title>BRESIL Fazenda Daterra Bourbon collection - La P&#039;tite Cerise<\/title>\n<meta name=\"robots\" content=\"index, follow, max-snippet:-1, max-image-preview:large, max-video-preview:-1\" \/>\n<link rel=\"canonical\" href=\"https:\/\/la-ptite-cerise.be\/en\/produit\/bresil-jaguara-nature-copie\/\" \/>\n<meta property=\"og:locale\" content=\"en_US\" \/>\n<meta property=\"og:type\" content=\"article\" \/>\n<meta property=\"og:title\" content=\"BRESIL Fazenda Daterra Bourbon collection - La P&#039;tite Cerise\" \/>\n<meta property=\"og:description\" content=\"(48\u20ac\/kg) SCA Score: 85Tasting notes: Chocolate, hazelnut, ripe fruits.\" \/>\n<meta property=\"og:url\" content=\"https:\/\/la-ptite-cerise.be\/en\/produit\/bresil-jaguara-nature-copie\/\" \/>\n<meta property=\"og:site_name\" content=\"La P&#039;tite Cerise\" \/>\n<meta property=\"article:publisher\" content=\"https:\/\/www.facebook.com\/laptitecerise\/\" \/>\n<meta property=\"article:modified_time\" content=\"2026-02-19T12:30:17+00:00\" \/>\n<meta property=\"og:image\" content=\"https:\/\/la-ptite-cerise.be\/wp-content\/uploads\/2022\/03\/E\u2560utiquettes-500x500px-Daterra.png\" \/>\n\t<meta property=\"og:image:width\" content=\"500\" \/>\n\t<meta property=\"og:image:height\" content=\"500\" \/>\n\t<meta property=\"og:image:type\" content=\"image\/png\" \/>\n<meta name=\"twitter:card\" content=\"summary_large_image\" \/>\n<meta name=\"twitter:label1\" content=\"Est. reading time\" \/>\n\t<meta name=\"twitter:data1\" content=\"1 minute\" \/>\n<script type=\"application\/ld+json\" class=\"yoast-schema-graph\">{\"@context\":\"https:\/\/schema.org\",\"@graph\":[{\"@type\":\"WebPage\",\"@id\":\"https:\/\/la-ptite-cerise.be\/en\/produit\/bresil-jaguara-nature-copie\/\",\"url\":\"https:\/\/la-ptite-cerise.be\/en\/produit\/bresil-jaguara-nature-copie\/\",\"name\":\"BRESIL Fazenda Daterra Bourbon collection - La P&#039;tite Cerise\",\"isPartOf\":{\"@id\":\"https:\/\/la-ptite-cerise.be\/#website\"},\"primaryImageOfPage\":{\"@id\":\"https:\/\/la-ptite-cerise.be\/en\/produit\/bresil-jaguara-nature-copie\/#primaryimage\"},\"image\":{\"@id\":\"https:\/\/la-ptite-cerise.be\/en\/produit\/bresil-jaguara-nature-copie\/#primaryimage\"},\"thumbnailUrl\":\"https:\/\/la-ptite-cerise.be\/wp-content\/uploads\/2022\/03\/E\u2560utiquettes-500x500px-Daterra.png\",\"datePublished\":\"2026-02-19T12:23:37+00:00\",\"dateModified\":\"2026-02-19T12:30:17+00:00\",\"breadcrumb\":{\"@id\":\"https:\/\/la-ptite-cerise.be\/en\/produit\/bresil-jaguara-nature-copie\/#breadcrumb\"},\"inLanguage\":\"en-US\",\"potentialAction\":[{\"@type\":\"ReadAction\",\"target\":[\"https:\/\/la-ptite-cerise.be\/en\/produit\/bresil-jaguara-nature-copie\/\"]}]},{\"@type\":\"ImageObject\",\"inLanguage\":\"en-US\",\"@id\":\"https:\/\/la-ptite-cerise.be\/en\/produit\/bresil-jaguara-nature-copie\/#primaryimage\",\"url\":\"https:\/\/la-ptite-cerise.be\/wp-content\/uploads\/2022\/03\/E\u2560utiquettes-500x500px-Daterra.png\",\"contentUrl\":\"https:\/\/la-ptite-cerise.be\/wp-content\/uploads\/2022\/03\/E\u2560utiquettes-500x500px-Daterra.png\",\"width\":500,\"height\":500},{\"@type\":\"BreadcrumbList\",\"@id\":\"https:\/\/la-ptite-cerise.be\/en\/produit\/bresil-jaguara-nature-copie\/#breadcrumb\",\"itemListElement\":[{\"@type\":\"ListItem\",\"position\":1,\"name\":\"Accueil\",\"item\":\"https:\/\/la-ptite-cerise.be\/en\/\"},{\"@type\":\"ListItem\",\"position\":2,\"name\":\"Store\",\"item\":\"https:\/\/la-ptite-cerise.be\/boutique\/\"},{\"@type\":\"ListItem\",\"position\":3,\"name\":\"BRESIL Fazenda Daterra Bourbon collection\"}]},{\"@type\":\"WebSite\",\"@id\":\"https:\/\/la-ptite-cerise.be\/#website\",\"url\":\"https:\/\/la-ptite-cerise.be\/\",\"name\":\"La P'tite Cerise\",\"description\":\"Artisan torr\u00e9facteur de caf\u00e9 de sp\u00e9cialit\u00e9. S\u00e9lection de th\u00e9s &amp; tisanes.\",\"publisher\":{\"@id\":\"https:\/\/la-ptite-cerise.be\/#organization\"},\"potentialAction\":[{\"@type\":\"SearchAction\",\"target\":{\"@type\":\"EntryPoint\",\"urlTemplate\":\"https:\/\/la-ptite-cerise.be\/?s={search_term_string}\"},\"query-input\":{\"@type\":\"PropertyValueSpecification\",\"valueRequired\":true,\"valueName\":\"search_term_string\"}}],\"inLanguage\":\"en-US\"},{\"@type\":\"Organization\",\"@id\":\"https:\/\/la-ptite-cerise.be\/#organization\",\"name\":\"La P'tite Cerise\",\"url\":\"https:\/\/la-ptite-cerise.be\/\",\"logo\":{\"@type\":\"ImageObject\",\"inLanguage\":\"en-US\",\"@id\":\"https:\/\/la-ptite-cerise.be\/#\/schema\/logo\/image\/\",\"url\":\"https:\/\/la-ptite-cerise.be\/wp-content\/uploads\/2020\/10\/logo-header-01.jpg\",\"contentUrl\":\"https:\/\/la-ptite-cerise.be\/wp-content\/uploads\/2020\/10\/logo-header-01.jpg\",\"width\":176,\"height\":100,\"caption\":\"La P'tite Cerise\"},\"image\":{\"@id\":\"https:\/\/la-ptite-cerise.be\/#\/schema\/logo\/image\/\"},\"sameAs\":[\"https:\/\/www.facebook.com\/laptitecerise\/\",\"https:\/\/www.instagram.com\/la.ptite_cerise\/\"]}]}<\/script>\n<!-- \/ Yoast SEO plugin. -->","yoast_head_json":{"title":"BRESIL Fazenda Daterra Bourbon collection - La P&#039;tite Cerise","robots":{"index":"index","follow":"follow","max-snippet":"max-snippet:-1","max-image-preview":"max-image-preview:large","max-video-preview":"max-video-preview:-1"},"canonical":"https:\/\/la-ptite-cerise.be\/en\/produit\/bresil-jaguara-nature-copie\/","og_locale":"en_US","og_type":"article","og_title":"BRESIL Fazenda Daterra Bourbon collection - La P&#039;tite Cerise","og_description":"(48\u20ac\/kg) SCA Score: 85Tasting notes: Chocolate, hazelnut, ripe fruits.","og_url":"https:\/\/la-ptite-cerise.be\/en\/produit\/bresil-jaguara-nature-copie\/","og_site_name":"La P&#039;tite Cerise","article_publisher":"https:\/\/www.facebook.com\/laptitecerise\/","article_modified_time":"2026-02-19T12:30:17+00:00","og_image":[{"width":500,"height":500,"url":"https:\/\/la-ptite-cerise.be\/wp-content\/uploads\/2022\/03\/E\u2560utiquettes-500x500px-Daterra.png","type":"image\/png"}],"twitter_card":"summary_large_image","twitter_misc":{"Est. reading time":"1 minute"},"schema":{"@context":"https:\/\/schema.org","@graph":[{"@type":"WebPage","@id":"https:\/\/la-ptite-cerise.be\/en\/produit\/bresil-jaguara-nature-copie\/","url":"https:\/\/la-ptite-cerise.be\/en\/produit\/bresil-jaguara-nature-copie\/","name":"BRESIL Fazenda Daterra Bourbon collection - La P&#039;tite Cerise","isPartOf":{"@id":"https:\/\/la-ptite-cerise.be\/#website"},"primaryImageOfPage":{"@id":"https:\/\/la-ptite-cerise.be\/en\/produit\/bresil-jaguara-nature-copie\/#primaryimage"},"image":{"@id":"https:\/\/la-ptite-cerise.be\/en\/produit\/bresil-jaguara-nature-copie\/#primaryimage"},"thumbnailUrl":"https:\/\/la-ptite-cerise.be\/wp-content\/uploads\/2022\/03\/E\u2560utiquettes-500x500px-Daterra.png","datePublished":"2026-02-19T12:23:37+00:00","dateModified":"2026-02-19T12:30:17+00:00","breadcrumb":{"@id":"https:\/\/la-ptite-cerise.be\/en\/produit\/bresil-jaguara-nature-copie\/#breadcrumb"},"inLanguage":"en-US","potentialAction":[{"@type":"ReadAction","target":["https:\/\/la-ptite-cerise.be\/en\/produit\/bresil-jaguara-nature-copie\/"]}]},{"@type":"ImageObject","inLanguage":"en-US","@id":"https:\/\/la-ptite-cerise.be\/en\/produit\/bresil-jaguara-nature-copie\/#primaryimage","url":"https:\/\/la-ptite-cerise.be\/wp-content\/uploads\/2022\/03\/E\u2560utiquettes-500x500px-Daterra.png","contentUrl":"https:\/\/la-ptite-cerise.be\/wp-content\/uploads\/2022\/03\/E\u2560utiquettes-500x500px-Daterra.png","width":500,"height":500},{"@type":"BreadcrumbList","@id":"https:\/\/la-ptite-cerise.be\/en\/produit\/bresil-jaguara-nature-copie\/#breadcrumb","itemListElement":[{"@type":"ListItem","position":1,"name":"Accueil","item":"https:\/\/la-ptite-cerise.be\/en\/"},{"@type":"ListItem","position":2,"name":"Store","item":"https:\/\/la-ptite-cerise.be\/boutique\/"},{"@type":"ListItem","position":3,"name":"BRESIL Fazenda Daterra Bourbon collection"}]},{"@type":"WebSite","@id":"https:\/\/la-ptite-cerise.be\/#website","url":"https:\/\/la-ptite-cerise.be\/","name":"La P'tite Cerise","description":"Artisan torr\u00e9facteur de caf\u00e9 de sp\u00e9cialit\u00e9. S\u00e9lection de th\u00e9s &amp; tisanes.","publisher":{"@id":"https:\/\/la-ptite-cerise.be\/#organization"},"potentialAction":[{"@type":"SearchAction","target":{"@type":"EntryPoint","urlTemplate":"https:\/\/la-ptite-cerise.be\/?s={search_term_string}"},"query-input":{"@type":"PropertyValueSpecification","valueRequired":true,"valueName":"search_term_string"}}],"inLanguage":"en-US"},{"@type":"Organization","@id":"https:\/\/la-ptite-cerise.be\/#organization","name":"La P'tite Cerise","url":"https:\/\/la-ptite-cerise.be\/","logo":{"@type":"ImageObject","inLanguage":"en-US","@id":"https:\/\/la-ptite-cerise.be\/#\/schema\/logo\/image\/","url":"https:\/\/la-ptite-cerise.be\/wp-content\/uploads\/2020\/10\/logo-header-01.jpg","contentUrl":"https:\/\/la-ptite-cerise.be\/wp-content\/uploads\/2020\/10\/logo-header-01.jpg","width":176,"height":100,"caption":"La P'tite Cerise"},"image":{"@id":"https:\/\/la-ptite-cerise.be\/#\/schema\/logo\/image\/"},"sameAs":["https:\/\/www.facebook.com\/laptitecerise\/","https:\/\/www.instagram.com\/la.ptite_cerise\/"]}]}},"_links":{"self":[{"href":"https:\/\/la-ptite-cerise.be\/en\/wp-json\/wp\/v2\/product\/16611","targetHints":{"allow":["GET"]}}],"collection":[{"href":"https:\/\/la-ptite-cerise.be\/en\/wp-json\/wp\/v2\/product"}],"about":[{"href":"https:\/\/la-ptite-cerise.be\/en\/wp-json\/wp\/v2\/types\/product"}],"wp:featuredmedia":[{"embeddable":true,"href":"https:\/\/la-ptite-cerise.be\/en\/wp-json\/wp\/v2\/media\/11624"}],"wp:attachment":[{"href":"https:\/\/la-ptite-cerise.be\/en\/wp-json\/wp\/v2\/media?parent=16611"}],"wp:term":[{"taxonomy":"product_brand","embeddable":true,"href":"https:\/\/la-ptite-cerise.be\/en\/wp-json\/wp\/v2\/product_brand?post=16611"},{"taxonomy":"product_cat","embeddable":true,"href":"https:\/\/la-ptite-cerise.be\/en\/wp-json\/wp\/v2\/product_cat?post=16611"},{"taxonomy":"product_tag","embeddable":true,"href":"https:\/\/la-ptite-cerise.be\/en\/wp-json\/wp\/v2\/product_tag?post=16611"}],"curies":[{"name":"wp","href":"https:\/\/api.w.org\/{rel}","templated":true}]}}