{"id":16772,"date":"2026-04-07T13:28:01","date_gmt":"2026-04-07T11:28:01","guid":{"rendered":"https:\/\/la-ptite-cerise.be\/?post_type=product&#038;p=16772"},"modified":"2026-04-07T13:41:15","modified_gmt":"2026-04-07T11:41:15","slug":"bresil-fazenda-daterra-bourbon-collection-copie","status":"publish","type":"product","link":"https:\/\/la-ptite-cerise.be\/en\/produit\/bresil-fazenda-daterra-bourbon-collection-copie\/","title":{"rendered":"R.D.C. Bahavu LAVE"},"content":{"rendered":"<h2 data-start=\"2915\" data-end=\"2964\">Bahavu \u2013 A balanced coffee from Lake Kivu<\/h2>\n<h3 data-start=\"2966\" data-end=\"2985\">Technical sheet<\/h3>\n<p data-start=\"2987\" data-end=\"3279\"><strong data-start=\"2987\" data-end=\"2998\">Origin:<\/strong> Democratic Republic of Congo<br data-start=\"3027\" data-end=\"3030\" \/><strong data-start=\"3030\" data-end=\"3041\">Region:<\/strong> Idjwi Island \u2013 Lake Kivu<br data-start=\"3066\" data-end=\"3069\" \/><strong data-start=\"3069\" data-end=\"3082\">Altitude:<\/strong> 1,450 \u2013 2,000 m<br data-start=\"3098\" data-end=\"3101\" \/><strong data-start=\"3101\" data-end=\"3115\">Varieties:<\/strong> Bourbon, Catimor<br data-start=\"3132\" data-end=\"3135\" \/><strong data-start=\"3135\" data-end=\"3147\">Species:<\/strong> Arabica<br data-start=\"3155\" data-end=\"3158\" \/><strong data-start=\"3158\" data-end=\"3170\">Process:<\/strong> Washed<br data-start=\"3177\" data-end=\"3180\" \/><strong data-start=\"3180\" data-end=\"3191\">Drying:<\/strong> 14\u201321 days on African beds<br data-start=\"3218\" data-end=\"3221\" \/><strong data-start=\"3221\" data-end=\"3233\">Harvest:<\/strong> March to Jun<\/p>\n<p data-start=\"3281\" data-end=\"3324\"><strong data-start=\"3281\" data-end=\"3299\">Roast profile:<\/strong> Omni (filter &amp; espresso)<\/p>\n<p data-start=\"3326\" data-end=\"3374\"><strong data-start=\"3326\" data-end=\"3344\">Tasting notes:<\/strong> Berries, almond, sweet spices<\/p>\n<hr data-start=\"3376\" data-end=\"3379\" \/>\n<h3 data-start=\"3381\" data-end=\"3402\">About this coffee<\/h3>\n<p data-start=\"3404\" data-end=\"3722\">Coffee grown on <strong data-start=\"3420\" data-end=\"3436\">Idjwi Island<\/strong>, in Lake Kivu in eastern Democratic Republic of Congo, benefits from a unique natural environment. The island\u2019s altitude, ranging from <strong data-start=\"3572\" data-end=\"3597\">1,450 to 2,000 meters<\/strong>, combined with rich clay-limestone soils and a temperate tropical climate, provides ideal conditions for coffee cultivation.<\/p>\n<p data-start=\"3724\" data-end=\"3972\">Coffee cherries are <strong data-start=\"3744\" data-end=\"3759\">hand-picked<\/strong> by local farmers and processed using the traditional washed method. After pulping and fermentation, the beans are washed and then <strong data-start=\"3890\" data-end=\"3940\">dried for 14 to 21 days on raised African beds<\/strong>, ensuring slow and even drying.<\/p>\n<p data-start=\"3974\" data-end=\"4180\">The cup profile is <strong data-start=\"3993\" data-end=\"4010\">well balanced<\/strong>, with a <strong data-start=\"4019\" data-end=\"4050\">soft and controlled acidity<\/strong> and a rich mouthfeel. Flavours reveal notes of <strong data-start=\"4098\" data-end=\"4135\">berries, almond and gentle spices<\/strong>, supported by a pleasant and lasting finish.<\/p>\n<p data-start=\"4182\" data-end=\"4329\">Coffee production on Idjwi Island also plays a key role in supporting local communities and contributing to the economic development of the region.<\/p>\n","protected":false},"excerpt":{"rendered":"<h4>(44\u20ac\/kg)<\/h4>\n<p data-start=\"1328\" data-end=\"1350\"><strong data-start=\"2041\" data-end=\"2055\">SCA Score:<\/strong> 83<br data-start=\"2058\" data-end=\"2061\" \/><strong data-start=\"2061\" data-end=\"2079\">Tasting notes:<\/strong> Berries, almond, sweet spices<\/p>\n","protected":false},"featured_media":11648,"template":"","meta":[],"product_brand":[],"product_cat":[139],"product_tag":[],"class_list":{"0":"post-16772","1":"product","2":"type-product","3":"status-publish","4":"has-post-thumbnail","6":"product_cat-coffee","8":"first","9":"instock","10":"taxable","11":"shipping-taxable","12":"purchasable","13":"product-type-variable"},"yoast_head":"<!-- This site is optimized with the Yoast SEO plugin v25.7 - https:\/\/yoast.com\/wordpress\/plugins\/seo\/ -->\n<title>R.D.C. Bahavu LAVE - La P&#039;tite Cerise<\/title>\n<meta name=\"robots\" content=\"index, follow, max-snippet:-1, max-image-preview:large, max-video-preview:-1\" \/>\n<link rel=\"canonical\" href=\"https:\/\/la-ptite-cerise.be\/en\/produit\/bresil-fazenda-daterra-bourbon-collection-copie\/\" \/>\n<meta property=\"og:locale\" content=\"en_US\" \/>\n<meta property=\"og:type\" content=\"article\" \/>\n<meta property=\"og:title\" content=\"R.D.C. Bahavu LAVE - La P&#039;tite Cerise\" \/>\n<meta property=\"og:description\" content=\"(44\u20ac\/kg) SCA Score: 83Tasting notes: Berries, almond, sweet spices\" \/>\n<meta property=\"og:url\" content=\"https:\/\/la-ptite-cerise.be\/en\/produit\/bresil-fazenda-daterra-bourbon-collection-copie\/\" \/>\n<meta property=\"og:site_name\" content=\"La P&#039;tite Cerise\" \/>\n<meta property=\"article:publisher\" content=\"https:\/\/www.facebook.com\/laptitecerise\/\" \/>\n<meta property=\"article:modified_time\" content=\"2026-04-07T11:41:15+00:00\" \/>\n<meta property=\"og:image\" content=\"https:\/\/la-ptite-cerise.be\/wp-content\/uploads\/2021\/01\/E\u2560utiquettes-500x500px-Bahavu.png\" \/>\n\t<meta property=\"og:image:width\" content=\"500\" \/>\n\t<meta property=\"og:image:height\" content=\"500\" \/>\n\t<meta property=\"og:image:type\" content=\"image\/png\" \/>\n<meta name=\"twitter:card\" content=\"summary_large_image\" \/>\n<meta name=\"twitter:label1\" content=\"Est. reading time\" \/>\n\t<meta name=\"twitter:data1\" content=\"1 minute\" \/>\n<script type=\"application\/ld+json\" class=\"yoast-schema-graph\">{\"@context\":\"https:\/\/schema.org\",\"@graph\":[{\"@type\":\"WebPage\",\"@id\":\"https:\/\/la-ptite-cerise.be\/en\/produit\/bresil-fazenda-daterra-bourbon-collection-copie\/\",\"url\":\"https:\/\/la-ptite-cerise.be\/en\/produit\/bresil-fazenda-daterra-bourbon-collection-copie\/\",\"name\":\"R.D.C. Bahavu LAVE - La P&#039;tite Cerise\",\"isPartOf\":{\"@id\":\"https:\/\/la-ptite-cerise.be\/#website\"},\"primaryImageOfPage\":{\"@id\":\"https:\/\/la-ptite-cerise.be\/en\/produit\/bresil-fazenda-daterra-bourbon-collection-copie\/#primaryimage\"},\"image\":{\"@id\":\"https:\/\/la-ptite-cerise.be\/en\/produit\/bresil-fazenda-daterra-bourbon-collection-copie\/#primaryimage\"},\"thumbnailUrl\":\"https:\/\/la-ptite-cerise.be\/wp-content\/uploads\/2021\/01\/E\u2560utiquettes-500x500px-Bahavu.png\",\"datePublished\":\"2026-04-07T11:28:01+00:00\",\"dateModified\":\"2026-04-07T11:41:15+00:00\",\"breadcrumb\":{\"@id\":\"https:\/\/la-ptite-cerise.be\/en\/produit\/bresil-fazenda-daterra-bourbon-collection-copie\/#breadcrumb\"},\"inLanguage\":\"en-US\",\"potentialAction\":[{\"@type\":\"ReadAction\",\"target\":[\"https:\/\/la-ptite-cerise.be\/en\/produit\/bresil-fazenda-daterra-bourbon-collection-copie\/\"]}]},{\"@type\":\"ImageObject\",\"inLanguage\":\"en-US\",\"@id\":\"https:\/\/la-ptite-cerise.be\/en\/produit\/bresil-fazenda-daterra-bourbon-collection-copie\/#primaryimage\",\"url\":\"https:\/\/la-ptite-cerise.be\/wp-content\/uploads\/2021\/01\/E\u2560utiquettes-500x500px-Bahavu.png\",\"contentUrl\":\"https:\/\/la-ptite-cerise.be\/wp-content\/uploads\/2021\/01\/E\u2560utiquettes-500x500px-Bahavu.png\",\"width\":500,\"height\":500},{\"@type\":\"BreadcrumbList\",\"@id\":\"https:\/\/la-ptite-cerise.be\/en\/produit\/bresil-fazenda-daterra-bourbon-collection-copie\/#breadcrumb\",\"itemListElement\":[{\"@type\":\"ListItem\",\"position\":1,\"name\":\"Accueil\",\"item\":\"https:\/\/la-ptite-cerise.be\/en\/\"},{\"@type\":\"ListItem\",\"position\":2,\"name\":\"Store\",\"item\":\"https:\/\/la-ptite-cerise.be\/boutique\/\"},{\"@type\":\"ListItem\",\"position\":3,\"name\":\"R.D.C. Bahavu LAVE\"}]},{\"@type\":\"WebSite\",\"@id\":\"https:\/\/la-ptite-cerise.be\/#website\",\"url\":\"https:\/\/la-ptite-cerise.be\/\",\"name\":\"La P'tite Cerise\",\"description\":\"Artisan torr\u00e9facteur de caf\u00e9 de sp\u00e9cialit\u00e9. S\u00e9lection de th\u00e9s &amp; tisanes.\",\"publisher\":{\"@id\":\"https:\/\/la-ptite-cerise.be\/#organization\"},\"potentialAction\":[{\"@type\":\"SearchAction\",\"target\":{\"@type\":\"EntryPoint\",\"urlTemplate\":\"https:\/\/la-ptite-cerise.be\/?s={search_term_string}\"},\"query-input\":{\"@type\":\"PropertyValueSpecification\",\"valueRequired\":true,\"valueName\":\"search_term_string\"}}],\"inLanguage\":\"en-US\"},{\"@type\":\"Organization\",\"@id\":\"https:\/\/la-ptite-cerise.be\/#organization\",\"name\":\"La P'tite Cerise\",\"url\":\"https:\/\/la-ptite-cerise.be\/\",\"logo\":{\"@type\":\"ImageObject\",\"inLanguage\":\"en-US\",\"@id\":\"https:\/\/la-ptite-cerise.be\/#\/schema\/logo\/image\/\",\"url\":\"https:\/\/la-ptite-cerise.be\/wp-content\/uploads\/2020\/10\/logo-header-01.jpg\",\"contentUrl\":\"https:\/\/la-ptite-cerise.be\/wp-content\/uploads\/2020\/10\/logo-header-01.jpg\",\"width\":176,\"height\":100,\"caption\":\"La P'tite Cerise\"},\"image\":{\"@id\":\"https:\/\/la-ptite-cerise.be\/#\/schema\/logo\/image\/\"},\"sameAs\":[\"https:\/\/www.facebook.com\/laptitecerise\/\",\"https:\/\/www.instagram.com\/la.ptite_cerise\/\"]}]}<\/script>\n<!-- \/ Yoast SEO plugin. -->","yoast_head_json":{"title":"R.D.C. Bahavu LAVE - La P&#039;tite Cerise","robots":{"index":"index","follow":"follow","max-snippet":"max-snippet:-1","max-image-preview":"max-image-preview:large","max-video-preview":"max-video-preview:-1"},"canonical":"https:\/\/la-ptite-cerise.be\/en\/produit\/bresil-fazenda-daterra-bourbon-collection-copie\/","og_locale":"en_US","og_type":"article","og_title":"R.D.C. Bahavu LAVE - La P&#039;tite Cerise","og_description":"(44\u20ac\/kg) SCA Score: 83Tasting notes: Berries, almond, sweet spices","og_url":"https:\/\/la-ptite-cerise.be\/en\/produit\/bresil-fazenda-daterra-bourbon-collection-copie\/","og_site_name":"La P&#039;tite Cerise","article_publisher":"https:\/\/www.facebook.com\/laptitecerise\/","article_modified_time":"2026-04-07T11:41:15+00:00","og_image":[{"width":500,"height":500,"url":"https:\/\/la-ptite-cerise.be\/wp-content\/uploads\/2021\/01\/E\u2560utiquettes-500x500px-Bahavu.png","type":"image\/png"}],"twitter_card":"summary_large_image","twitter_misc":{"Est. reading time":"1 minute"},"schema":{"@context":"https:\/\/schema.org","@graph":[{"@type":"WebPage","@id":"https:\/\/la-ptite-cerise.be\/en\/produit\/bresil-fazenda-daterra-bourbon-collection-copie\/","url":"https:\/\/la-ptite-cerise.be\/en\/produit\/bresil-fazenda-daterra-bourbon-collection-copie\/","name":"R.D.C. Bahavu LAVE - La P&#039;tite Cerise","isPartOf":{"@id":"https:\/\/la-ptite-cerise.be\/#website"},"primaryImageOfPage":{"@id":"https:\/\/la-ptite-cerise.be\/en\/produit\/bresil-fazenda-daterra-bourbon-collection-copie\/#primaryimage"},"image":{"@id":"https:\/\/la-ptite-cerise.be\/en\/produit\/bresil-fazenda-daterra-bourbon-collection-copie\/#primaryimage"},"thumbnailUrl":"https:\/\/la-ptite-cerise.be\/wp-content\/uploads\/2021\/01\/E\u2560utiquettes-500x500px-Bahavu.png","datePublished":"2026-04-07T11:28:01+00:00","dateModified":"2026-04-07T11:41:15+00:00","breadcrumb":{"@id":"https:\/\/la-ptite-cerise.be\/en\/produit\/bresil-fazenda-daterra-bourbon-collection-copie\/#breadcrumb"},"inLanguage":"en-US","potentialAction":[{"@type":"ReadAction","target":["https:\/\/la-ptite-cerise.be\/en\/produit\/bresil-fazenda-daterra-bourbon-collection-copie\/"]}]},{"@type":"ImageObject","inLanguage":"en-US","@id":"https:\/\/la-ptite-cerise.be\/en\/produit\/bresil-fazenda-daterra-bourbon-collection-copie\/#primaryimage","url":"https:\/\/la-ptite-cerise.be\/wp-content\/uploads\/2021\/01\/E\u2560utiquettes-500x500px-Bahavu.png","contentUrl":"https:\/\/la-ptite-cerise.be\/wp-content\/uploads\/2021\/01\/E\u2560utiquettes-500x500px-Bahavu.png","width":500,"height":500},{"@type":"BreadcrumbList","@id":"https:\/\/la-ptite-cerise.be\/en\/produit\/bresil-fazenda-daterra-bourbon-collection-copie\/#breadcrumb","itemListElement":[{"@type":"ListItem","position":1,"name":"Accueil","item":"https:\/\/la-ptite-cerise.be\/en\/"},{"@type":"ListItem","position":2,"name":"Store","item":"https:\/\/la-ptite-cerise.be\/boutique\/"},{"@type":"ListItem","position":3,"name":"R.D.C. Bahavu LAVE"}]},{"@type":"WebSite","@id":"https:\/\/la-ptite-cerise.be\/#website","url":"https:\/\/la-ptite-cerise.be\/","name":"La P'tite Cerise","description":"Artisan torr\u00e9facteur de caf\u00e9 de sp\u00e9cialit\u00e9. S\u00e9lection de th\u00e9s &amp; tisanes.","publisher":{"@id":"https:\/\/la-ptite-cerise.be\/#organization"},"potentialAction":[{"@type":"SearchAction","target":{"@type":"EntryPoint","urlTemplate":"https:\/\/la-ptite-cerise.be\/?s={search_term_string}"},"query-input":{"@type":"PropertyValueSpecification","valueRequired":true,"valueName":"search_term_string"}}],"inLanguage":"en-US"},{"@type":"Organization","@id":"https:\/\/la-ptite-cerise.be\/#organization","name":"La P'tite Cerise","url":"https:\/\/la-ptite-cerise.be\/","logo":{"@type":"ImageObject","inLanguage":"en-US","@id":"https:\/\/la-ptite-cerise.be\/#\/schema\/logo\/image\/","url":"https:\/\/la-ptite-cerise.be\/wp-content\/uploads\/2020\/10\/logo-header-01.jpg","contentUrl":"https:\/\/la-ptite-cerise.be\/wp-content\/uploads\/2020\/10\/logo-header-01.jpg","width":176,"height":100,"caption":"La P'tite Cerise"},"image":{"@id":"https:\/\/la-ptite-cerise.be\/#\/schema\/logo\/image\/"},"sameAs":["https:\/\/www.facebook.com\/laptitecerise\/","https:\/\/www.instagram.com\/la.ptite_cerise\/"]}]}},"_links":{"self":[{"href":"https:\/\/la-ptite-cerise.be\/en\/wp-json\/wp\/v2\/product\/16772","targetHints":{"allow":["GET"]}}],"collection":[{"href":"https:\/\/la-ptite-cerise.be\/en\/wp-json\/wp\/v2\/product"}],"about":[{"href":"https:\/\/la-ptite-cerise.be\/en\/wp-json\/wp\/v2\/types\/product"}],"wp:featuredmedia":[{"embeddable":true,"href":"https:\/\/la-ptite-cerise.be\/en\/wp-json\/wp\/v2\/media\/11648"}],"wp:attachment":[{"href":"https:\/\/la-ptite-cerise.be\/en\/wp-json\/wp\/v2\/media?parent=16772"}],"wp:term":[{"taxonomy":"product_brand","embeddable":true,"href":"https:\/\/la-ptite-cerise.be\/en\/wp-json\/wp\/v2\/product_brand?post=16772"},{"taxonomy":"product_cat","embeddable":true,"href":"https:\/\/la-ptite-cerise.be\/en\/wp-json\/wp\/v2\/product_cat?post=16772"},{"taxonomy":"product_tag","embeddable":true,"href":"https:\/\/la-ptite-cerise.be\/en\/wp-json\/wp\/v2\/product_tag?post=16772"}],"curies":[{"name":"wp","href":"https:\/\/api.w.org\/{rel}","templated":true}]}}