{"id":16904,"date":"2026-04-08T14:29:49","date_gmt":"2026-04-08T12:29:49","guid":{"rendered":"https:\/\/la-ptite-cerise.be\/?post_type=product&#038;p=16904"},"modified":"2026-04-08T14:37:25","modified_gmt":"2026-04-08T12:37:25","slug":"burundi-inzahabu-mukingiro-nature-copie-2","status":"publish","type":"product","link":"https:\/\/la-ptite-cerise.be\/en\/produit\/burundi-inzahabu-mukingiro-nature-copie-2\/","title":{"rendered":"COSTA RICA Fuego LAVE"},"content":{"rendered":"<h2 data-section-id=\"gq97jl\" data-start=\"3427\" data-end=\"3477\">Fuego \u2013 A clean washed coffee from Tarraz\u00fa<\/h2>\n<h3 data-section-id=\"1msn0m2\" data-start=\"3479\" data-end=\"3498\">Technical sheet<\/h3>\n<p data-start=\"3500\" data-end=\"3589\"><strong data-start=\"3500\" data-end=\"3511\">Origin:<\/strong> Costa Rica<br data-start=\"3522\" data-end=\"3525\" \/><strong data-start=\"3525\" data-end=\"3536\">Region:<\/strong> Tarraz\u00fa \u2013 San Jos\u00e9<br data-start=\"3555\" data-end=\"3558\" \/><strong data-start=\"3558\" data-end=\"3567\">Mill:<\/strong> Cordillera de Fuego<\/p>\n<p data-start=\"3591\" data-end=\"3622\"><strong data-start=\"3591\" data-end=\"3604\">Altitude:<\/strong> 1,700 \u2013 2,000 m<\/p>\n<p data-start=\"3624\" data-end=\"3679\"><strong data-start=\"3624\" data-end=\"3636\">Species:<\/strong> Arabica<br data-start=\"3644\" data-end=\"3647\" \/><strong data-start=\"3647\" data-end=\"3661\">Varieties:<\/strong> Catuai, Caturra<\/p>\n<p data-start=\"3681\" data-end=\"3702\"><strong data-start=\"3681\" data-end=\"3693\">Process:<\/strong> Washed<\/p>\n<p data-start=\"3704\" data-end=\"3736\"><strong data-start=\"3704\" data-end=\"3716\">Harvest:<\/strong> December to March<\/p>\n<p data-start=\"3738\" data-end=\"3782\"><strong data-start=\"3738\" data-end=\"3750\">Picking:<\/strong> Manual \u2013 three picking rounds<\/p>\n<p data-start=\"3784\" data-end=\"3909\"><strong data-start=\"3784\" data-end=\"3801\">Fermentation:<\/strong> Cherries kept for 24 hours before depulping in tanks<br data-start=\"3854\" data-end=\"3857\" \/><strong data-start=\"3857\" data-end=\"3868\">Drying:<\/strong> Raised beds in fully shaded conditions<\/p>\n<p data-start=\"3911\" data-end=\"3954\"><strong data-start=\"3911\" data-end=\"3929\">Roast profile:<\/strong> Omni (filter &amp; espresso)<\/p>\n<p data-start=\"3956\" data-end=\"4026\"><strong data-start=\"3956\" data-end=\"3970\">SCA Score:<\/strong> 83<br data-start=\"3973\" data-end=\"3976\" \/><strong data-start=\"3976\" data-end=\"3994\">Tasting notes:<\/strong> Milk chocolate, almond, caramel<\/p>\n<hr data-start=\"4028\" data-end=\"4031\" \/>\n<h3 data-section-id=\"lwhdq9\" data-start=\"4033\" data-end=\"4054\">About this coffee<\/h3>\n<p data-start=\"4056\" data-end=\"4265\">This coffee comes from <strong data-start=\"4079\" data-end=\"4090\">Tarraz\u00fa<\/strong>, one of the most renowned coffee regions in Costa Rica. Located in the province of <strong data-start=\"4174\" data-end=\"4186\">San Jos\u00e9<\/strong>, the area is known for producing coffees with exceptional clarity and balance.<\/p>\n<p data-start=\"4267\" data-end=\"4612\">The coffee is processed at the <strong data-start=\"4298\" data-end=\"4326\">Cordillera de Fuego mill<\/strong>, founded by <strong data-start=\"4339\" data-end=\"4358\">Don Luis Campos<\/strong>, who acquired the farm in 1984 after graduating from university. Over the years, he has experimented with various coffee processing methods, ranging from traditional washed coffees to more experimental techniques.<\/p>\n<p data-start=\"4614\" data-end=\"4728\">For this lot, the <strong data-start=\"4632\" data-end=\"4650\">washed process<\/strong> was chosen to highlight the purity and natural characteristics of the coffee.<\/p>\n<p data-start=\"4730\" data-end=\"4986\">Ripe cherries are <strong data-start=\"4748\" data-end=\"4782\">hand-picked in multiple rounds<\/strong>, then delivered to the mill where they are <strong data-start=\"4826\" data-end=\"4875\">depulped and fermented to remove the mucilage<\/strong>. After washing, the beans are <strong data-start=\"4906\" data-end=\"4954\">dried on raised beds under shaded conditions<\/strong>, ensuring slow and even drying.<\/p>\n<p data-start=\"4988\" data-end=\"5144\">In the cup, this coffee is <strong data-start=\"5015\" data-end=\"5042\">balanced and comforting<\/strong>, with notes of <strong data-start=\"5058\" data-end=\"5096\">milk chocolate, almond and caramel<\/strong>, typical of classic washed Costa Rican coffees.<\/p>\n","protected":false},"excerpt":{"rendered":"<h4>(48\u20ac\/kg)<\/h4>\n<p data-start=\"119\" data-end=\"191\"><strong data-start=\"119\" data-end=\"133\">SCA Score:<\/strong> 83<br data-start=\"136\" data-end=\"139\" \/><strong data-start=\"139\" data-end=\"157\" data-is-only-node=\"\">Tasting notes:<\/strong> Milk chocolate, almond, caramel<\/p>\n<p data-start=\"193\" data-end=\"321\" data-is-last-node=\"\" data-is-only-node=\"\">A washed coffee from Tarraz\u00fa in Costa Rica, offering a balanced and smooth cup with notes of milk chocolate, almond and caramel.<\/p>\n","protected":false},"featured_media":17018,"template":"","meta":[],"product_brand":[],"product_cat":[139],"product_tag":[],"class_list":{"0":"post-16904","1":"product","2":"type-product","3":"status-publish","4":"has-post-thumbnail","6":"product_cat-coffee","8":"first","9":"outofstock","10":"taxable","11":"shipping-taxable","12":"purchasable","13":"product-type-variable"},"yoast_head":"<!-- This site is optimized with the Yoast SEO plugin v25.7 - https:\/\/yoast.com\/wordpress\/plugins\/seo\/ -->\n<title>COSTA RICA Fuego LAVE - La P&#039;tite Cerise<\/title>\n<meta name=\"robots\" content=\"index, follow, max-snippet:-1, max-image-preview:large, max-video-preview:-1\" \/>\n<link rel=\"canonical\" href=\"https:\/\/la-ptite-cerise.be\/en\/produit\/burundi-inzahabu-mukingiro-nature-copie-2\/\" \/>\n<meta property=\"og:locale\" content=\"en_US\" \/>\n<meta property=\"og:type\" content=\"article\" \/>\n<meta property=\"og:title\" content=\"COSTA RICA Fuego LAVE - La P&#039;tite Cerise\" \/>\n<meta property=\"og:description\" content=\"(48\u20ac\/kg) SCA Score: 83Tasting notes: Milk chocolate, almond, caramel A washed coffee from Tarraz\u00fa in Costa Rica, offering a balanced and smooth cup with notes of milk chocolate, almond and caramel.\" \/>\n<meta property=\"og:url\" content=\"https:\/\/la-ptite-cerise.be\/en\/produit\/burundi-inzahabu-mukingiro-nature-copie-2\/\" \/>\n<meta property=\"og:site_name\" content=\"La P&#039;tite Cerise\" \/>\n<meta property=\"article:publisher\" content=\"https:\/\/www.facebook.com\/laptitecerise\/\" \/>\n<meta property=\"article:modified_time\" content=\"2026-04-08T12:37:25+00:00\" \/>\n<meta name=\"twitter:card\" content=\"summary_large_image\" \/>\n<meta name=\"twitter:label1\" content=\"Est. reading time\" \/>\n\t<meta name=\"twitter:data1\" content=\"1 minute\" \/>\n<script type=\"application\/ld+json\" class=\"yoast-schema-graph\">{\"@context\":\"https:\/\/schema.org\",\"@graph\":[{\"@type\":\"WebPage\",\"@id\":\"https:\/\/la-ptite-cerise.be\/en\/produit\/burundi-inzahabu-mukingiro-nature-copie-2\/\",\"url\":\"https:\/\/la-ptite-cerise.be\/en\/produit\/burundi-inzahabu-mukingiro-nature-copie-2\/\",\"name\":\"COSTA RICA Fuego LAVE - La P&#039;tite Cerise\",\"isPartOf\":{\"@id\":\"https:\/\/la-ptite-cerise.be\/#website\"},\"primaryImageOfPage\":{\"@id\":\"https:\/\/la-ptite-cerise.be\/en\/produit\/burundi-inzahabu-mukingiro-nature-copie-2\/#primaryimage\"},\"image\":{\"@id\":\"https:\/\/la-ptite-cerise.be\/en\/produit\/burundi-inzahabu-mukingiro-nature-copie-2\/#primaryimage\"},\"thumbnailUrl\":\"https:\/\/la-ptite-cerise.be\/wp-content\/uploads\/2026\/04\/Etiquettes-500x500px-Fuego.png\",\"datePublished\":\"2026-04-08T12:29:49+00:00\",\"dateModified\":\"2026-04-08T12:37:25+00:00\",\"breadcrumb\":{\"@id\":\"https:\/\/la-ptite-cerise.be\/en\/produit\/burundi-inzahabu-mukingiro-nature-copie-2\/#breadcrumb\"},\"inLanguage\":\"en-US\",\"potentialAction\":[{\"@type\":\"ReadAction\",\"target\":[\"https:\/\/la-ptite-cerise.be\/en\/produit\/burundi-inzahabu-mukingiro-nature-copie-2\/\"]}]},{\"@type\":\"ImageObject\",\"inLanguage\":\"en-US\",\"@id\":\"https:\/\/la-ptite-cerise.be\/en\/produit\/burundi-inzahabu-mukingiro-nature-copie-2\/#primaryimage\",\"url\":\"https:\/\/la-ptite-cerise.be\/wp-content\/uploads\/2026\/04\/Etiquettes-500x500px-Fuego.png\",\"contentUrl\":\"https:\/\/la-ptite-cerise.be\/wp-content\/uploads\/2026\/04\/Etiquettes-500x500px-Fuego.png\",\"width\":500,\"height\":500},{\"@type\":\"BreadcrumbList\",\"@id\":\"https:\/\/la-ptite-cerise.be\/en\/produit\/burundi-inzahabu-mukingiro-nature-copie-2\/#breadcrumb\",\"itemListElement\":[{\"@type\":\"ListItem\",\"position\":1,\"name\":\"Accueil\",\"item\":\"https:\/\/la-ptite-cerise.be\/en\/\"},{\"@type\":\"ListItem\",\"position\":2,\"name\":\"Store\",\"item\":\"https:\/\/la-ptite-cerise.be\/boutique\/\"},{\"@type\":\"ListItem\",\"position\":3,\"name\":\"COSTA RICA Fuego LAVE\"}]},{\"@type\":\"WebSite\",\"@id\":\"https:\/\/la-ptite-cerise.be\/#website\",\"url\":\"https:\/\/la-ptite-cerise.be\/\",\"name\":\"La P'tite Cerise\",\"description\":\"Artisan torr\u00e9facteur de caf\u00e9 de sp\u00e9cialit\u00e9. S\u00e9lection de th\u00e9s &amp; tisanes.\",\"publisher\":{\"@id\":\"https:\/\/la-ptite-cerise.be\/#organization\"},\"potentialAction\":[{\"@type\":\"SearchAction\",\"target\":{\"@type\":\"EntryPoint\",\"urlTemplate\":\"https:\/\/la-ptite-cerise.be\/?s={search_term_string}\"},\"query-input\":{\"@type\":\"PropertyValueSpecification\",\"valueRequired\":true,\"valueName\":\"search_term_string\"}}],\"inLanguage\":\"en-US\"},{\"@type\":\"Organization\",\"@id\":\"https:\/\/la-ptite-cerise.be\/#organization\",\"name\":\"La P'tite Cerise\",\"url\":\"https:\/\/la-ptite-cerise.be\/\",\"logo\":{\"@type\":\"ImageObject\",\"inLanguage\":\"en-US\",\"@id\":\"https:\/\/la-ptite-cerise.be\/#\/schema\/logo\/image\/\",\"url\":\"https:\/\/la-ptite-cerise.be\/wp-content\/uploads\/2020\/10\/logo-header-01.jpg\",\"contentUrl\":\"https:\/\/la-ptite-cerise.be\/wp-content\/uploads\/2020\/10\/logo-header-01.jpg\",\"width\":176,\"height\":100,\"caption\":\"La P'tite Cerise\"},\"image\":{\"@id\":\"https:\/\/la-ptite-cerise.be\/#\/schema\/logo\/image\/\"},\"sameAs\":[\"https:\/\/www.facebook.com\/laptitecerise\/\",\"https:\/\/www.instagram.com\/la.ptite_cerise\/\"]}]}<\/script>\n<!-- \/ Yoast SEO plugin. -->","yoast_head_json":{"title":"COSTA RICA Fuego LAVE - La P&#039;tite Cerise","robots":{"index":"index","follow":"follow","max-snippet":"max-snippet:-1","max-image-preview":"max-image-preview:large","max-video-preview":"max-video-preview:-1"},"canonical":"https:\/\/la-ptite-cerise.be\/en\/produit\/burundi-inzahabu-mukingiro-nature-copie-2\/","og_locale":"en_US","og_type":"article","og_title":"COSTA RICA Fuego LAVE - La P&#039;tite Cerise","og_description":"(48\u20ac\/kg) SCA Score: 83Tasting notes: Milk chocolate, almond, caramel A washed coffee from Tarraz\u00fa in Costa Rica, offering a balanced and smooth cup with notes of milk chocolate, almond and caramel.","og_url":"https:\/\/la-ptite-cerise.be\/en\/produit\/burundi-inzahabu-mukingiro-nature-copie-2\/","og_site_name":"La P&#039;tite Cerise","article_publisher":"https:\/\/www.facebook.com\/laptitecerise\/","article_modified_time":"2026-04-08T12:37:25+00:00","twitter_card":"summary_large_image","twitter_misc":{"Est. reading time":"1 minute"},"schema":{"@context":"https:\/\/schema.org","@graph":[{"@type":"WebPage","@id":"https:\/\/la-ptite-cerise.be\/en\/produit\/burundi-inzahabu-mukingiro-nature-copie-2\/","url":"https:\/\/la-ptite-cerise.be\/en\/produit\/burundi-inzahabu-mukingiro-nature-copie-2\/","name":"COSTA RICA Fuego LAVE - La P&#039;tite Cerise","isPartOf":{"@id":"https:\/\/la-ptite-cerise.be\/#website"},"primaryImageOfPage":{"@id":"https:\/\/la-ptite-cerise.be\/en\/produit\/burundi-inzahabu-mukingiro-nature-copie-2\/#primaryimage"},"image":{"@id":"https:\/\/la-ptite-cerise.be\/en\/produit\/burundi-inzahabu-mukingiro-nature-copie-2\/#primaryimage"},"thumbnailUrl":"https:\/\/la-ptite-cerise.be\/wp-content\/uploads\/2026\/04\/Etiquettes-500x500px-Fuego.png","datePublished":"2026-04-08T12:29:49+00:00","dateModified":"2026-04-08T12:37:25+00:00","breadcrumb":{"@id":"https:\/\/la-ptite-cerise.be\/en\/produit\/burundi-inzahabu-mukingiro-nature-copie-2\/#breadcrumb"},"inLanguage":"en-US","potentialAction":[{"@type":"ReadAction","target":["https:\/\/la-ptite-cerise.be\/en\/produit\/burundi-inzahabu-mukingiro-nature-copie-2\/"]}]},{"@type":"ImageObject","inLanguage":"en-US","@id":"https:\/\/la-ptite-cerise.be\/en\/produit\/burundi-inzahabu-mukingiro-nature-copie-2\/#primaryimage","url":"https:\/\/la-ptite-cerise.be\/wp-content\/uploads\/2026\/04\/Etiquettes-500x500px-Fuego.png","contentUrl":"https:\/\/la-ptite-cerise.be\/wp-content\/uploads\/2026\/04\/Etiquettes-500x500px-Fuego.png","width":500,"height":500},{"@type":"BreadcrumbList","@id":"https:\/\/la-ptite-cerise.be\/en\/produit\/burundi-inzahabu-mukingiro-nature-copie-2\/#breadcrumb","itemListElement":[{"@type":"ListItem","position":1,"name":"Accueil","item":"https:\/\/la-ptite-cerise.be\/en\/"},{"@type":"ListItem","position":2,"name":"Store","item":"https:\/\/la-ptite-cerise.be\/boutique\/"},{"@type":"ListItem","position":3,"name":"COSTA RICA Fuego LAVE"}]},{"@type":"WebSite","@id":"https:\/\/la-ptite-cerise.be\/#website","url":"https:\/\/la-ptite-cerise.be\/","name":"La P'tite Cerise","description":"Artisan torr\u00e9facteur de caf\u00e9 de sp\u00e9cialit\u00e9. S\u00e9lection de th\u00e9s &amp; tisanes.","publisher":{"@id":"https:\/\/la-ptite-cerise.be\/#organization"},"potentialAction":[{"@type":"SearchAction","target":{"@type":"EntryPoint","urlTemplate":"https:\/\/la-ptite-cerise.be\/?s={search_term_string}"},"query-input":{"@type":"PropertyValueSpecification","valueRequired":true,"valueName":"search_term_string"}}],"inLanguage":"en-US"},{"@type":"Organization","@id":"https:\/\/la-ptite-cerise.be\/#organization","name":"La P'tite Cerise","url":"https:\/\/la-ptite-cerise.be\/","logo":{"@type":"ImageObject","inLanguage":"en-US","@id":"https:\/\/la-ptite-cerise.be\/#\/schema\/logo\/image\/","url":"https:\/\/la-ptite-cerise.be\/wp-content\/uploads\/2020\/10\/logo-header-01.jpg","contentUrl":"https:\/\/la-ptite-cerise.be\/wp-content\/uploads\/2020\/10\/logo-header-01.jpg","width":176,"height":100,"caption":"La P'tite Cerise"},"image":{"@id":"https:\/\/la-ptite-cerise.be\/#\/schema\/logo\/image\/"},"sameAs":["https:\/\/www.facebook.com\/laptitecerise\/","https:\/\/www.instagram.com\/la.ptite_cerise\/"]}]}},"_links":{"self":[{"href":"https:\/\/la-ptite-cerise.be\/en\/wp-json\/wp\/v2\/product\/16904","targetHints":{"allow":["GET"]}}],"collection":[{"href":"https:\/\/la-ptite-cerise.be\/en\/wp-json\/wp\/v2\/product"}],"about":[{"href":"https:\/\/la-ptite-cerise.be\/en\/wp-json\/wp\/v2\/types\/product"}],"wp:featuredmedia":[{"embeddable":true,"href":"https:\/\/la-ptite-cerise.be\/en\/wp-json\/wp\/v2\/media\/17018"}],"wp:attachment":[{"href":"https:\/\/la-ptite-cerise.be\/en\/wp-json\/wp\/v2\/media?parent=16904"}],"wp:term":[{"taxonomy":"product_brand","embeddable":true,"href":"https:\/\/la-ptite-cerise.be\/en\/wp-json\/wp\/v2\/product_brand?post=16904"},{"taxonomy":"product_cat","embeddable":true,"href":"https:\/\/la-ptite-cerise.be\/en\/wp-json\/wp\/v2\/product_cat?post=16904"},{"taxonomy":"product_tag","embeddable":true,"href":"https:\/\/la-ptite-cerise.be\/en\/wp-json\/wp\/v2\/product_tag?post=16904"}],"curies":[{"name":"wp","href":"https:\/\/api.w.org\/{rel}","templated":true}]}}